{"id":42093,"date":"2023-02-22T14:24:30","date_gmt":"2023-02-22T07:24:30","guid":{"rendered":"https:\/\/mouldking.store\/shop\/moc-factory-137608-micro-batcave-and-wayne-manor-the-animated-series-btas-with-2502-pieces\/"},"modified":"2025-12-16T22:25:16","modified_gmt":"2025-12-16T15:25:16","slug":"moc-factory-137608-micro-batcave-and-wayne-manor-the-animated-series-btas-with-2502-pieces","status":"publish","type":"product","link":"https:\/\/mouldking.store\/fr\/shop\/moc-factory-137608-micro-batcave-and-wayne-manor-the-animated-series-btas-with-2502-pieces\/","title":{"rendered":"MOC Factory 137608 Micro Batcave et Wayne Manor La s\u00e9rie anim\u00e9e BTAS avec 2502 pi\u00e8ces"},"content":{"rendered":"<div>\u2705 MOC-137608 Micro Batcave and Wayne Manor The Animated Series BTAS<\/p>\n<p>\u2705The Batcave is a fictional location in the DC Comics universe that serves as the secret headquarters of the superhero Batman. It is a hidden underground cave system located beneath Wayne Manor, the ancestral home of Bruce Wayne, who is Batman&#8217;s alter ego.<\/p>\n<p>\ud83d\udeabIMPORTANT !<\/p>\n<p>Product Name: Micro Batcave and Wayne Manor The Animated Series BTAS<\/p>\n<p>Cat\u00e9gorie : Film<\/p>\n<p>This Kit Contains: MOC-137608<\/p>\n<p>2502 pcs Good Quality Bricks<\/p>\n<p>Instructions PDF<\/p>\n<p>\ud83d\udcccNature du protagoniste<\/p>\n<p>Introducing our proud collection named \u201cMicro Batcave and Wayne Manor The Animated Series BTAS\u201d you should not miss.<\/p>\n<p>The Batcave is used by Batman as a secure base of operations, where he can store his equipment, vehicles, and weapons, conduct scientific research, and plan his crime-fighting strategies. It also houses his trophy room, which displays mementos from his various adventures and battles.<\/p><\/div>","protected":false},"excerpt":{"rendered":"<p>Marque : MOC Factory<br \/>\nGenre: Unisexe<br \/>\nTranche d&#039;\u00e2ge : &gt; 12 ans<br \/>\nModel Number: 137608<br \/>\nClassement : Assemblage<br \/>\nForme de bloc en plastique\u00a0: briques autobloquantes<br \/>\nMat\u00e9riel: Plastique<br \/>\nType de plastique : ABS<br \/>\nBricks Blocks: 2502 +<br \/>\nTemps d&#039;arrangement\u00a0: 4 \u00e0 8\u00a0semaines<\/p>","protected":false},"featured_media":42090,"comment_status":"open","ping_status":"closed","template":"","meta":{"_acf_changed":false},"product_cat":[1395,390,581,1408],"product_tag":[11397,11398,4883,392,434],"class_list":["product","first","instock","shipping-taxable","purchasable","product-type-simple"],"acf":[],"_links":{"self":[{"href":"https:\/\/mouldking.store\/fr\/wp-json\/wp\/v2\/product\/42093","targetHints":{"allow":["GET"]}}],"collection":[{"href":"https:\/\/mouldking.store\/fr\/wp-json\/wp\/v2\/product"}],"about":[{"href":"https:\/\/mouldking.store\/fr\/wp-json\/wp\/v2\/types\/product"}],"replies":[{"embeddable":true,"href":"https:\/\/mouldking.store\/fr\/wp-json\/wp\/v2\/comments?post=42093"}],"wp:featuredmedia":[{"embeddable":true,"href":"https:\/\/mouldking.store\/fr\/wp-json\/wp\/v2\/media\/42090"}],"wp:attachment":[{"href":"https:\/\/mouldking.store\/fr\/wp-json\/wp\/v2\/media?parent=42093"}],"wp:term":[{"taxonomy":"product_cat","embeddable":true,"href":"https:\/\/mouldking.store\/fr\/wp-json\/wp\/v2\/product_cat?post=42093"},{"taxonomy":"product_tag","embeddable":true,"href":"https:\/\/mouldking.store\/fr\/wp-json\/wp\/v2\/product_tag?post=42093"}],"curies":[{"name":"wp","href":"https:\/\/api.w.org\/{rel}","templated":true}]}}