{"id":42099,"date":"2023-02-22T14:42:17","date_gmt":"2023-02-22T07:42:17","guid":{"rendered":"https:\/\/mouldking.store\/shop\/sembo-609307-digimon-light-yagami-with-292-pieces\/"},"modified":"2023-03-10T10:47:29","modified_gmt":"2023-03-10T03:47:29","slug":"sembo-609307-digimon-light-yagami-with-292-pieces","status":"publish","type":"product","link":"https:\/\/mouldking.store\/fr\/shop\/sembo-609307-digimon-light-yagami-with-292-pieces\/","title":{"rendered":"SEMBO 609307 Digimon : Light Yagami avec 292 pi\u00e8ces"},"content":{"rendered":"<div>\u2705SEMBO 609307 Digimon: Light Yagami<br \/>&nbsp;<br \/>\u2705Digimon Adventure est une s\u00e9rie t\u00e9l\u00e9vis\u00e9e anim\u00e9e japonaise et une franchise m\u00e9diatique cr\u00e9\u00e9e par Akiyoshi Hongo et produite par Toei Animation. La franchise a commenc\u00e9 en 1997 avec la sortie du premier appareil virtuel pour animaux de compagnie Digimon, et s&#039;est depuis \u00e9tendue pour inclure des s\u00e9ries anim\u00e9es, des films, des mangas, des jeux vid\u00e9o et d&#039;autres m\u00e9dias.<br \/>&nbsp;<br \/>\ud83d\udeabIMPORTANT !&nbsp;<br \/>&nbsp;<br \/>Product Name: Digimon: Light Yagami<\/p>\n<p>Cat\u00e9gorie\u00a0: Cr\u00e9ateur&nbsp;<br \/>&nbsp;<br \/>This Kit Contains: SEMBO 609307&nbsp;<br \/>&nbsp;<br \/>292 pcs Good Quality Bricks&nbsp;<br \/>&nbsp;<br \/>Size: 9.4 \u00d7 7.4 \u00d7 13.2 cm<br \/>&nbsp;<br \/>Instructions manuelles&nbsp;<br \/>&nbsp;<br \/>\ud83d\udcccNature du protagoniste&nbsp;<br \/>&nbsp;<br \/>Introducing our proud collection named \u201cDigimon: Light Yagami\u201d you should not miss.&nbsp;<br \/>&nbsp;<br \/>La s\u00e9rie anim\u00e9e originale Digimon Adventure a \u00e9t\u00e9 diffus\u00e9e de 1999 \u00e0 2000 et suit les aventures d&#039;un groupe d&#039;enfants qui sont transport\u00e9s dans un monde num\u00e9rique, o\u00f9 ils rencontrent et s&#039;associent \u00e0 des monstres num\u00e9riques connus sous le nom de &quot;Digimon&quot; pour combattre les forces du mal et sauver \u00e0 la fois le num\u00e9rique. et mondes humains.<\/div>","protected":false},"excerpt":{"rendered":"<p>Marque : SEMBO<br \/>\nGenre: Unisexe<br \/>\nTranche d&#039;\u00e2ge : &gt; 6 ans<br \/>\nModel Number: 609307<br \/>\nClassement : Assemblage<br \/>\nForme de bloc en plastique\u00a0: briques autobloquantes<br \/>\nMat\u00e9riel: Plastique<br \/>\nType de plastique : ABS<br \/>\nBricks Blocks: 292 +<br \/>\nPr\u00e9vente<\/p>","protected":false},"featured_media":42097,"comment_status":"open","ping_status":"closed","template":"","meta":{"_acf_changed":false},"product_cat":[1365,371],"product_tag":[6470,11072,8452,11399,11401],"class_list":["product","first","outofstock","shipping-taxable","purchasable","product-type-simple"],"acf":[],"_links":{"self":[{"href":"https:\/\/mouldking.store\/fr\/wp-json\/wp\/v2\/product\/42099","targetHints":{"allow":["GET"]}}],"collection":[{"href":"https:\/\/mouldking.store\/fr\/wp-json\/wp\/v2\/product"}],"about":[{"href":"https:\/\/mouldking.store\/fr\/wp-json\/wp\/v2\/types\/product"}],"replies":[{"embeddable":true,"href":"https:\/\/mouldking.store\/fr\/wp-json\/wp\/v2\/comments?post=42099"}],"wp:featuredmedia":[{"embeddable":true,"href":"https:\/\/mouldking.store\/fr\/wp-json\/wp\/v2\/media\/42097"}],"wp:attachment":[{"href":"https:\/\/mouldking.store\/fr\/wp-json\/wp\/v2\/media?parent=42099"}],"wp:term":[{"taxonomy":"product_cat","embeddable":true,"href":"https:\/\/mouldking.store\/fr\/wp-json\/wp\/v2\/product_cat?post=42099"},{"taxonomy":"product_tag","embeddable":true,"href":"https:\/\/mouldking.store\/fr\/wp-json\/wp\/v2\/product_tag?post=42099"}],"curies":[{"name":"wp","href":"https:\/\/api.w.org\/{rel}","templated":true}]}}