{"id":42120,"date":"2023-02-22T15:13:41","date_gmt":"2023-02-22T08:13:41","guid":{"rendered":"https:\/\/mouldking.store\/shop\/jiestar-92034-new-century-gpx-high-intelligence-formula-isuzak-008-with-773-pieces\/"},"modified":"2023-02-22T15:13:41","modified_gmt":"2023-02-22T08:13:41","slug":"jiestar-92034-new-century-gpx-high-intelligence-formula-isuzak-008-with-773-pieces","status":"publish","type":"product","link":"https:\/\/mouldking.store\/fr\/shop\/jiestar-92034-new-century-gpx-high-intelligence-formula-isuzak-008-with-773-pieces\/","title":{"rendered":"JIESTAR 92034 New Century GPX High Intelligence Formula : Isuzak 008 avec 773 pi\u00e8ces"},"content":{"rendered":"<div>\u2705 JIESTAR 92034 Formule haute intelligence GPX du nouveau si\u00e8cle : Isuzak 008<br \/>&nbsp;<br \/>\u2705 &quot;New Century GPX Cyber Formula&quot; est une s\u00e9rie t\u00e9l\u00e9vis\u00e9e anim\u00e9e japonaise sur les courses de voitures futuristes \u00e0 grande vitesse. &quot;Isuzak 008&quot; est un mod\u00e8le de voiture de course qui appara\u00eet dans la s\u00e9rie anim\u00e9e. Il est con\u00e7u et construit par la soci\u00e9t\u00e9 Isuzak et est l&#039;une des voitures les plus performantes de la ligue de course Cyber Formula.<\/div>\n<div>&nbsp;<br \/>\ud83d\udeabIMPORTANT !&nbsp;<br \/>&nbsp;<br \/>Nom du produit : New Century GPX High Intelligence Formula : Isuzak 008<br \/>&nbsp;<br \/>Cat\u00e9gorie : Film<br \/>&nbsp;<br \/>Ce kit contient : JIESTAR 92034<br \/>&nbsp;<br \/>773 briques de bonne qualit\u00e9.&nbsp;<br \/>&nbsp;<br \/>Taille : 30,5 \u00d7 11,2 \u00d7 9,5 cm<br \/>&nbsp;<br \/>Instructions manuelles&nbsp;<br \/>&nbsp;<br \/>\ud83d\udcccNature du protagoniste&nbsp;<br \/>&nbsp;<br \/>Vous ne devriez pas manquer la pr\u00e9sentation de notre fi\u00e8re collection nomm\u00e9e &quot;New Century GPX High Intelligence Formula: Isuzak 008&quot;.&nbsp;<br \/>&nbsp;<br \/>Dans l&#039;anime, l&#039;Isuzak 008 est pilot\u00e9 par plusieurs personnages, dont le principal protagoniste de la s\u00e9rie, Hayato Kazami. La voiture est connue pour sa vitesse exceptionnelle, sa maniabilit\u00e9 et sa technologie de pointe, y compris un syst\u00e8me d&#039;intelligence artificielle qui aide le conducteur \u00e0 prendre des d\u00e9cisions en une fraction de seconde pendant les courses.<\/div>","protected":false},"excerpt":{"rendered":"<p>Marque : JIESTAR<br \/>\nGenre: Unisexe<br \/>\nTranche d&#039;\u00e2ge : &gt; 6 ans<br \/>\nNum\u00e9ro de mod\u00e8le: 92034<br \/>\nClassement : Assemblage<br \/>\nForme de bloc en plastique\u00a0: briques autobloquantes<br \/>\nMat\u00e9riel: Plastique<br \/>\nType de plastique : ABS<br \/>\nBlocs de briques : 773 +<br \/>\nPr\u00e9vente<\/p>","protected":false},"featured_media":42119,"comment_status":"open","ping_status":"closed","template":"","meta":{"_acf_changed":false},"product_cat":[1357,581,364,1408],"product_tag":[11407,434,389],"class_list":["product","first","instock","shipping-taxable","purchasable","product-type-simple"],"acf":[],"_links":{"self":[{"href":"https:\/\/mouldking.store\/fr\/wp-json\/wp\/v2\/product\/42120","targetHints":{"allow":["GET"]}}],"collection":[{"href":"https:\/\/mouldking.store\/fr\/wp-json\/wp\/v2\/product"}],"about":[{"href":"https:\/\/mouldking.store\/fr\/wp-json\/wp\/v2\/types\/product"}],"replies":[{"embeddable":true,"href":"https:\/\/mouldking.store\/fr\/wp-json\/wp\/v2\/comments?post=42120"}],"wp:featuredmedia":[{"embeddable":true,"href":"https:\/\/mouldking.store\/fr\/wp-json\/wp\/v2\/media\/42119"}],"wp:attachment":[{"href":"https:\/\/mouldking.store\/fr\/wp-json\/wp\/v2\/media?parent=42120"}],"wp:term":[{"taxonomy":"product_cat","embeddable":true,"href":"https:\/\/mouldking.store\/fr\/wp-json\/wp\/v2\/product_cat?post=42120"},{"taxonomy":"product_tag","embeddable":true,"href":"https:\/\/mouldking.store\/fr\/wp-json\/wp\/v2\/product_tag?post=42120"}],"curies":[{"name":"wp","href":"https:\/\/api.w.org\/{rel}","templated":true}]}}