{"id":42133,"date":"2023-02-22T18:32:33","date_gmt":"2023-02-22T11:32:33","guid":{"rendered":"https:\/\/mouldking.store\/shop\/sembo-609321-digimon-zombie-greymon-with-774-pieces\/"},"modified":"2023-03-10T10:46:59","modified_gmt":"2023-03-10T03:46:59","slug":"sembo-609321-digimon-zombie-greymon-with-774-pieces","status":"publish","type":"product","link":"https:\/\/mouldking.store\/fr\/shop\/sembo-609321-digimon-zombie-greymon-with-774-pieces\/","title":{"rendered":"SEMBO 609321 Digimon : Zombie Greymon avec 774 pi\u00e8ces"},"content":{"rendered":"<div>\u2705 SEMBO 609321 Digimon : Zombie Greymon<br \/>&nbsp;<br \/>\u2705Zombie Greymon est un personnage Digimon qui appara\u00eet dans divers m\u00e9dias de la franchise Digimon. Comme son nom l&#039;indique, Zombie Greymon est une version de l&#039;esp\u00e8ce Greymon qui a \u00e9t\u00e9 r\u00e9anim\u00e9e en tant que cr\u00e9ature mort-vivante.<br \/>&nbsp;<br \/>\ud83d\udeabIMPORTANT !&nbsp;<br \/>&nbsp;<br \/>Nom du produit : Digimon : Zombie Greymon<br \/>&nbsp;<br \/>Cat\u00e9gorie\u00a0: Cr\u00e9ateur&nbsp;<br \/>&nbsp;<br \/>Ce kit contient : SEMBO 609321<br \/>&nbsp;<br \/>774 briques de bonne qualit\u00e9.&nbsp;<br \/>&nbsp;<br \/>Instructions manuelles&nbsp;<br \/>&nbsp;<br \/>\ud83d\udcccNature du protagoniste&nbsp;<br \/>&nbsp;<br \/>Vous ne devriez pas manquer la pr\u00e9sentation de notre fi\u00e8re collection nomm\u00e9e &quot;Digimon\u00a0: Zombie Greymon&quot;.&nbsp;<br \/>&nbsp;<br \/>Zombie Greymon est g\u00e9n\u00e9ralement d\u00e9crit comme ayant une apparence squelettique pourrie avec des taches de chair en d\u00e9composition et des yeux rouges brillants. Il est souvent associ\u00e9 \u00e0 la zone sombre du monde num\u00e9rique et est connu pour ses attaques puissantes et sa capacit\u00e9 \u00e0 absorber l&#039;\u00e9nergie des adversaires.<\/div>","protected":false},"excerpt":{"rendered":"<p>Marque : SEMBO<br \/>\nGenre: Unisexe<br \/>\nTranche d&#039;\u00e2ge : &gt; 6 ans<br \/>\nNum\u00e9ro de mod\u00e8le: 609321<br \/>\nClassement : Assemblage<br \/>\nForme de bloc en plastique\u00a0: briques autobloquantes<br \/>\nMat\u00e9riel: Plastique<br \/>\nType de plastique : ABS<br \/>\nBlocs de briques : 774 +<br \/>\nPr\u00e9vente<\/p>","protected":false},"featured_media":42132,"comment_status":"open","ping_status":"closed","template":"","meta":{"_acf_changed":false},"product_cat":[1365,371],"product_tag":[6470,11072,8452,11399,11416,11415],"class_list":["product","first","outofstock","shipping-taxable","purchasable","product-type-simple"],"acf":[],"_links":{"self":[{"href":"https:\/\/mouldking.store\/fr\/wp-json\/wp\/v2\/product\/42133","targetHints":{"allow":["GET"]}}],"collection":[{"href":"https:\/\/mouldking.store\/fr\/wp-json\/wp\/v2\/product"}],"about":[{"href":"https:\/\/mouldking.store\/fr\/wp-json\/wp\/v2\/types\/product"}],"replies":[{"embeddable":true,"href":"https:\/\/mouldking.store\/fr\/wp-json\/wp\/v2\/comments?post=42133"}],"wp:featuredmedia":[{"embeddable":true,"href":"https:\/\/mouldking.store\/fr\/wp-json\/wp\/v2\/media\/42132"}],"wp:attachment":[{"href":"https:\/\/mouldking.store\/fr\/wp-json\/wp\/v2\/media?parent=42133"}],"wp:term":[{"taxonomy":"product_cat","embeddable":true,"href":"https:\/\/mouldking.store\/fr\/wp-json\/wp\/v2\/product_cat?post=42133"},{"taxonomy":"product_tag","embeddable":true,"href":"https:\/\/mouldking.store\/fr\/wp-json\/wp\/v2\/product_tag?post=42133"}],"curies":[{"name":"wp","href":"https:\/\/api.w.org\/{rel}","templated":true}]}}