{"id":42163,"date":"2023-02-23T10:31:59","date_gmt":"2023-02-23T03:31:59","guid":{"rendered":"https:\/\/mouldking.store\/shop\/lw-7013-optimus-prime-deformation-robot-with-813-pieces\/"},"modified":"2023-02-23T10:31:59","modified_gmt":"2023-02-23T03:31:59","slug":"lw-7013-optimus-prime-deformation-robot-with-813-pieces","status":"publish","type":"product","link":"https:\/\/mouldking.store\/fr\/shop\/lw-7013-optimus-prime-deformation-robot-with-813-pieces\/","title":{"rendered":"LW 7013 Robot de d\u00e9formation Optimus Prime avec 813 pi\u00e8ces"},"content":{"rendered":"<div>\u2705 Robot de d\u00e9formation Optimus Prime LW 7013<br \/>&nbsp;<br \/>\u2705Optimus Prime est un personnage fictif de la franchise Transformers, qui est \u00e0 l&#039;origine une s\u00e9rie de jouets produits par Hasbro dans les ann\u00e9es 1980. Optimus Prime est d\u00e9crit comme le chef des Autobots, un groupe de robots sensibles engag\u00e9s dans une guerre contre les m\u00e9chants Decepticons.<br \/>&nbsp;<br \/>\ud83d\udeabIMPORTANT !&nbsp;<br \/>&nbsp;<br \/>Nom du produit : Robot de d\u00e9formation Optimus Prime<br \/>&nbsp;<br \/>Cat\u00e9gorie : Film<br \/>&nbsp;<br \/>Ce kit contient : LW 7013&nbsp;<br \/>&nbsp;<br \/>813 briques de bonne qualit\u00e9.&nbsp;<br \/>&nbsp;<br \/>Taille : 21 \u00d7 29,5 cm<br \/>&nbsp;<br \/>Instructions manuelles&nbsp;<br \/>&nbsp;<br \/>\ud83d\udcccNature du protagoniste&nbsp;<br \/>&nbsp;<br \/>Vous ne devriez pas manquer la pr\u00e9sentation de notre fi\u00e8re collection nomm\u00e9e &quot;Optimus Prime Deformation Robot&quot;.&nbsp;<br \/>&nbsp;<br \/>Dans la s\u00e9rie anim\u00e9e originale Transformers, Optimus Prime \u00e9tait d\u00e9crit comme un guerrier sage et h\u00e9ro\u00efque qui s&#039;est battu sans rel\u00e2che pour d\u00e9fendre les innocents et faire respecter la justice. Il \u00e9tait souvent repr\u00e9sent\u00e9 comme une figure imposante, avec une force immense et une gamme d&#039;armes puissantes \u00e0 sa disposition. Dans des adaptations plus r\u00e9centes, y compris la s\u00e9rie de films en direct Transformers, Optimus Prime a \u00e9t\u00e9 d\u00e9crit comme un leader puissant et charismatique, farouchement d\u00e9vou\u00e9 \u00e0 ses amis et alli\u00e9s. Il est souvent d\u00e9crit comme un redoutable guerrier, capable de se transformer en une gamme de v\u00e9hicules et d&#039;armes diff\u00e9rents.<\/div>","protected":false},"excerpt":{"rendered":"<p>Marque : LW<br \/>\nGenre: Unisexe<br \/>\nTranche d&#039;\u00e2ge : &gt; 6 ans<br \/>\nNum\u00e9ro de mod\u00e8le: 7013<br \/>\nClassement : Assemblage<br \/>\nForme de bloc en plastique\u00a0: briques autobloquantes<br \/>\nMat\u00e9riel: Plastique<br \/>\nType de plastique : ABS<br \/>\nBlocs de Briques : 813 +<br \/>\nAucune bo\u00eete<\/p>","protected":false},"featured_media":42158,"comment_status":"open","ping_status":"closed","template":"","meta":{"_acf_changed":false},"product_cat":[1365,581,1408],"product_tag":[8452,11420,434,1767,1571,1768,590],"class_list":["product","first","instock","shipping-taxable","purchasable","product-type-simple"],"acf":[],"_links":{"self":[{"href":"https:\/\/mouldking.store\/fr\/wp-json\/wp\/v2\/product\/42163","targetHints":{"allow":["GET"]}}],"collection":[{"href":"https:\/\/mouldking.store\/fr\/wp-json\/wp\/v2\/product"}],"about":[{"href":"https:\/\/mouldking.store\/fr\/wp-json\/wp\/v2\/types\/product"}],"replies":[{"embeddable":true,"href":"https:\/\/mouldking.store\/fr\/wp-json\/wp\/v2\/comments?post=42163"}],"wp:featuredmedia":[{"embeddable":true,"href":"https:\/\/mouldking.store\/fr\/wp-json\/wp\/v2\/media\/42158"}],"wp:attachment":[{"href":"https:\/\/mouldking.store\/fr\/wp-json\/wp\/v2\/media?parent=42163"}],"wp:term":[{"taxonomy":"product_cat","embeddable":true,"href":"https:\/\/mouldking.store\/fr\/wp-json\/wp\/v2\/product_cat?post=42163"},{"taxonomy":"product_tag","embeddable":true,"href":"https:\/\/mouldking.store\/fr\/wp-json\/wp\/v2\/product_tag?post=42163"}],"curies":[{"name":"wp","href":"https:\/\/api.w.org\/{rel}","templated":true}]}}