{"id":42185,"date":"2023-02-23T11:27:14","date_gmt":"2023-02-23T04:27:14","guid":{"rendered":"https:\/\/mouldking.store\/shop\/moc-factory-47176-satellite-earth-station-intersputnik-with-2952-pieces\/"},"modified":"2025-12-16T22:25:15","modified_gmt":"2025-12-16T15:25:15","slug":"moc-factory-47176-satellite-earth-station-intersputnik-with-2952-pieces","status":"publish","type":"product","link":"https:\/\/mouldking.store\/fr\/shop\/moc-factory-47176-satellite-earth-station-intersputnik-with-2952-pieces\/","title":{"rendered":"MOC Factory 47176 Station terrestre satellite Interspoutnik avec 2952 pi\u00e8ces"},"content":{"rendered":"<div>\u2705 MOC-47176 Station terrienne satellite Interspoutnik<\/p>\n<p>\u2705Interspoutnik est une organisation internationale de communication par satellite qui a \u00e9t\u00e9 cr\u00e9\u00e9e par l&#039;ex-Union sovi\u00e9tique et d&#039;autres pays d&#039;Europe de l&#039;Est en 1971. Elle exploite un r\u00e9seau de stations terrestres par satellite et fournit des services mondiaux de communication par satellite \u00e0 ses pays membres et \u00e0 d&#039;autres clients du monde entier.<\/p>\n<p>\ud83d\udeabIMPORTANT !<\/p>\n<p>Nom du produit\u00a0: Station terrienne satellite Interspoutnik<\/p>\n<p>Cat\u00e9gorie : Espace<\/p>\n<p>Ce kit contient : MOC-47176<\/p>\n<p>2952 pi\u00e8ces Briques de bonne qualit\u00e9<\/p>\n<p>Instructions PDF<\/p>\n<p>\ud83d\udcccNature du protagoniste<\/p>\n<p>Vous ne devriez pas manquer la pr\u00e9sentation de notre fi\u00e8re collection nomm\u00e9e &quot;Satellite Earth Station Interspoutnik&quot;.<\/p>\n<p>Une station terrienne est un complexe d&#039;\u00e9quipements de communication par satellite qui re\u00e7oit et transmet des signaux satellites vers et depuis des satellites en orbite. Interspoutnik exploite un r\u00e9seau de stations terriennes dans les pays membres, dont la Russie, la Bi\u00e9lorussie, l&#039;Ukraine et le Kazakhstan, ainsi que dans d&#039;autres pays du monde. Ces stations terriennes fournissent une gamme de services, notamment la transmission de la voix, des donn\u00e9es et de la vid\u00e9o, la diffusion par satellite et l&#039;acc\u00e8s \u00e0 Internet.<\/p><\/div>","protected":false},"excerpt":{"rendered":"<p>Marque : MOC Factory<br \/>\nGenre: Unisexe<br \/>\nTranche d&#039;\u00e2ge : &gt; 12 ans<br \/>\nNum\u00e9ro de mod\u00e8le: 47176<br \/>\nClassement : Assemblage<br \/>\nForme de bloc en plastique\u00a0: briques autobloquantes<br \/>\nMat\u00e9riel: Plastique<br \/>\nType de plastique : ABS<br \/>\nBlocs de Briques : 2952 +<br \/>\nTemps d&#039;arrangement\u00a0: 4 \u00e0 8\u00a0semaines<\/p>","protected":false},"featured_media":42183,"comment_status":"open","ping_status":"closed","template":"","meta":{"_acf_changed":false},"product_cat":[1357,6016,364],"product_tag":[4290,11425,11424,2276,10893,2309,389],"class_list":["product","first","instock","shipping-taxable","purchasable","product-type-simple"],"acf":[],"_links":{"self":[{"href":"https:\/\/mouldking.store\/fr\/wp-json\/wp\/v2\/product\/42185","targetHints":{"allow":["GET"]}}],"collection":[{"href":"https:\/\/mouldking.store\/fr\/wp-json\/wp\/v2\/product"}],"about":[{"href":"https:\/\/mouldking.store\/fr\/wp-json\/wp\/v2\/types\/product"}],"replies":[{"embeddable":true,"href":"https:\/\/mouldking.store\/fr\/wp-json\/wp\/v2\/comments?post=42185"}],"wp:featuredmedia":[{"embeddable":true,"href":"https:\/\/mouldking.store\/fr\/wp-json\/wp\/v2\/media\/42183"}],"wp:attachment":[{"href":"https:\/\/mouldking.store\/fr\/wp-json\/wp\/v2\/media?parent=42185"}],"wp:term":[{"taxonomy":"product_cat","embeddable":true,"href":"https:\/\/mouldking.store\/fr\/wp-json\/wp\/v2\/product_cat?post=42185"},{"taxonomy":"product_tag","embeddable":true,"href":"https:\/\/mouldking.store\/fr\/wp-json\/wp\/v2\/product_tag?post=42185"}],"curies":[{"name":"wp","href":"https:\/\/api.w.org\/{rel}","templated":true}]}}