{"id":42212,"date":"2023-02-27T11:21:08","date_gmt":"2023-02-27T04:21:08","guid":{"rendered":"https:\/\/mouldking.store\/shop\/moyu-my89101-bionic-flower-star-bear-guardian-flower-with-2321-pieces\/"},"modified":"2023-02-27T11:21:08","modified_gmt":"2023-02-27T04:21:08","slug":"moyu-my89101-bionic-flower-star-bear-guardian-flower-with-2321-pieces","status":"publish","type":"product","link":"https:\/\/mouldking.store\/fr\/shop\/moyu-my89101-bionic-flower-star-bear-guardian-flower-with-2321-pieces\/","title":{"rendered":"MOYU MY89101 Fleur bionique Star Bear Guardian Flower avec 2321 pi\u00e8ces"},"content":{"rendered":"<div>\u2705 MOYU MY89101 Fleur bionique Star Bear Guardian Flower<\/p>\n<p>\u2705 La fleur gardienne de l&#039;ours \u00e9toil\u00e9 Bionic Flower appartient \u00e0 la s\u00e9rie d&#039;ensembles de blocs de construction de la Saint-Valentin, et l&#039;ensemble complet contient 2321 particules de blocs de construction. Premi\u00e8re sortie en 2023.<\/p>\n<p>\ud83d\udeabIMPORTANT !<\/p>\n<p>Nom du produit: Fleur bionique Star Bear Guardian Flower<\/p>\n<p>Cat\u00e9gorie\u00a0: Cr\u00e9ateur<\/p>\n<p>Ce kit contient : MOYU MY89101<\/p>\n<p>2321 pi\u00e8ces Briques de bonne qualit\u00e9<\/p>\n<p>Taille : 31,8 \u00d7 14,7 \u00d7 36,2 cm<\/p>\n<p>Instructions manuelles<\/p>\n<p>\ud83d\udcccNature du protagoniste<\/p>\n<p>Vous ne devriez pas manquer la pr\u00e9sentation de notre fi\u00e8re collection nomm\u00e9e &quot;Bionic Flower Star Bear Guardian Flower&quot;.<\/p>\n<p>Avec la premi\u00e8re version de la s\u00e9rie Saint-Valentin, vous pouvez cr\u00e9er un ours fleuri et \u00e9l\u00e9gant avec des capacit\u00e9s de bon augure. Il est recommand\u00e9 pour les enfants \u00e2g\u00e9s de plus de 8 ans. Il est facile \u00e0 utiliser, \u00e0 condition de comprendre comment assembler des blocs de construction.<\/p><\/div>","protected":false},"excerpt":{"rendered":"<p>Marque : MOYU<br \/>\nGenre: Unisexe<br \/>\nTranche d&#039;\u00e2ge : &gt; 8 ans<br \/>\nNum\u00e9ro de mod\u00e8le: MY89101<br \/>\nClassement : Assemblage<br \/>\nForme de bloc en plastique\u00a0: briques autobloquantes<br \/>\nMat\u00e9riel: Plastique<br \/>\nType de plastique : ABS<br \/>\nBlocs de Briques : 2321 +<br \/>\nSans bo\u00eete<\/p>","protected":false},"featured_media":42209,"comment_status":"open","ping_status":"closed","template":"","meta":{"_acf_changed":false},"product_cat":[1365,371,415],"product_tag":[2271,11428,11072,8452,11106,11429,673],"class_list":["product","first","instock","shipping-taxable","purchasable","product-type-simple"],"acf":[],"_links":{"self":[{"href":"https:\/\/mouldking.store\/fr\/wp-json\/wp\/v2\/product\/42212","targetHints":{"allow":["GET"]}}],"collection":[{"href":"https:\/\/mouldking.store\/fr\/wp-json\/wp\/v2\/product"}],"about":[{"href":"https:\/\/mouldking.store\/fr\/wp-json\/wp\/v2\/types\/product"}],"replies":[{"embeddable":true,"href":"https:\/\/mouldking.store\/fr\/wp-json\/wp\/v2\/comments?post=42212"}],"wp:featuredmedia":[{"embeddable":true,"href":"https:\/\/mouldking.store\/fr\/wp-json\/wp\/v2\/media\/42209"}],"wp:attachment":[{"href":"https:\/\/mouldking.store\/fr\/wp-json\/wp\/v2\/media?parent=42212"}],"wp:term":[{"taxonomy":"product_cat","embeddable":true,"href":"https:\/\/mouldking.store\/fr\/wp-json\/wp\/v2\/product_cat?post=42212"},{"taxonomy":"product_tag","embeddable":true,"href":"https:\/\/mouldking.store\/fr\/wp-json\/wp\/v2\/product_tag?post=42212"}],"curies":[{"name":"wp","href":"https:\/\/api.w.org\/{rel}","templated":true}]}}