{"id":42231,"date":"2023-02-27T11:49:39","date_gmt":"2023-02-27T04:49:39","guid":{"rendered":"https:\/\/mouldking.store\/shop\/mould-king-10028-doge-charger-car-with-1439-pieces\/"},"modified":"2023-02-27T11:49:39","modified_gmt":"2023-02-27T04:49:39","slug":"mould-king-10028-doge-charger-car-with-1439-pieces","status":"publish","type":"product","link":"https:\/\/mouldking.store\/fr\/shop\/mould-king-10028-doge-charger-car-with-1439-pieces\/","title":{"rendered":"MOLD KING 10028 Doge Charger Car avec 1439 pi\u00e8ces"},"content":{"rendered":"<div>\u2705 Mold King 10028 Doge chargeur de voiture&nbsp;<br \/>&nbsp;<br \/>\u2705La Dodge Charger est une muscle car \u00e0 quatre portes produite par le constructeur automobile am\u00e9ricain Dodge. Elle est en production depuis 1966 et en est actuellement \u00e0 sa septi\u00e8me g\u00e9n\u00e9ration, introduite en 2011. La Charger est connue pour ses moteurs puissants, son style audacieux et ses capacit\u00e9s de haute performance.<br \/>&nbsp;<br \/>\ud83d\udeabIMPORTANT !&nbsp;<br \/>&nbsp;<br \/>Nom du produit : chargeur de voiture Doge.&nbsp;<br \/>&nbsp;<br \/>Cat\u00e9gorie : Technique<br \/>&nbsp;<br \/>Ce kit contient : moule roi 10028&nbsp;<br \/>&nbsp;<br \/>1439 briques de bonne qualit\u00e9.&nbsp;<br \/>&nbsp;<br \/>Taille : 32 x 14,6 x 9 cm<br \/>&nbsp;<br \/>Instructions manuelles&nbsp;<br \/>&nbsp;<br \/>\ud83d\udcccNature du protagoniste&nbsp;<br \/>&nbsp;<br \/>Vous ne devriez pas manquer la pr\u00e9sentation de notre fi\u00e8re collection nomm\u00e9e &quot;Doge Charger Car&quot;.&nbsp;<br \/>&nbsp;<br \/>Aujourd&#039;hui, la Dodge Charger est toujours produite en tant que berline \u00e0 quatre portes avec une gamme d&#039;options de moteur, y compris un V6 de 3,6 litres, un V8 Hemi de 5,7 litres, un V8 de 6,4 litres et un V8 suraliment\u00e9 de 6,2 litres qui produit jusqu&#039;\u00e0 797 chevaux dans la Charger SRT Hellcat Redeye. La Charger continue d&#039;\u00eatre un choix populaire pour ceux qui recherchent une voiture puissante et \u00e9l\u00e9gante avec beaucoup d&#039;attitude.<\/div>","protected":false},"excerpt":{"rendered":"<p>Marque : MOLD KING<br \/>\nGenre: Unisexe<br \/>\nTranche d&#039;\u00e2ge : &gt; 14 ans<br \/>\nNum\u00e9ro de mod\u00e8le: 10028<br \/>\nClassement : Assemblage<br \/>\nForme de bloc en plastique\u00a0: briques autobloquantes<br \/>\nMat\u00e9riel: Plastique<br \/>\nType de plastique : ABS<br \/>\nBlocs de Briques : 1439 +<br \/>\nAucune bo\u00eete<\/p>","protected":false},"featured_media":42225,"comment_status":"open","ping_status":"closed","template":"","meta":{"_acf_changed":false},"product_cat":[1360,1357,364],"product_tag":[457,11154,389,11080],"class_list":["product","first","instock","shipping-taxable","purchasable","product-type-simple"],"acf":[],"_links":{"self":[{"href":"https:\/\/mouldking.store\/fr\/wp-json\/wp\/v2\/product\/42231","targetHints":{"allow":["GET"]}}],"collection":[{"href":"https:\/\/mouldking.store\/fr\/wp-json\/wp\/v2\/product"}],"about":[{"href":"https:\/\/mouldking.store\/fr\/wp-json\/wp\/v2\/types\/product"}],"replies":[{"embeddable":true,"href":"https:\/\/mouldking.store\/fr\/wp-json\/wp\/v2\/comments?post=42231"}],"wp:featuredmedia":[{"embeddable":true,"href":"https:\/\/mouldking.store\/fr\/wp-json\/wp\/v2\/media\/42225"}],"wp:attachment":[{"href":"https:\/\/mouldking.store\/fr\/wp-json\/wp\/v2\/media?parent=42231"}],"wp:term":[{"taxonomy":"product_cat","embeddable":true,"href":"https:\/\/mouldking.store\/fr\/wp-json\/wp\/v2\/product_cat?post=42231"},{"taxonomy":"product_tag","embeddable":true,"href":"https:\/\/mouldking.store\/fr\/wp-json\/wp\/v2\/product_tag?post=42231"}],"curies":[{"name":"wp","href":"https:\/\/api.w.org\/{rel}","templated":true}]}}