{"id":42311,"date":"2023-02-28T10:31:26","date_gmt":"2023-02-28T03:31:26","guid":{"rendered":"https:\/\/mouldking.store\/shop\/moc-factory-130443-avatar-rda-helicopter-aerospatiale-sa-2-samson-with-931-pieces\/"},"modified":"2025-12-16T22:25:15","modified_gmt":"2025-12-16T15:25:15","slug":"moc-factory-130443-avatar-rda-helicopter-aerospatiale-sa-2-samson-with-931-pieces","status":"publish","type":"product","link":"https:\/\/mouldking.store\/fr\/shop\/moc-factory-130443-avatar-rda-helicopter-aerospatiale-sa-2-samson-with-931-pieces\/","title":{"rendered":"MOC Factory 130443 Avatar RDA H\u00e9licopt\u00e8re Aerospatiale SA-2 Samson avec 931 pi\u00e8ces"},"content":{"rendered":"<div>\u2705 MOC-130443 Avatar RDA H\u00e9licopt\u00e8re Aerospatiale SA-2 Samson&nbsp;<\/p>\n<p>\u2705 L&#039;h\u00e9licopt\u00e8re Avatar RDA Aerospatiale SA-2 Samson est un h\u00e9licopt\u00e8re fictif pr\u00e9sent\u00e9 dans le film de science-fiction &quot;Avatar&quot; de 2009, r\u00e9alis\u00e9 par James Cameron.<\/p>\n<p>\ud83d\udeabIMPORTANT !<\/p>\n<p>Nom du produit : H\u00e9licopt\u00e8re Avatar RDA Aerospatiale SA-2 Samson&nbsp;<\/p>\n<p>Cat\u00e9gorie : Film<\/p>\n<p>Ce kit contient : C9279<\/p>\n<p>931 briques de bonne qualit\u00e9.<\/p>\n<p>Taille : 48 x 32 x 10 cm<\/p>\n<p>Poids\u00a0: 0,93\u00a0kg<\/p>\n<p>Instructions PDF<\/p>\n<p>\ud83d\udcccNature du protagoniste<\/p>\n<p>Vous ne devriez pas manquer la pr\u00e9sentation de notre fi\u00e8re collection nomm\u00e9e &quot;Avatar RDA Helicopter Aerospatiale SA-2 Samson&quot;.<\/p>\n<p>Le SA-2 Samson a un design distinctif, avec deux rotors mont\u00e9s sur un fuselage \u00e9lanc\u00e9. L&#039;h\u00e9licopt\u00e8re est capable de transporter de grandes charges utiles, y compris des conteneurs de fret et de la machinerie lourde, et peut fonctionner dans une vari\u00e9t\u00e9 d&#039;environnements, y compris les for\u00eats, les montagnes et les mar\u00e9cages. Il est \u00e9galement \u00e9quip\u00e9 de capteurs et d&#039;\u00e9quipements de communication avanc\u00e9s, qui lui permettent de naviguer sur le terrain dangereux de Pandora et de rester en contact avec les \u00e9quipes au sol de la RDA.<\/p><\/div>","protected":false},"excerpt":{"rendered":"<p>Marque : MOC Factory<br \/>\nGenre: Unisexe<br \/>\nTranche d&#039;\u00e2ge : &gt; 8 ans<br \/>\nNum\u00e9ro de mod\u00e8le: 130443<br \/>\nClassement : Assemblage<br \/>\nForme de bloc en plastique\u00a0: briques autobloquantes<br \/>\nMat\u00e9riel: Plastique<br \/>\nType de plastique : ABS<br \/>\nBlocs de Briques : 931 +<br \/>\nAucune bo\u00eete<\/p>","protected":false},"featured_media":42305,"comment_status":"open","ping_status":"closed","template":"","meta":{"_acf_changed":false},"product_cat":[1350,1357,372,581,364,1408],"product_tag":[2913,9139,5298,374,434,389],"class_list":["product","first","instock","shipping-taxable","purchasable","product-type-simple"],"acf":[],"_links":{"self":[{"href":"https:\/\/mouldking.store\/fr\/wp-json\/wp\/v2\/product\/42311","targetHints":{"allow":["GET"]}}],"collection":[{"href":"https:\/\/mouldking.store\/fr\/wp-json\/wp\/v2\/product"}],"about":[{"href":"https:\/\/mouldking.store\/fr\/wp-json\/wp\/v2\/types\/product"}],"replies":[{"embeddable":true,"href":"https:\/\/mouldking.store\/fr\/wp-json\/wp\/v2\/comments?post=42311"}],"wp:featuredmedia":[{"embeddable":true,"href":"https:\/\/mouldking.store\/fr\/wp-json\/wp\/v2\/media\/42305"}],"wp:attachment":[{"href":"https:\/\/mouldking.store\/fr\/wp-json\/wp\/v2\/media?parent=42311"}],"wp:term":[{"taxonomy":"product_cat","embeddable":true,"href":"https:\/\/mouldking.store\/fr\/wp-json\/wp\/v2\/product_cat?post=42311"},{"taxonomy":"product_tag","embeddable":true,"href":"https:\/\/mouldking.store\/fr\/wp-json\/wp\/v2\/product_tag?post=42311"}],"curies":[{"name":"wp","href":"https:\/\/api.w.org\/{rel}","templated":true}]}}