{"id":42321,"date":"2023-02-28T11:01:34","date_gmt":"2023-02-28T04:01:34","guid":{"rendered":"https:\/\/mouldking.store\/shop\/moc-factory-68390-saturn-ib-with-891-pieces\/"},"modified":"2025-12-16T22:25:15","modified_gmt":"2025-12-16T15:25:15","slug":"moc-factory-68390-saturn-ib-with-891-pieces","status":"publish","type":"product","link":"https:\/\/mouldking.store\/fr\/shop\/moc-factory-68390-saturn-ib-with-891-pieces\/","title":{"rendered":"MOC Factory 68390 Saturn IB avec 891 pi\u00e8ces"},"content":{"rendered":"<div>\u2705 MOC-68390 Saturne IB<\/p>\n<p>\u2705Le Saturn IB \u00e9tait un lanceur am\u00e9ricain utilis\u00e9 par la NASA dans les ann\u00e9es 1960 et 1970 dans le cadre du programme Apollo. Il s&#039;agissait d&#039;une version plus petite de la plus grande fus\u00e9e Saturn V, qui a \u00e9t\u00e9 utilis\u00e9e pour lancer le vaisseau spatial Apollo qui a transport\u00e9 des astronautes sur la Lune.<\/p>\n<p>\ud83d\udeabIMPORTANT !<\/p>\n<p>Nom du produit : Saturn IB<\/p>\n<p>Cat\u00e9gorie : Espace<\/p>\n<p>Ce kit contient : C9299<\/p>\n<p>891 briques de bonne qualit\u00e9.<\/p>\n<p>Taille : 75 x 10 x 11 cm<\/p>\n<p>Poids\u00a0: 1,16\u00a0kg<\/p>\n<p>Instructions PDF<\/p>\n<p>\ud83d\udcccNature du protagoniste<\/p>\n<p>Vous ne devriez pas manquer la pr\u00e9sentation de notre fi\u00e8re collection nomm\u00e9e &quot;Saturn IB&quot;.<\/p>\n<p>Le Saturn IB a \u00e9t\u00e9 con\u00e7u pour \u00eatre utilis\u00e9 pour des missions en orbite terrestre basse, telles que des vols en \u00e9quipage vers la station spatiale Skylab et le projet d&#039;essai Apollo-Soyouz. Il a \u00e9galement \u00e9t\u00e9 utilis\u00e9 pour plusieurs vols d&#039;essai sans \u00e9quipage du vaisseau spatial Apollo, ainsi que pour la mission Apollo 7 avec \u00e9quipage. Le Saturn IB mesurait 141 pieds (43 m\u00e8tres) de haut et \u00e9tait aliment\u00e9 par une combinaison d&#039;oxyg\u00e8ne liquide et de k\u00e9ros\u00e8ne. Il avait deux \u00e9tages, le premier \u00e9tage utilisant huit moteurs Rocketdyne H-1 et le deuxi\u00e8me \u00e9tage utilisant un seul moteur Rocketdyne J-2. La fus\u00e9e \u00e9tait capable de soulever jusqu&#039;\u00e0 46 000 livres (21 000 kilogrammes) en orbite terrestre basse.<\/p><\/div>","protected":false},"excerpt":{"rendered":"<p>Marque : MOC Factory<br \/>\nGenre: Unisexe<br \/>\nTranche d&#039;\u00e2ge : &gt; 8 ans<br \/>\nNum\u00e9ro de mod\u00e8le: 68390<br \/>\nClassement : Assemblage<br \/>\nForme de bloc en plastique\u00a0: briques autobloquantes<br \/>\nMat\u00e9riel: Plastique<br \/>\nType de plastique : ABS<br \/>\nBlocs de briques : 891 +<br \/>\nAucune bo\u00eete<\/p>","protected":false},"featured_media":42314,"comment_status":"open","ping_status":"closed","template":"","meta":{"_acf_changed":false},"product_cat":[1357,6016,364],"product_tag":[6111,11439,11438,2276,389],"class_list":["product","first","instock","shipping-taxable","purchasable","product-type-simple"],"acf":[],"_links":{"self":[{"href":"https:\/\/mouldking.store\/fr\/wp-json\/wp\/v2\/product\/42321","targetHints":{"allow":["GET"]}}],"collection":[{"href":"https:\/\/mouldking.store\/fr\/wp-json\/wp\/v2\/product"}],"about":[{"href":"https:\/\/mouldking.store\/fr\/wp-json\/wp\/v2\/types\/product"}],"replies":[{"embeddable":true,"href":"https:\/\/mouldking.store\/fr\/wp-json\/wp\/v2\/comments?post=42321"}],"wp:featuredmedia":[{"embeddable":true,"href":"https:\/\/mouldking.store\/fr\/wp-json\/wp\/v2\/media\/42314"}],"wp:attachment":[{"href":"https:\/\/mouldking.store\/fr\/wp-json\/wp\/v2\/media?parent=42321"}],"wp:term":[{"taxonomy":"product_cat","embeddable":true,"href":"https:\/\/mouldking.store\/fr\/wp-json\/wp\/v2\/product_cat?post=42321"},{"taxonomy":"product_tag","embeddable":true,"href":"https:\/\/mouldking.store\/fr\/wp-json\/wp\/v2\/product_tag?post=42321"}],"curies":[{"name":"wp","href":"https:\/\/api.w.org\/{rel}","templated":true}]}}