{"id":42332,"date":"2023-02-28T14:13:46","date_gmt":"2023-02-28T07:13:46","guid":{"rendered":"https:\/\/mouldking.store\/shop\/moc-factory-99581-vulcan-centaur-with-1355-pieces\/"},"modified":"2025-12-16T22:25:15","modified_gmt":"2025-12-16T15:25:15","slug":"moc-factory-99581-vulcan-centaur-with-1355-pieces","status":"publish","type":"product","link":"https:\/\/mouldking.store\/fr\/shop\/moc-factory-99581-vulcan-centaur-with-1355-pieces\/","title":{"rendered":"MOC Factory 99581 Centaure Vulcain avec 1355 Pi\u00e8ces"},"content":{"rendered":"<div>\u2705MOC-99581 Centaure Vulcain<\/p>\n<p>\u2705Le Vulcan Centaur est une fus\u00e9e lourde d\u00e9velopp\u00e9e par United Launch Alliance (ULA), une joint-venture entre Lockheed Martin et Boeing, pour une utilisation dans le lancement d&#039;une vari\u00e9t\u00e9 de charges utiles dans l&#039;espace.<\/p>\n<p>\ud83d\udeabIMPORTANT !<\/p>\n<p>Nom du produit : Centaure vulcain<\/p>\n<p>Cat\u00e9gorie : Espace<\/p>\n<p>Ce kit contient : C9301<\/p>\n<p>1355 briques de bonne qualit\u00e9.<\/p>\n<p>Taille : 8,9 x 5,7 x 61,3 cm<\/p>\n<p>Poids\u00a0: 0,48\u00a0kg<\/p>\n<p>Instructions PDF<\/p>\n<p>\ud83d\udcccNature du protagoniste<\/p>\n<p>Vous ne devriez pas manquer la pr\u00e9sentation de notre fi\u00e8re collection nomm\u00e9e &quot;Vulcan Centaur&quot;.<\/p>\n<p>La fus\u00e9e Vulcan Centaur est con\u00e7ue pour remplacer les fus\u00e9es Atlas V et Delta IV existantes d&#039;ULA, qui devraient \u00eatre retir\u00e9es dans les ann\u00e9es 2020. Il sera capable de soulever des charges utiles pesant jusqu&#039;\u00e0 57 000 livres (26 000 kilogrammes) en orbite terrestre basse et jusqu&#039;\u00e0 31 000 livres (14 000 kilogrammes) en orbite de transfert g\u00e9ostationnaire.<\/p><\/div>","protected":false},"excerpt":{"rendered":"<p>Marque : MOC Factory<br \/>\nGenre: Unisexe<br \/>\nTranche d&#039;\u00e2ge : &gt; 12 ans<br \/>\nNum\u00e9ro de mod\u00e8le: 99581<br \/>\nClassement : Assemblage<br \/>\nForme de bloc en plastique\u00a0: briques autobloquantes<br \/>\nMat\u00e9riel: Plastique<br \/>\nType de plastique : ABS<br \/>\nBlocs de Briques : 1355 +<br \/>\nAucune bo\u00eete<\/p>","protected":false},"featured_media":42323,"comment_status":"open","ping_status":"closed","template":"","meta":{"_acf_changed":false},"product_cat":[1357,6016,364],"product_tag":[11440,2276,389,10288],"class_list":["product","first","instock","shipping-taxable","purchasable","product-type-simple"],"acf":[],"_links":{"self":[{"href":"https:\/\/mouldking.store\/fr\/wp-json\/wp\/v2\/product\/42332","targetHints":{"allow":["GET"]}}],"collection":[{"href":"https:\/\/mouldking.store\/fr\/wp-json\/wp\/v2\/product"}],"about":[{"href":"https:\/\/mouldking.store\/fr\/wp-json\/wp\/v2\/types\/product"}],"replies":[{"embeddable":true,"href":"https:\/\/mouldking.store\/fr\/wp-json\/wp\/v2\/comments?post=42332"}],"wp:featuredmedia":[{"embeddable":true,"href":"https:\/\/mouldking.store\/fr\/wp-json\/wp\/v2\/media\/42323"}],"wp:attachment":[{"href":"https:\/\/mouldking.store\/fr\/wp-json\/wp\/v2\/media?parent=42332"}],"wp:term":[{"taxonomy":"product_cat","embeddable":true,"href":"https:\/\/mouldking.store\/fr\/wp-json\/wp\/v2\/product_cat?post=42332"},{"taxonomy":"product_tag","embeddable":true,"href":"https:\/\/mouldking.store\/fr\/wp-json\/wp\/v2\/product_tag?post=42332"}],"curies":[{"name":"wp","href":"https:\/\/api.w.org\/{rel}","templated":true}]}}