{"id":42337,"date":"2023-02-28T14:23:05","date_gmt":"2023-02-28T07:23:05","guid":{"rendered":"https:\/\/mouldking.store\/shop\/moc-factory-115338-h-iia-super-collection-with-716-pieces\/"},"modified":"2025-12-16T22:25:15","modified_gmt":"2025-12-16T15:25:15","slug":"moc-factory-115338-h-iia-super-collection-with-716-pieces","status":"publish","type":"product","link":"https:\/\/mouldking.store\/fr\/shop\/moc-factory-115338-h-iia-super-collection-with-716-pieces\/","title":{"rendered":"MOC Factory 115338 H-IIA Super Collection avec 716 pi\u00e8ces"},"content":{"rendered":"<div>\u2705 MOC-115338 H-IIA Super Collection<\/p>\n<p>\u2705H-IIA est une famille de lanceurs jetables japonais (ELV) exploit\u00e9s par l&#039;Agence japonaise d&#039;exploration a\u00e9rospatiale (JAXA). Le \u00ab\u00a0H\u00a0\u00bb signifie \u00ab\u00a0H-II\u00a0\u00bb et \u00ab\u00a0IIA\u00a0\u00bb signifie \u00ab\u00a0Adaptateur interm\u00e9diaire am\u00e9lior\u00e9\u00a0\u00bb.<\/p>\n<p>\ud83d\udeabIMPORTANT !<\/p>\n<p>Nom du produit : H-IIA Super Collection<\/p>\n<p>Cat\u00e9gorie : Espace<\/p>\n<p>Ce kit contient : C9310<\/p>\n<p>716 briques de bonne qualit\u00e9.<\/p>\n<p>Taille : 8 x 8 x 24 cm<\/p>\n<p>Poids\u00a0: 0,69\u00a0kg<\/p>\n<p>Instructions PDF<\/p>\n<p>\ud83d\udcccNature du protagoniste<\/p>\n<p>Vous ne devriez pas manquer la pr\u00e9sentation de notre fi\u00e8re collection nomm\u00e9e &quot;Poids\u00a0: 0,69\u00a0kg&quot;.<\/p>\n<p>Le H-IIA a une conception \u00e0 deux \u00e9tages, avec des propulseurs \u00e0 fus\u00e9e solide attach\u00e9s au premier \u00e9tage pour fournir une pouss\u00e9e suppl\u00e9mentaire pendant la phase initiale de vol. Le deuxi\u00e8me \u00e9tage de la fus\u00e9e est propuls\u00e9 par un moteur \u00e0 carburant liquide. Le H-IIA est en service depuis 2001 et a de bons ant\u00e9c\u00e9dents de fiabilit\u00e9 et de succ\u00e8s. Il est devenu un \u00e9l\u00e9ment important du programme spatial japonais, soutenant les missions nationales et internationales.<\/p><\/div>","protected":false},"excerpt":{"rendered":"<p>Marque : MOC Factory<br \/>\nGenre: Unisexe<br \/>\nTranche d&#039;\u00e2ge : &gt; 12 ans<br \/>\nNum\u00e9ro de mod\u00e8le: 115338<br \/>\nClassement : Assemblage<br \/>\nForme de bloc en plastique\u00a0: briques autobloquantes<br \/>\nMat\u00e9riel: Plastique<br \/>\nType de plastique : ABS<br \/>\nBlocs de Briques : 716 +<br \/>\nAucune bo\u00eete<\/p>","protected":false},"featured_media":42333,"comment_status":"open","ping_status":"closed","template":"","meta":{"_acf_changed":false},"product_cat":[6016],"product_tag":[11441,2276,11396],"class_list":["product","first","instock","shipping-taxable","purchasable","product-type-simple"],"acf":[],"_links":{"self":[{"href":"https:\/\/mouldking.store\/fr\/wp-json\/wp\/v2\/product\/42337","targetHints":{"allow":["GET"]}}],"collection":[{"href":"https:\/\/mouldking.store\/fr\/wp-json\/wp\/v2\/product"}],"about":[{"href":"https:\/\/mouldking.store\/fr\/wp-json\/wp\/v2\/types\/product"}],"replies":[{"embeddable":true,"href":"https:\/\/mouldking.store\/fr\/wp-json\/wp\/v2\/comments?post=42337"}],"wp:featuredmedia":[{"embeddable":true,"href":"https:\/\/mouldking.store\/fr\/wp-json\/wp\/v2\/media\/42333"}],"wp:attachment":[{"href":"https:\/\/mouldking.store\/fr\/wp-json\/wp\/v2\/media?parent=42337"}],"wp:term":[{"taxonomy":"product_cat","embeddable":true,"href":"https:\/\/mouldking.store\/fr\/wp-json\/wp\/v2\/product_cat?post=42337"},{"taxonomy":"product_tag","embeddable":true,"href":"https:\/\/mouldking.store\/fr\/wp-json\/wp\/v2\/product_tag?post=42337"}],"curies":[{"name":"wp","href":"https:\/\/api.w.org\/{rel}","templated":true}]}}