{"id":42387,"date":"2023-02-28T15:28:18","date_gmt":"2023-02-28T08:28:18","guid":{"rendered":"https:\/\/mouldking.store\/shop\/moc-factory-89461-robot-mobile-suit-tiger-girl-with-314-pieces\/"},"modified":"2025-12-16T22:25:14","modified_gmt":"2025-12-16T15:25:14","slug":"moc-factory-89461-robot-mobile-suit-tiger-girl-with-314-pieces","status":"publish","type":"product","link":"https:\/\/mouldking.store\/fr\/shop\/moc-factory-89461-robot-mobile-suit-tiger-girl-with-314-pieces\/","title":{"rendered":"MOC Factory 89461 Robot Mobile Suit Tiger Girl avec 314 pi\u00e8ces"},"content":{"rendered":"<div>\u2705 MOC-89461 Robot Mobile Suit Tiger Girl&nbsp;<\/p>\n<p>\u2705Robot Mobile Suit Tiger Girl est une cr\u00e9ation LEGO jaune et blanche qui semble \u00eatre inspir\u00e9e d&#039;un tigre.<\/p>\n<p>\ud83d\udeabIMPORTANT !<\/p>\n<p>Nom du produit: Robot Mobile Suit Tiger Girl&nbsp;<\/p>\n<p>Cat\u00e9gorie\u00a0: Cr\u00e9ateur<\/p>\n<p>Ce kit contient : C9358<\/p>\n<p>314 briques de bonne qualit\u00e9.<\/p>\n<p>Taille : 15,4 x 12,4 x 25,6 cm<\/p>\n<p>Poids\u00a0: 0,42\u00a0kg<\/p>\n<p>Instructions PDF<\/p>\n<p>\ud83d\udcccNature du protagoniste<\/p>\n<p>Vous ne devriez pas manquer la pr\u00e9sentation de notre fi\u00e8re collection nomm\u00e9e &quot;Robot Mobile Suit Tiger Girl&quot;.<\/p>\n<p>La fille robot a une forme humano\u00efde avec une t\u00eate, un torse, des bras et des jambes, et est principalement jaune avec des accents blancs. La t\u00eate est con\u00e7ue pour ressembler \u00e0 une t\u00eate de tigre, avec des oreilles pointues, un museau et de grands yeux. Les bras et les jambes comportent diverses pi\u00e8ces articulaires qui permettent la posabilit\u00e9 et le mouvement. La fille robot est \u00e9galement \u00e9quip\u00e9e de diverses armes et accessoires, y compris ce qui semble \u00eatre de gros canons attach\u00e9s aux bras et un sac \u00e0 dos contenant des armes suppl\u00e9mentaires.<\/p><\/div>","protected":false},"excerpt":{"rendered":"<p>Marque : MOC Factory<br \/>\nGenre: Unisexe<br \/>\nTranche d&#039;\u00e2ge : &gt; 8 ans<br \/>\nNum\u00e9ro de mod\u00e8le: 89461<br \/>\nClassement : Assemblage<br \/>\nForme de bloc en plastique\u00a0: briques autobloquantes<br \/>\nMat\u00e9riel: Plastique<br \/>\nType de plastique : ABS<br \/>\nBlocs de briques : 314 +<br \/>\nAucune bo\u00eete<\/p>","protected":false},"featured_media":42378,"comment_status":"open","ping_status":"closed","template":"","meta":{"_acf_changed":false},"product_cat":[1365,371],"product_tag":[11072,8452,11035,590,6482],"class_list":["product","first","instock","shipping-taxable","purchasable","product-type-simple"],"acf":[],"_links":{"self":[{"href":"https:\/\/mouldking.store\/fr\/wp-json\/wp\/v2\/product\/42387","targetHints":{"allow":["GET"]}}],"collection":[{"href":"https:\/\/mouldking.store\/fr\/wp-json\/wp\/v2\/product"}],"about":[{"href":"https:\/\/mouldking.store\/fr\/wp-json\/wp\/v2\/types\/product"}],"replies":[{"embeddable":true,"href":"https:\/\/mouldking.store\/fr\/wp-json\/wp\/v2\/comments?post=42387"}],"wp:featuredmedia":[{"embeddable":true,"href":"https:\/\/mouldking.store\/fr\/wp-json\/wp\/v2\/media\/42378"}],"wp:attachment":[{"href":"https:\/\/mouldking.store\/fr\/wp-json\/wp\/v2\/media?parent=42387"}],"wp:term":[{"taxonomy":"product_cat","embeddable":true,"href":"https:\/\/mouldking.store\/fr\/wp-json\/wp\/v2\/product_cat?post=42387"},{"taxonomy":"product_tag","embeddable":true,"href":"https:\/\/mouldking.store\/fr\/wp-json\/wp\/v2\/product_tag?post=42387"}],"curies":[{"name":"wp","href":"https:\/\/api.w.org\/{rel}","templated":true}]}}