{"id":42401,"date":"2023-03-01T16:16:43","date_gmt":"2023-03-01T09:16:43","guid":{"rendered":"https:\/\/mouldking.store\/shop\/mould-king-13120-white-koenigsegg-one-1-sports-car-with-3063-pieces\/"},"modified":"2023-04-17T20:18:10","modified_gmt":"2023-04-17T13:18:10","slug":"mould-king-13120-white-koenigsegg-one-1-sports-car-with-3063-pieces","status":"publish","type":"product","link":"https:\/\/mouldking.store\/fr\/shop\/mould-king-13120-white-koenigsegg-one-1-sports-car-with-3063-pieces\/","title":{"rendered":"MOLD KING 13120 Voiture de sport Koenigsegg One 1 blanche avec 3063 pi\u00e8ces"},"content":{"rendered":"<div>\u2705 Mold King 13120 Voiture de sport Koenigsegg One 1 blanche<br \/>&nbsp;<br \/>\u2705La Koenigsegg One:1 est une voiture de sport hautes performances en \u00e9dition limit\u00e9e produite par le constructeur su\u00e9dois Koenigsegg Automotive AB. Elle a \u00e9t\u00e9 introduite pour la premi\u00e8re fois en 2014 et seulement six unit\u00e9s ont \u00e9t\u00e9 produites, ce qui en fait l&#039;une des hypercars les plus rares et les plus exclusives au monde.<br \/>&nbsp;<br \/>\ud83d\udeabIMPORTANT !&nbsp;<br \/>&nbsp;<br \/>Nom du produit: Voiture de sport Koenigsegg One 1 blanche<br \/>&nbsp;<br \/>Cat\u00e9gorie : Technique<br \/>&nbsp;<br \/>Ce kit contient : Mold King 13120<br \/>&nbsp;<br \/>3063 briques de bonne qualit\u00e9.&nbsp;<br \/>&nbsp;<br \/>Taille : 22,5 \u00d7 47 \u00d7 13,5 cm<br \/>&nbsp;<br \/>Instructions manuelles&nbsp;<br \/>&nbsp;<br \/>\ud83d\udcccNature du protagoniste&nbsp;<br \/>&nbsp;<br \/>Vous ne devriez pas manquer la pr\u00e9sentation de notre fi\u00e8re collection nomm\u00e9e &quot;White Koenigsegg One 1 Sports Car&quot;.&nbsp;<br \/>&nbsp;<br \/>La voiture de sport White Koenigsegg One: 1 semble \u00eatre un mod\u00e8le moul\u00e9 sous pression ou une r\u00e9plique jouet de la voiture r\u00e9elle. Il n&#039;a peut-\u00eatre pas le m\u00eame niveau de performance que la vraie voiture, mais il peut s&#039;agir d&#039;un objet de collection ou d&#039;un jouet amusant pour les passionn\u00e9s de voitures de tous \u00e2ges.<\/div>","protected":false},"excerpt":{"rendered":"<p>Marque : MOLD KING<br \/>\nGenre: Unisexe<br \/>\nTranche d&#039;\u00e2ge : &gt; 14 ans<br \/>\nNum\u00e9ro de mod\u00e8le: 13120<br \/>\nClassement : Assemblage<br \/>\nForme de bloc en plastique\u00a0: briques autobloquantes<br \/>\nMat\u00e9riel: Plastique<br \/>\nType de plastique : ABS<br \/>\nBlocs de Briques : 3063 +<br \/>\nPas de boite d&#039;origine<\/p>","protected":false},"featured_media":42395,"comment_status":"open","ping_status":"closed","template":"","meta":{"_acf_changed":false},"product_cat":[1360,1357,364],"product_tag":[457,706,11453,11150,389,11080],"class_list":["product","first","outofstock","shipping-taxable","purchasable","product-type-simple"],"acf":[],"_links":{"self":[{"href":"https:\/\/mouldking.store\/fr\/wp-json\/wp\/v2\/product\/42401","targetHints":{"allow":["GET"]}}],"collection":[{"href":"https:\/\/mouldking.store\/fr\/wp-json\/wp\/v2\/product"}],"about":[{"href":"https:\/\/mouldking.store\/fr\/wp-json\/wp\/v2\/types\/product"}],"replies":[{"embeddable":true,"href":"https:\/\/mouldking.store\/fr\/wp-json\/wp\/v2\/comments?post=42401"}],"wp:featuredmedia":[{"embeddable":true,"href":"https:\/\/mouldking.store\/fr\/wp-json\/wp\/v2\/media\/42395"}],"wp:attachment":[{"href":"https:\/\/mouldking.store\/fr\/wp-json\/wp\/v2\/media?parent=42401"}],"wp:term":[{"taxonomy":"product_cat","embeddable":true,"href":"https:\/\/mouldking.store\/fr\/wp-json\/wp\/v2\/product_cat?post=42401"},{"taxonomy":"product_tag","embeddable":true,"href":"https:\/\/mouldking.store\/fr\/wp-json\/wp\/v2\/product_tag?post=42401"}],"curies":[{"name":"wp","href":"https:\/\/api.w.org\/{rel}","templated":true}]}}