{"id":42408,"date":"2023-03-01T16:25:29","date_gmt":"2023-03-01T09:25:29","guid":{"rendered":"https:\/\/mouldking.store\/shop\/mould-king-13121-red-koenigsegg-one-1-sports-car-with-3063-pieces\/"},"modified":"2023-03-01T16:25:29","modified_gmt":"2023-03-01T09:25:29","slug":"mould-king-13121-red-koenigsegg-one-1-sports-car-with-3063-pieces","status":"publish","type":"product","link":"https:\/\/mouldking.store\/fr\/shop\/mould-king-13121-red-koenigsegg-one-1-sports-car-with-3063-pieces\/","title":{"rendered":"MOLD KING 13121 Rouge Koenigsegg One 1 Voiture de Sport avec 3063 Pi\u00e8ces"},"content":{"rendered":"<div>\u2705 Mold King 13121 Rouge Koenigsegg One 1 Voiture de sport<br \/>&nbsp;<br \/>\u2705La voiture de sport rouge Koenigsegg One:1 est une variante de la voiture de sport haute performance Koenigsegg One:1 produite par le constructeur su\u00e9dois Koenigsegg Automotive AB. La Koenigsegg One:1 est une hypercar en \u00e9dition limit\u00e9e qui a \u00e9t\u00e9 introduite en 2014 avec seulement six unit\u00e9s produites, ce qui en fait l&#039;une des voitures les plus rares et les plus exclusives au monde.<br \/>&nbsp;<br \/>\ud83d\udeabIMPORTANT !&nbsp;<br \/>&nbsp;<br \/>Nom du produit: Voiture de sport rouge Koenigsegg One 1<br \/>&nbsp;<br \/>Cat\u00e9gorie : Technique<br \/>&nbsp;<br \/>Ce kit contient : Mold King 13121<br \/>&nbsp;<br \/>3063 briques de bonne qualit\u00e9.&nbsp;<br \/>&nbsp;<br \/>Taille : 22,5 \u00d7 47 \u00d7 13,5 cm<br \/>&nbsp;<br \/>Instructions manuelles&nbsp;<br \/>&nbsp;<br \/>\ud83d\udcccNature du protagoniste&nbsp;<br \/>&nbsp;<br \/>Vous ne devriez pas manquer la pr\u00e9sentation de notre fi\u00e8re collection nomm\u00e9e &quot;Red Koenigsegg One 1 Sports Car&quot;.&nbsp;<br \/>&nbsp;<br \/>La voiture de sport rouge Koenigsegg One: 1 pourrait \u00eatre un mod\u00e8le moul\u00e9 sous pression ou une r\u00e9plique jouet de la voiture r\u00e9elle, avec une palette de couleurs rouge plut\u00f4t que la couleur blanche d&#039;origine. Bien que le jouet ou le mod\u00e8le de voiture puisse ne pas avoir le m\u00eame niveau de performance ou de technologie que la vraie voiture, il peut s&#039;agir d&#039;un objet de collection amusant ou d&#039;un jouet pour les amateurs de voitures de tous \u00e2ges.<\/div>","protected":false},"excerpt":{"rendered":"<p>Marque : MOLD KING<br \/>\nGenre: Unisexe<br \/>\nTranche d&#039;\u00e2ge : &gt; 14 ans<br \/>\nNum\u00e9ro de mod\u00e8le: 13121<br \/>\nClassement : Assemblage<br \/>\nForme de bloc en plastique\u00a0: briques autobloquantes<br \/>\nMat\u00e9riel: Plastique<br \/>\nType de plastique : ABS<br \/>\nBlocs de Briques : 3063 +<br \/>\nPas de boite d&#039;origine<\/p>","protected":false},"featured_media":42402,"comment_status":"open","ping_status":"closed","template":"","meta":{"_acf_changed":false},"product_cat":[1357,364],"product_tag":[706,11453,11071,389,11080],"class_list":["product","first","instock","shipping-taxable","purchasable","product-type-simple"],"acf":[],"_links":{"self":[{"href":"https:\/\/mouldking.store\/fr\/wp-json\/wp\/v2\/product\/42408","targetHints":{"allow":["GET"]}}],"collection":[{"href":"https:\/\/mouldking.store\/fr\/wp-json\/wp\/v2\/product"}],"about":[{"href":"https:\/\/mouldking.store\/fr\/wp-json\/wp\/v2\/types\/product"}],"replies":[{"embeddable":true,"href":"https:\/\/mouldking.store\/fr\/wp-json\/wp\/v2\/comments?post=42408"}],"wp:featuredmedia":[{"embeddable":true,"href":"https:\/\/mouldking.store\/fr\/wp-json\/wp\/v2\/media\/42402"}],"wp:attachment":[{"href":"https:\/\/mouldking.store\/fr\/wp-json\/wp\/v2\/media?parent=42408"}],"wp:term":[{"taxonomy":"product_cat","embeddable":true,"href":"https:\/\/mouldking.store\/fr\/wp-json\/wp\/v2\/product_cat?post=42408"},{"taxonomy":"product_tag","embeddable":true,"href":"https:\/\/mouldking.store\/fr\/wp-json\/wp\/v2\/product_tag?post=42408"}],"curies":[{"name":"wp","href":"https:\/\/api.w.org\/{rel}","templated":true}]}}