{"id":42452,"date":"2023-03-01T17:37:00","date_gmt":"2023-03-01T10:37:00","guid":{"rendered":"https:\/\/mouldking.store\/shop\/moc-factory-127125-sci-fi-clone-tank-cannon-with-463-pieces\/"},"modified":"2025-12-16T22:25:14","modified_gmt":"2025-12-16T15:25:14","slug":"moc-factory-127125-sci-fi-clone-tank-cannon-with-463-pieces","status":"publish","type":"product","link":"https:\/\/mouldking.store\/fr\/shop\/moc-factory-127125-sci-fi-clone-tank-cannon-with-463-pieces\/","title":{"rendered":"MOC Factory 127125 Sci-Fi Clone Tank Cannon avec 463 pi\u00e8ces"},"content":{"rendered":"<div>\u2705 MOC-127125 Canon de r\u00e9servoir clone de science-fiction&nbsp;<\/p>\n<p>\u2705L&#039;AV-7 Cannon V.2 est une arme fictive de l&#039;univers Star Wars. C&#039;est une arme d&#039;artillerie lourde qui est principalement utilis\u00e9e par la Grande Arm\u00e9e de la R\u00e9publique, l&#039;organisation militaire qui a combattu l&#039;Arm\u00e9e dro\u00efde s\u00e9paratiste pendant la Guerre des clones.<\/p>\n<p>\ud83d\udeabIMPORTANT !<\/p>\n<p>Nom du produit : canon de char clone Sci-Fi.&nbsp;<\/p>\n<p>Cat\u00e9gorie : Guerres des \u00e9toiles<\/p>\n<p>Ce kit contient : MOC-127125<\/p>\n<p>463 briques de bonne qualit\u00e9.<\/p>\n<p>Poids : 300g<\/p>\n<p>Instructions PDF<\/p>\n<p>\ud83d\udcccNature du protagoniste<\/p>\n<p>Vous ne devriez pas manquer la pr\u00e9sentation de notre fi\u00e8re collection nomm\u00e9e &quot;Sci-Fi Clone Tank Cannon&quot;.<\/p>\n<p>L&#039;AV-7 Cannon V.2 est une plate-forme d&#039;armes mobiles qui peut \u00eatre d\u00e9ploy\u00e9e sur diff\u00e9rents types de terrain, y compris les plages de sable et les falaises rocheuses. Il comporte un gros canon rotatif capable de tirer de puissantes explosions d&#039;\u00e9nergie pouvant \u00e9liminer les v\u00e9hicules et les structures ennemis. Dans la s\u00e9rie anim\u00e9e Star Wars : The Clone Wars, l&#039;AV-7 Cannon V.2 est utilis\u00e9 dans plusieurs batailles cl\u00e9s, notamment la bataille d&#039;Umbara et la bataille de Ringo Vinda. L&#039;arme est souvent utilis\u00e9e par des soldats clones, qui sont capables d&#039;utiliser sa puissance de feu pour obtenir des avantages strat\u00e9giques contre les forces ennemies.<\/p><\/div>","protected":false},"excerpt":{"rendered":"<p>Marque : MOC Factory<br \/>\nGenre: Unisexe<br \/>\nTranche d&#039;\u00e2ge : &gt; 12 ans<br \/>\nNum\u00e9ro de mod\u00e8le: 127125<br \/>\nClassement : Assemblage<br \/>\nForme de bloc en plastique\u00a0: briques autobloquantes<br \/>\nMat\u00e9riel: Plastique<br \/>\nType de plastique : ABS<br \/>\nBlocs de briques : 463 +<br \/>\nTemps d&#039;arrangement\u00a0: 4 \u00e0 8\u00a0semaines<\/p>","protected":false},"featured_media":42446,"comment_status":"open","ping_status":"closed","template":"","meta":{"_acf_changed":false},"product_cat":[1350,1357,372,581,6016,415,364,1408],"product_tag":[11460,374,434,2276,436,485,389],"class_list":["product","first","instock","shipping-taxable","purchasable","product-type-simple"],"acf":[],"_links":{"self":[{"href":"https:\/\/mouldking.store\/fr\/wp-json\/wp\/v2\/product\/42452","targetHints":{"allow":["GET"]}}],"collection":[{"href":"https:\/\/mouldking.store\/fr\/wp-json\/wp\/v2\/product"}],"about":[{"href":"https:\/\/mouldking.store\/fr\/wp-json\/wp\/v2\/types\/product"}],"replies":[{"embeddable":true,"href":"https:\/\/mouldking.store\/fr\/wp-json\/wp\/v2\/comments?post=42452"}],"wp:featuredmedia":[{"embeddable":true,"href":"https:\/\/mouldking.store\/fr\/wp-json\/wp\/v2\/media\/42446"}],"wp:attachment":[{"href":"https:\/\/mouldking.store\/fr\/wp-json\/wp\/v2\/media?parent=42452"}],"wp:term":[{"taxonomy":"product_cat","embeddable":true,"href":"https:\/\/mouldking.store\/fr\/wp-json\/wp\/v2\/product_cat?post=42452"},{"taxonomy":"product_tag","embeddable":true,"href":"https:\/\/mouldking.store\/fr\/wp-json\/wp\/v2\/product_tag?post=42452"}],"curies":[{"name":"wp","href":"https:\/\/api.w.org\/{rel}","templated":true}]}}