{"id":42471,"date":"2023-03-01T18:02:15","date_gmt":"2023-03-01T11:02:15","guid":{"rendered":"https:\/\/mouldking.store\/shop\/moc-factory-89460-paris-train-station-with-44756-pieces\/"},"modified":"2025-12-16T22:25:14","modified_gmt":"2025-12-16T15:25:14","slug":"moc-factory-89460-paris-train-station-with-44756-pieces","status":"publish","type":"product","link":"https:\/\/mouldking.store\/fr\/shop\/moc-factory-89460-paris-train-station-with-44756-pieces\/","title":{"rendered":"MOC Factory 89460 Paris Gare avec 44756 Pi\u00e8ces"},"content":{"rendered":"<div>\u2705 MOC-89460 Gare de Paris<\/p>\n<p>\u2705La gare de Paris, \u00e9galement connue sous le nom de Gare de Paris ou de Paris Gare, est une gare ferroviaire majeure situ\u00e9e au c\u0153ur de Paris, en France. C&#039;est l&#039;une des gares les plus fr\u00e9quent\u00e9es et les plus importantes d&#039;Europe, servant de plaque tournante de transport pour les voyageurs locaux et internationaux.<\/p>\n<p>\ud83d\udeabIMPORTANT !<\/p>\n<p>Nom du produit : Gare de Paris<\/p>\n<p>Cat\u00e9gorie : Construction Modulaire<\/p>\n<p>Ce kit contient : MOC-89460&nbsp;<\/p>\n<p>44756 pi\u00e8ces Briques de bonne qualit\u00e9<\/p>\n<p>Taille : 144 x 144 (neuf 48 x 48 Embase)<\/p>\n<p>Poids : 37000g<\/p>\n<p>Instructions PDF<\/p>\n<p>\ud83d\udcccNature du protagoniste<\/p>\n<p>Vous ne devriez pas manquer la pr\u00e9sentation de notre fi\u00e8re collection nomm\u00e9e &quot;Gare de Paris&quot;.<\/p>\n<p>La gare de Paris a \u00e9t\u00e9 ouverte pour la premi\u00e8re fois en 1846 et a subi de nombreuses r\u00e9novations et agrandissements depuis lors pour accueillir le nombre croissant de passagers et de trains. Il compte actuellement 32 quais et dessert de nombreux trains r\u00e9gionaux et \u00e0 grande vitesse, dont le c\u00e9l\u00e8bre TGV (Train \u00e0 Grande Vitesse) qui peut atteindre des vitesses allant jusqu&#039;\u00e0 320 km\/h.<\/p><\/div>","protected":false},"excerpt":{"rendered":"<p>Marque : MOC Factory<br \/>\nGenre: Unisexe<br \/>\nTranche d&#039;\u00e2ge : &gt; 12 ans<br \/>\nNum\u00e9ro de mod\u00e8le: 89460<br \/>\nClassement : Assemblage<br \/>\nForme de bloc en plastique\u00a0: briques autobloquantes<br \/>\nMat\u00e9riel: Plastique<br \/>\nType de plastique : ABS<br \/>\nBlocs de Briques : 44756 +<\/p>","protected":false},"featured_media":42465,"comment_status":"open","ping_status":"closed","template":"","meta":{"_acf_changed":false},"product_cat":[1395,390],"product_tag":[4883,392,10833,2309,300],"class_list":["product","first","instock","shipping-taxable","purchasable","product-type-simple"],"acf":[],"_links":{"self":[{"href":"https:\/\/mouldking.store\/fr\/wp-json\/wp\/v2\/product\/42471","targetHints":{"allow":["GET"]}}],"collection":[{"href":"https:\/\/mouldking.store\/fr\/wp-json\/wp\/v2\/product"}],"about":[{"href":"https:\/\/mouldking.store\/fr\/wp-json\/wp\/v2\/types\/product"}],"replies":[{"embeddable":true,"href":"https:\/\/mouldking.store\/fr\/wp-json\/wp\/v2\/comments?post=42471"}],"wp:featuredmedia":[{"embeddable":true,"href":"https:\/\/mouldking.store\/fr\/wp-json\/wp\/v2\/media\/42465"}],"wp:attachment":[{"href":"https:\/\/mouldking.store\/fr\/wp-json\/wp\/v2\/media?parent=42471"}],"wp:term":[{"taxonomy":"product_cat","embeddable":true,"href":"https:\/\/mouldking.store\/fr\/wp-json\/wp\/v2\/product_cat?post=42471"},{"taxonomy":"product_tag","embeddable":true,"href":"https:\/\/mouldking.store\/fr\/wp-json\/wp\/v2\/product_tag?post=42471"}],"curies":[{"name":"wp","href":"https:\/\/api.w.org\/{rel}","templated":true}]}}