{"id":42483,"date":"2023-03-01T18:20:55","date_gmt":"2023-03-01T11:20:55","guid":{"rendered":"https:\/\/mouldking.store\/shop\/moc-factory-132314-falcons-impenetrable-keep-with-2155-pieces\/"},"modified":"2025-12-16T22:25:14","modified_gmt":"2025-12-16T15:25:14","slug":"moc-factory-132314-falcons-impenetrable-keep-with-2155-pieces","status":"publish","type":"product","link":"https:\/\/mouldking.store\/fr\/shop\/moc-factory-132314-falcons-impenetrable-keep-with-2155-pieces\/","title":{"rendered":"MOC Factory 132314 Falcons Impenetrable Keep avec 2155 pi\u00e8ces"},"content":{"rendered":"<div>\u2705 MOC-132314 Donjon Imp\u00e9n\u00e9trable des Faucons<\/p>\n<p>\u2705Falcons Impenetrable Keep est un mod\u00e8le en brique con\u00e7u par un passionn\u00e9 de brique nomm\u00e9 Legolot. C&#039;est un ch\u00e2teau de briques \u00e0 th\u00e8me m\u00e9di\u00e9val et qui pr\u00e9sente divers d\u00e9tails architecturaux, tels que des tours, des murs, des portes et une cour. Le mod\u00e8le n&#039;est pas bas\u00e9 sur un ch\u00e2teau existant mais est plut\u00f4t un produit de l&#039;imagination du concepteur.<\/p>\n<p>\ud83d\udeabIMPORTANT !<\/p>\n<p>Nom du produit : donjon imp\u00e9n\u00e9trable des faucons<\/p>\n<p>Cat\u00e9gorie : Construction Modulaire<\/p>\n<p>Ce kit contient : MOC-132314<\/p>\n<p>2155 briques de bonne qualit\u00e9.<\/p>\n<p>Poids : 1500g<\/p>\n<p>Instructions PDF<\/p>\n<p>\ud83d\udcccNature du protagoniste<\/p>\n<p>Vous ne devriez pas manquer la pr\u00e9sentation de notre fi\u00e8re collection nomm\u00e9e &quot;Falcons Impenetrable Keep&quot;.<\/p>\n<p>Les passionn\u00e9s de briques cr\u00e9ent souvent des mod\u00e8les personnalis\u00e9s comme celui-ci et partagent des instructions sur la fa\u00e7on de les construire avec d&#039;autres personnes int\u00e9ress\u00e9es par la construction de briques. Le mod\u00e8le que vous avez mentionn\u00e9 est disponible \u00e0 l&#039;achat sous forme d&#039;instructions, ce qui signifie que vous pouvez acheter s\u00e9par\u00e9ment le guide de construction et les pi\u00e8ces de brique n\u00e9cessaires et construire le ch\u00e2teau vous-m\u00eame.<\/p><\/div>","protected":false},"excerpt":{"rendered":"<p>Marque : MOC Factory<br \/>\nGenre: Unisexe<br \/>\nTranche d&#039;\u00e2ge : &gt; 12 ans<br \/>\nNum\u00e9ro de mod\u00e8le: 132314<br \/>\nClassement : Assemblage<br \/>\nForme de bloc en plastique\u00a0: briques autobloquantes<br \/>\nMat\u00e9riel: Plastique<br \/>\nType de plastique : ABS<br \/>\nBlocs de Briques : 2155 +<br \/>\nTemps d&#039;arrangement\u00a0: 4 \u00e0 8\u00a0semaines<\/p>","protected":false},"author":83,"featured_media":42477,"comment_status":"open","ping_status":"closed","template":"","meta":{"_acf_changed":false},"product_cat":[1395,390],"product_tag":[11462,4883,5644,392],"class_list":["product","first","instock","shipping-taxable","purchasable","product-type-simple"],"acf":[],"_links":{"self":[{"href":"https:\/\/mouldking.store\/fr\/wp-json\/wp\/v2\/product\/42483","targetHints":{"allow":["GET"]}}],"collection":[{"href":"https:\/\/mouldking.store\/fr\/wp-json\/wp\/v2\/product"}],"about":[{"href":"https:\/\/mouldking.store\/fr\/wp-json\/wp\/v2\/types\/product"}],"author":[{"embeddable":true,"href":"https:\/\/mouldking.store\/fr\/wp-json\/wp\/v2\/users\/83"}],"replies":[{"embeddable":true,"href":"https:\/\/mouldking.store\/fr\/wp-json\/wp\/v2\/comments?post=42483"}],"wp:featuredmedia":[{"embeddable":true,"href":"https:\/\/mouldking.store\/fr\/wp-json\/wp\/v2\/media\/42477"}],"wp:attachment":[{"href":"https:\/\/mouldking.store\/fr\/wp-json\/wp\/v2\/media?parent=42483"}],"wp:term":[{"taxonomy":"product_cat","embeddable":true,"href":"https:\/\/mouldking.store\/fr\/wp-json\/wp\/v2\/product_cat?post=42483"},{"taxonomy":"product_tag","embeddable":true,"href":"https:\/\/mouldking.store\/fr\/wp-json\/wp\/v2\/product_tag?post=42483"}],"curies":[{"name":"wp","href":"https:\/\/api.w.org\/{rel}","templated":true}]}}