{"id":42501,"date":"2023-03-01T18:43:35","date_gmt":"2023-03-01T11:43:35","guid":{"rendered":"https:\/\/mouldking.store\/shop\/moc-factory-46317-fairchild-republic-a-10-thunderbolt-ii-with-1224-pieces\/"},"modified":"2025-12-16T22:25:13","modified_gmt":"2025-12-16T15:25:13","slug":"moc-factory-46317-fairchild-republic-a-10-thunderbolt-ii-with-1224-pieces","status":"publish","type":"product","link":"https:\/\/mouldking.store\/fr\/shop\/moc-factory-46317-fairchild-republic-a-10-thunderbolt-ii-with-1224-pieces\/","title":{"rendered":"MOC Factory 46317 Fairchild Republic A-10 Thunderbolt II avec 1224 pi\u00e8ces"},"content":{"rendered":"<div>\u2705 MOC-46317 Fairchild Republic A-10 Thunderbolt II<\/p>\n<p>\u2705 Le Fairchild Republic A-10 Thunderbolt II est un avion \u00e0 r\u00e9action monoplace \u00e0 double turbor\u00e9acteur con\u00e7u par Fairchild Republic pour l&#039;US Air Force (USAF). Il est commun\u00e9ment d\u00e9sign\u00e9 par son surnom, le &quot;Warthog&quot;. L&#039;A-10 est principalement con\u00e7u pour l&#039;appui a\u00e9rien rapproch\u00e9 des troupes au sol, ce qui signifie qu&#039;il est sp\u00e9cifiquement con\u00e7u pour attaquer les forces terrestres ennemies \u00e0 proximit\u00e9 des forces terrestres amies.<\/p>\n<p>\ud83d\udeabIMPORTANT !<\/p>\n<p>Nom du produit : Fairchild Republic A-10 Thunderbolt II<\/p>\n<p>Cat\u00e9gorie : Militaire<\/p>\n<p>Ce kit contient : MOC-46317<\/p>\n<p>1224 briques de bonne qualit\u00e9.<\/p>\n<p>Poids : 1200g<\/p>\n<p>Instructions PDF<\/p>\n<p>\ud83d\udcccNature du protagoniste<\/p>\n<p>Vous ne devriez pas manquer la pr\u00e9sentation de notre fi\u00e8re collection nomm\u00e9e &quot;Fairchild Republic A-10 Thunderbolt II&quot;.<\/p>\n<p>L&#039;A-10 est lourdement blind\u00e9 et peut r\u00e9sister \u00e0 d&#039;importants dommages caus\u00e9s par des tirs au sol, en partie gr\u00e2ce \u00e0 sa conception unique qui comprend une \u00abdouble queue\u00bb et des moteurs mont\u00e9s en hauteur, offrant une protection suppl\u00e9mentaire aux composants vuln\u00e9rables de l&#039;avion. L&#039;A-10 est \u00e9galement \u00e9quip\u00e9 d&#039;un puissant canon rotatif GAU-8\/A Avenger, capable de tirer des obus perforants \u00e0 l&#039;uranium appauvri et particuli\u00e8rement efficace contre les v\u00e9hicules blind\u00e9s et autres cibles au sol.<\/p><\/div>","protected":false},"excerpt":{"rendered":"<p>Marque : MOC Factory<br \/>\nGenre: Unisexe<br \/>\nTranche d&#039;\u00e2ge : &gt; 12 ans<br \/>\nNum\u00e9ro de mod\u00e8le: 46317<br \/>\nClassement : Assemblage<br \/>\nForme de bloc en plastique\u00a0: briques autobloquantes<br \/>\nMat\u00e9riel: Plastique<br \/>\nType de plastique : ABS<br \/>\nBlocs de Briques : 1224 +<br \/>\nTemps d&#039;arrangement\u00a0: 4 \u00e0 8\u00a0semaines<\/p>","protected":false},"featured_media":42496,"comment_status":"open","ping_status":"closed","template":"","meta":{"_acf_changed":false},"product_cat":[1350,1357,372,364],"product_tag":[5271,11464,374,3443,389,11465],"class_list":["product","first","instock","shipping-taxable","purchasable","product-type-simple"],"acf":[],"_links":{"self":[{"href":"https:\/\/mouldking.store\/fr\/wp-json\/wp\/v2\/product\/42501","targetHints":{"allow":["GET"]}}],"collection":[{"href":"https:\/\/mouldking.store\/fr\/wp-json\/wp\/v2\/product"}],"about":[{"href":"https:\/\/mouldking.store\/fr\/wp-json\/wp\/v2\/types\/product"}],"replies":[{"embeddable":true,"href":"https:\/\/mouldking.store\/fr\/wp-json\/wp\/v2\/comments?post=42501"}],"wp:featuredmedia":[{"embeddable":true,"href":"https:\/\/mouldking.store\/fr\/wp-json\/wp\/v2\/media\/42496"}],"wp:attachment":[{"href":"https:\/\/mouldking.store\/fr\/wp-json\/wp\/v2\/media?parent=42501"}],"wp:term":[{"taxonomy":"product_cat","embeddable":true,"href":"https:\/\/mouldking.store\/fr\/wp-json\/wp\/v2\/product_cat?post=42501"},{"taxonomy":"product_tag","embeddable":true,"href":"https:\/\/mouldking.store\/fr\/wp-json\/wp\/v2\/product_tag?post=42501"}],"curies":[{"name":"wp","href":"https:\/\/api.w.org\/{rel}","templated":true}]}}