{"id":42530,"date":"2023-03-02T16:54:10","date_gmt":"2023-03-02T09:54:10","guid":{"rendered":"https:\/\/mouldking.store\/shop\/moc-factory-89458-my-singing-monsters-mammott-entbrat-bowgart-noggin-and-furcorn-with-168-pieces\/"},"modified":"2025-12-16T22:25:13","modified_gmt":"2025-12-16T15:25:13","slug":"moc-factory-89458-my-singing-monsters-mammott-entbrat-bowgart-noggin-and-furcorn-with-168-pieces","status":"publish","type":"product","link":"https:\/\/mouldking.store\/fr\/shop\/moc-factory-89458-my-singing-monsters-mammott-entbrat-bowgart-noggin-and-furcorn-with-168-pieces\/","title":{"rendered":"MOC Factory 89458 My Singing Monsters Mammott Entbrat Bowgart Noggin et Furcorn avec 168 pi\u00e8ces"},"content":{"rendered":"<div>\u2705 MOC-89458 Mes monstres chanteurs Mammott Entbrat Bowgart Noggin and Furcorn<\/p>\n<p>\u2705My Singing Monsters est un jeu mobile populaire o\u00f9 les joueurs collectionnent et \u00e9l\u00e8vent divers monstres, chacun avec son apparence et son son uniques. Mammott, Entbrat, Bowgart, Noggin et Furcorn sont quelques-uns des monstres que l&#039;on peut trouver dans le jeu.<\/p>\n<p>\ud83d\udeabIMPORTANT !<\/p>\n<p>Nom du produit : Mes monstres chanteurs Mammott Entbrat Bowgart Noggin and Furcorn<\/p>\n<p>Cat\u00e9gorie\u00a0: Cr\u00e9ateur<\/p>\n<p>Ce kit contient : C9317<\/p>\n<p>168 briques de bonne qualit\u00e9.<\/p>\n<p>Taille : 5,8 x 3,2 x 6,1 cm<\/p>\n<p>Poids\u00a0: 0,06\u00a0kg<\/p>\n<p>Instructions PDF<\/p>\n<p>\ud83d\udcccNature du protagoniste<\/p>\n<p>Vous ne devriez pas manquer la pr\u00e9sentation de notre fi\u00e8re collection nomm\u00e9e &quot;My Singing Monsters Mammott Entbrat Bowgart Noggin and Furcorn&quot;.<\/p>\n<p>Chaque monstre a son son unique et peut \u00eatre combin\u00e9 avec d&#039;autres monstres pour cr\u00e9er de nouvelles chansons plus complexes. Le jeu est connu pour ses airs accrocheurs et ses adorables designs de monstres, et il a une base de fans importante et d\u00e9vou\u00e9e.<\/p><\/div>","protected":false},"excerpt":{"rendered":"<p>Marque : MOC Factory<br \/>\nGenre: Unisexe<br \/>\nTranche d&#039;\u00e2ge : &gt; 6 ans<br \/>\nNum\u00e9ro de mod\u00e8le: 89458<br \/>\nClassement : Assemblage<br \/>\nForme de bloc en plastique\u00a0: briques autobloquantes<br \/>\nMat\u00e9riel: Plastique<br \/>\nType de plastique : ABS<br \/>\nBlocs de briques : 168 +<br \/>\nPas de boite d&#039;origine<\/p>","protected":false},"featured_media":42521,"comment_status":"open","ping_status":"closed","template":"","meta":{"_acf_changed":false},"product_cat":[1365,371,581,1408],"product_tag":[11471,11072,8452,11470,11473,9139,11469,11468,434,11472,11467],"class_list":["product","first","instock","shipping-taxable","purchasable","product-type-simple"],"acf":[],"_links":{"self":[{"href":"https:\/\/mouldking.store\/fr\/wp-json\/wp\/v2\/product\/42530","targetHints":{"allow":["GET"]}}],"collection":[{"href":"https:\/\/mouldking.store\/fr\/wp-json\/wp\/v2\/product"}],"about":[{"href":"https:\/\/mouldking.store\/fr\/wp-json\/wp\/v2\/types\/product"}],"replies":[{"embeddable":true,"href":"https:\/\/mouldking.store\/fr\/wp-json\/wp\/v2\/comments?post=42530"}],"wp:featuredmedia":[{"embeddable":true,"href":"https:\/\/mouldking.store\/fr\/wp-json\/wp\/v2\/media\/42521"}],"wp:attachment":[{"href":"https:\/\/mouldking.store\/fr\/wp-json\/wp\/v2\/media?parent=42530"}],"wp:term":[{"taxonomy":"product_cat","embeddable":true,"href":"https:\/\/mouldking.store\/fr\/wp-json\/wp\/v2\/product_cat?post=42530"},{"taxonomy":"product_tag","embeddable":true,"href":"https:\/\/mouldking.store\/fr\/wp-json\/wp\/v2\/product_tag?post=42530"}],"curies":[{"name":"wp","href":"https:\/\/api.w.org\/{rel}","templated":true}]}}