{"id":42547,"date":"2023-03-02T17:12:58","date_gmt":"2023-03-02T10:12:58","guid":{"rendered":"https:\/\/mouldking.store\/shop\/moc-factory-114786-stranger-things-hawkins-national-laboratory-with-1344-pieces\/"},"modified":"2025-12-16T22:25:13","modified_gmt":"2025-12-16T15:25:13","slug":"moc-factory-114786-stranger-things-hawkins-national-laboratory-with-1344-pieces","status":"publish","type":"product","link":"https:\/\/mouldking.store\/fr\/shop\/moc-factory-114786-stranger-things-hawkins-national-laboratory-with-1344-pieces\/","title":{"rendered":"MOC Factory 114786 Stranger Things Hawkins National Laboratory avec 1344 pi\u00e8ces"},"content":{"rendered":"<div>\u2705 MOC-114786 Stranger Things Hawkins National Laboratory<\/p>\n<p>\u2705Hawkins National Laboratory est un centre de recherche fictif de la populaire s\u00e9rie Netflix, Stranger Things. Il est situ\u00e9 dans la ville de Hawkins, Indiana et est exploit\u00e9 par le D\u00e9partement am\u00e9ricain de l&#039;\u00e9nergie.<\/p>\n<p>\ud83d\udeabIMPORTANT !<\/p>\n<p>Nom du produit : Laboratoire national de Stranger Things Hawkins<\/p>\n<p>Cat\u00e9gorie : Film<\/p>\n<p>Ce kit contient : C9288<\/p>\n<p>1344 briques de bonne qualit\u00e9.<\/p>\n<p>Taille : 21 x 21 x 11 cm<\/p>\n<p>Poids\u00a0: 0,83\u00a0kg<\/p>\n<p>Instructions PDF<\/p>\n<p>\ud83d\udcccNature du protagoniste<\/p>\n<p>Vous ne devriez pas manquer la pr\u00e9sentation de notre fi\u00e8re collection nomm\u00e9e &quot;Stranger Things Hawkins National Laboratory&quot;.<\/p>\n<p>Dans la s\u00e9rie, le laboratoire sert de centre de recherche gouvernemental secret et controvers\u00e9 o\u00f9 des exp\u00e9riences sont men\u00e9es sur des ph\u00e9nom\u00e8nes surnaturels, y compris un portail vers une autre dimension connue sous le nom de Upside Down. Le laboratoire est initialement pr\u00e9sent\u00e9 comme une installation b\u00e9nigne, mais il se r\u00e9v\u00e8le finalement \u00eatre la source des \u00e9v\u00e9nements surnaturels et des dangers qui menacent la ville de Hawkins.<\/p><\/div>","protected":false},"excerpt":{"rendered":"<p>Marque : MOC Factory<br \/>\nGenre: Unisexe<br \/>\nTranche d&#039;\u00e2ge : &gt; 12 ans<br \/>\nNum\u00e9ro de mod\u00e8le: 114786<br \/>\nClassement : Assemblage<br \/>\nForme de bloc en plastique\u00a0: briques autobloquantes<br \/>\nMat\u00e9riel: Plastique<br \/>\nType de plastique : ABS<br \/>\nBlocs de Briques : 1344 +<br \/>\nPas de boite d&#039;origine<\/p>","protected":false},"featured_media":42541,"comment_status":"open","ping_status":"closed","template":"","meta":{"_acf_changed":false},"product_cat":[1395,390,581,1408],"product_tag":[4883,9139,11476,6567,392,434,11477,5944],"class_list":["product","first","instock","shipping-taxable","purchasable","product-type-simple"],"acf":[],"_links":{"self":[{"href":"https:\/\/mouldking.store\/fr\/wp-json\/wp\/v2\/product\/42547","targetHints":{"allow":["GET"]}}],"collection":[{"href":"https:\/\/mouldking.store\/fr\/wp-json\/wp\/v2\/product"}],"about":[{"href":"https:\/\/mouldking.store\/fr\/wp-json\/wp\/v2\/types\/product"}],"replies":[{"embeddable":true,"href":"https:\/\/mouldking.store\/fr\/wp-json\/wp\/v2\/comments?post=42547"}],"wp:featuredmedia":[{"embeddable":true,"href":"https:\/\/mouldking.store\/fr\/wp-json\/wp\/v2\/media\/42541"}],"wp:attachment":[{"href":"https:\/\/mouldking.store\/fr\/wp-json\/wp\/v2\/media?parent=42547"}],"wp:term":[{"taxonomy":"product_cat","embeddable":true,"href":"https:\/\/mouldking.store\/fr\/wp-json\/wp\/v2\/product_cat?post=42547"},{"taxonomy":"product_tag","embeddable":true,"href":"https:\/\/mouldking.store\/fr\/wp-json\/wp\/v2\/product_tag?post=42547"}],"curies":[{"name":"wp","href":"https:\/\/api.w.org\/{rel}","templated":true}]}}