{"id":42554,"date":"2023-03-02T17:27:57","date_gmt":"2023-03-02T10:27:57","guid":{"rendered":"https:\/\/mouldking.store\/shop\/moc-factory-89456-garten-of-banban-banbaleena-with-127-pieces\/"},"modified":"2025-12-16T22:25:13","modified_gmt":"2025-12-16T15:25:13","slug":"moc-factory-89456-garten-of-banban-banbaleena-with-127-pieces","status":"publish","type":"product","link":"https:\/\/mouldking.store\/fr\/shop\/moc-factory-89456-garten-of-banban-banbaleena-with-127-pieces\/","title":{"rendered":"MOC Factory 89456 Jardin de Banban Banbaleena avec 127 pi\u00e8ces"},"content":{"rendered":"<div>\u2705 MOC-89456 Garten of Banban Banbaleena&nbsp;<\/p>\n<p>\u2705Les monstres sont le principal groupe d&#039;ennemis de la s\u00e9rie de jeux vid\u00e9o d&#039;horreur ind\u00e9pendants Gardens of BanBan. Les monstres ont \u00e9t\u00e9 con\u00e7us \u00e0 l&#039;origine pour s&#039;occuper des enfants de la maternelle de Banban, mais ils ont inexplicablement d\u00e9velopp\u00e9 une nature sauvage et ont commenc\u00e9 \u00e0 s&#039;attaquer au protagoniste lorsqu&#039;ils sont all\u00e9s \u00e0 la maternelle pour chercher leur enfant disparu.<\/p>\n<p>\ud83d\udeabIMPORTANT !<\/p>\n<p>Product Name: Garten of Banban Banbaleena&nbsp;<\/p>\n<p>Cat\u00e9gorie\u00a0: Cr\u00e9ateur<\/p>\n<p>This Kit Contains: C9316Y05<\/p>\n<p>127 pcs Good Quality Bricks<\/p>\n<p>Size: 10.6 x 3.5 x 16.8 cm<\/p>\n<p>Weight: 0.09 kg<\/p>\n<p>Instructions PDF<\/p>\n<p>\ud83d\udcccNature du protagoniste<\/p>\n<p>Introducing our proud collection named \u201cGarten of Banban Banbaleena \u201d you should not miss.<\/p>\n<p>The character&#8217;s face is big, with large, expressive eyes. There are additional decorative elements around the character, including a butterfly bow, that add to the whimsical and playful design of the character.<\/p><\/div>","protected":false},"excerpt":{"rendered":"<p>Marque : MOC Factory<br \/>\nGenre: Unisexe<br \/>\nTranche d&#039;\u00e2ge : &gt; 6 ans<br \/>\nModel Number: 89456<br \/>\nClassement : Assemblage<br \/>\nForme de bloc en plastique\u00a0: briques autobloquantes<br \/>\nMat\u00e9riel: Plastique<br \/>\nType de plastique : ABS<br \/>\nBricks Blocks: 127 +<br \/>\nPas de boite d&#039;origine<\/p>","protected":false},"featured_media":42548,"comment_status":"open","ping_status":"closed","template":"","meta":{"_acf_changed":false},"product_cat":[1365,371,581,1408],"product_tag":[11478,11475,11072,8452,9139,11474,434],"class_list":["product","first","instock","shipping-taxable","purchasable","product-type-simple"],"acf":[],"_links":{"self":[{"href":"https:\/\/mouldking.store\/fr\/wp-json\/wp\/v2\/product\/42554","targetHints":{"allow":["GET"]}}],"collection":[{"href":"https:\/\/mouldking.store\/fr\/wp-json\/wp\/v2\/product"}],"about":[{"href":"https:\/\/mouldking.store\/fr\/wp-json\/wp\/v2\/types\/product"}],"replies":[{"embeddable":true,"href":"https:\/\/mouldking.store\/fr\/wp-json\/wp\/v2\/comments?post=42554"}],"wp:featuredmedia":[{"embeddable":true,"href":"https:\/\/mouldking.store\/fr\/wp-json\/wp\/v2\/media\/42548"}],"wp:attachment":[{"href":"https:\/\/mouldking.store\/fr\/wp-json\/wp\/v2\/media?parent=42554"}],"wp:term":[{"taxonomy":"product_cat","embeddable":true,"href":"https:\/\/mouldking.store\/fr\/wp-json\/wp\/v2\/product_cat?post=42554"},{"taxonomy":"product_tag","embeddable":true,"href":"https:\/\/mouldking.store\/fr\/wp-json\/wp\/v2\/product_tag?post=42554"}],"curies":[{"name":"wp","href":"https:\/\/api.w.org\/{rel}","templated":true}]}}