{"id":42595,"date":"2023-03-02T18:35:09","date_gmt":"2023-03-02T11:35:09","guid":{"rendered":"https:\/\/mouldking.store\/shop\/moc-factory-89451-northrop-grumman-b-2-spirit-stealth-bomber-with-6790-pieces\/"},"modified":"2025-12-16T22:25:12","modified_gmt":"2025-12-16T15:25:12","slug":"moc-factory-89451-northrop-grumman-b-2-spirit-stealth-bomber-with-6790-pieces","status":"publish","type":"product","link":"https:\/\/mouldking.store\/fr\/shop\/moc-factory-89451-northrop-grumman-b-2-spirit-stealth-bomber-with-6790-pieces\/","title":{"rendered":"MOC Factory 89451 Northrop Grumman B-2 Spirit Stealth Bomber avec 6790 pi\u00e8ces"},"content":{"rendered":"<div>\u2705 MOC-89451 Northrop Grumman B-2 Spirit Stealth Bomber<\/p>\n<p>\u2705Le Northrop Grumman B-2 Spirit est un bombardier strat\u00e9gique exploit\u00e9 par l&#039;United States Air Force (USAF). Il s&#039;agit d&#039;un bombardier peu observable, ou &quot;furtif&quot;, con\u00e7u pour p\u00e9n\u00e9trer des d\u00e9fenses anti-a\u00e9riennes denses et livrer des armes nucl\u00e9aires ou conventionnelles avec une pr\u00e9cision de pr\u00e9cision.<\/p>\n<p>\ud83d\udeabIMPORTANT !<\/p>\n<p>Nom du produit : bombardier furtif Northrop Grumman B-2 Spirit<\/p>\n<p>Cat\u00e9gorie : Espace<\/p>\n<p>Ce kit contient : C9353<\/p>\n<p>6790 briques de bonne qualit\u00e9.<\/p>\n<p>Taille : 150 x 75 x 30 cm<\/p>\n<p>Poids\u00a0: 7,07\u00a0kg<\/p>\n<p>Instructions PDF<\/p>\n<p>\ud83d\udcccNature du protagoniste<\/p>\n<p>Vous ne devriez pas manquer la pr\u00e9sentation de notre fi\u00e8re collection nomm\u00e9e &quot;Northrop Grumman B-2 Spirit Stealth Bomber&quot;.<\/p>\n<p>Le B-2 Spirit a \u00e9t\u00e9 d\u00e9velopp\u00e9 dans les ann\u00e9es 1980 et est entr\u00e9 en service en 1997. Il est capable de transporter jusqu&#039;\u00e0 40 000 livres d&#039;armes et a une autonomie de plus de 6 000 miles sans ravitaillement. L&#039;avion se distingue par sa forme \u00e9l\u00e9gante en forme de chauve-souris et sa couleur noire, ce qui contribue \u00e0 r\u00e9duire sa signature radar. Le B-2 Spirit a \u00e9t\u00e9 utilis\u00e9 dans un certain nombre de conflits, notamment dans la guerre du Kosovo et la guerre en Irak.<\/p><\/div>","protected":false},"excerpt":{"rendered":"<p>Marque : MOC Factory<br \/>\nGenre: Unisexe<br \/>\nTranche d&#039;\u00e2ge : &gt; 14 ans<br \/>\nNum\u00e9ro de mod\u00e8le: 89451<br \/>\nClassement : Assemblage<br \/>\nForme de bloc en plastique\u00a0: briques autobloquantes<br \/>\nMat\u00e9riel: Plastique<br \/>\nType de plastique : ABS<br \/>\nBlocs de Briques : 6790 +<br \/>\nPas de boite d&#039;origine<\/p>","protected":false},"featured_media":42590,"comment_status":"open","ping_status":"closed","template":"","meta":{"_acf_changed":false},"product_cat":[1357,6016,364],"product_tag":[5533,11486,11485,2276,11487,11488,11489,389],"class_list":["product","first","instock","shipping-taxable","purchasable","product-type-simple"],"acf":[],"_links":{"self":[{"href":"https:\/\/mouldking.store\/fr\/wp-json\/wp\/v2\/product\/42595","targetHints":{"allow":["GET"]}}],"collection":[{"href":"https:\/\/mouldking.store\/fr\/wp-json\/wp\/v2\/product"}],"about":[{"href":"https:\/\/mouldking.store\/fr\/wp-json\/wp\/v2\/types\/product"}],"replies":[{"embeddable":true,"href":"https:\/\/mouldking.store\/fr\/wp-json\/wp\/v2\/comments?post=42595"}],"wp:featuredmedia":[{"embeddable":true,"href":"https:\/\/mouldking.store\/fr\/wp-json\/wp\/v2\/media\/42590"}],"wp:attachment":[{"href":"https:\/\/mouldking.store\/fr\/wp-json\/wp\/v2\/media?parent=42595"}],"wp:term":[{"taxonomy":"product_cat","embeddable":true,"href":"https:\/\/mouldking.store\/fr\/wp-json\/wp\/v2\/product_cat?post=42595"},{"taxonomy":"product_tag","embeddable":true,"href":"https:\/\/mouldking.store\/fr\/wp-json\/wp\/v2\/product_tag?post=42595"}],"curies":[{"name":"wp","href":"https:\/\/api.w.org\/{rel}","templated":true}]}}