{"id":42607,"date":"2023-03-02T18:43:43","date_gmt":"2023-03-02T11:43:43","guid":{"rendered":"https:\/\/mouldking.store\/shop\/moc-factory-89450-garten-of-banban-mini-dining-table-with-80-pieces\/"},"modified":"2025-12-16T22:25:12","modified_gmt":"2025-12-16T15:25:12","slug":"moc-factory-89450-garten-of-banban-mini-dining-table-with-80-pieces","status":"publish","type":"product","link":"https:\/\/mouldking.store\/fr\/shop\/moc-factory-89450-garten-of-banban-mini-dining-table-with-80-pieces\/","title":{"rendered":"MOC Factory 89450 Garten of Banban Mini table de salle \u00e0 manger avec 80 pi\u00e8ces"},"content":{"rendered":"<div>\u2705 MOC-89450 Mini table de salle \u00e0 manger Garten of Banban<\/p>\n<p>\u2705Les monstres sont le principal groupe d&#039;ennemis de la s\u00e9rie de jeux vid\u00e9o d&#039;horreur ind\u00e9pendants Gardens of BanBan. Les monstres ont \u00e9t\u00e9 con\u00e7us \u00e0 l&#039;origine pour s&#039;occuper des enfants de la maternelle de Banban, mais ils ont inexplicablement d\u00e9velopp\u00e9 une nature sauvage et ont commenc\u00e9 \u00e0 s&#039;attaquer au protagoniste lorsqu&#039;ils sont all\u00e9s \u00e0 la maternelle pour chercher leur enfant disparu.<\/p>\n<p>\ud83d\udeabIMPORTANT !<\/p>\n<p>Nom du produit : Garten of Banban Mini table \u00e0 manger<\/p>\n<p>Cat\u00e9gorie\u00a0: Cr\u00e9ateur<\/p>\n<p>Ce kit contient : C9316Y08<\/p>\n<p>80 briques de bonne qualit\u00e9.<\/p>\n<p>Taille : 10 x 10 x 3,2 cm<\/p>\n<p>Poids\u00a0: 0,03\u00a0kg<\/p>\n<p>Instructions PDF<\/p>\n<p>\ud83d\udcccNature du protagoniste<\/p>\n<p>Vous ne devriez pas manquer la pr\u00e9sentation de notre fi\u00e8re collection nomm\u00e9e &quot;Garten of Banban Mini Dining Table&quot;.<\/p>\n<p>L&#039;ensemble &quot;Garten of Banban Mini Dining Table&quot; comprend une table rouge et quatre chaises de couleurs bleu, rose, jaune et vert. La table et les chaises sont constitu\u00e9es de blocs de construction qui peuvent \u00eatre assembl\u00e9s et personnalis\u00e9s pour cr\u00e9er une salle \u00e0 manger unique et color\u00e9e. L&#039;ensemble ne comprend aucune d\u00e9coration ni accessoire, mais les blocs de construction peuvent \u00eatre utilis\u00e9s pour cr\u00e9er des objets ou des structures suppl\u00e9mentaires.<\/p><\/div>","protected":false},"excerpt":{"rendered":"<p>Marque : MOC Factory<br \/>\nGenre: Unisexe<br \/>\nTranche d&#039;\u00e2ge : &gt; 6 ans<br \/>\nNum\u00e9ro de mod\u00e8le: 89450<br \/>\nClassement : Assemblage<br \/>\nForme de bloc en plastique\u00a0: briques autobloquantes<br \/>\nMat\u00e9riel: Plastique<br \/>\nType de plastique : ABS<br \/>\nBlocs de briques : 80 +<br \/>\nPas de boite d&#039;origine<\/p>","protected":false},"featured_media":42596,"comment_status":"open","ping_status":"closed","template":"","meta":{"_acf_changed":false},"product_cat":[1365,371,581,1408],"product_tag":[11475,11072,8452,11482,9139,11474,434,11483],"class_list":["product","first","instock","shipping-taxable","purchasable","product-type-simple"],"acf":[],"_links":{"self":[{"href":"https:\/\/mouldking.store\/fr\/wp-json\/wp\/v2\/product\/42607","targetHints":{"allow":["GET"]}}],"collection":[{"href":"https:\/\/mouldking.store\/fr\/wp-json\/wp\/v2\/product"}],"about":[{"href":"https:\/\/mouldking.store\/fr\/wp-json\/wp\/v2\/types\/product"}],"replies":[{"embeddable":true,"href":"https:\/\/mouldking.store\/fr\/wp-json\/wp\/v2\/comments?post=42607"}],"wp:featuredmedia":[{"embeddable":true,"href":"https:\/\/mouldking.store\/fr\/wp-json\/wp\/v2\/media\/42596"}],"wp:attachment":[{"href":"https:\/\/mouldking.store\/fr\/wp-json\/wp\/v2\/media?parent=42607"}],"wp:term":[{"taxonomy":"product_cat","embeddable":true,"href":"https:\/\/mouldking.store\/fr\/wp-json\/wp\/v2\/product_cat?post=42607"},{"taxonomy":"product_tag","embeddable":true,"href":"https:\/\/mouldking.store\/fr\/wp-json\/wp\/v2\/product_tag?post=42607"}],"curies":[{"name":"wp","href":"https:\/\/api.w.org\/{rel}","templated":true}]}}