{"id":42619,"date":"2023-03-02T18:56:50","date_gmt":"2023-03-02T11:56:50","guid":{"rendered":"https:\/\/mouldking.store\/shop\/moc-factory-89448-old-water-mill-with-2691-pieces\/"},"modified":"2025-12-16T22:25:12","modified_gmt":"2025-12-16T15:25:12","slug":"moc-factory-89448-old-water-mill-with-2691-pieces","status":"publish","type":"product","link":"https:\/\/mouldking.store\/fr\/shop\/moc-factory-89448-old-water-mill-with-2691-pieces\/","title":{"rendered":"MOC Factory 89448 Ancien moulin \u00e0 eau avec 2691 pi\u00e8ces"},"content":{"rendered":"<div>\u2705 MOC-89448 Ancien moulin \u00e0 eau<\/p>\n<p>\u2705Un ancien moulin \u00e0 eau est un b\u00e2timent historique qui utilise l&#039;\u00e9nergie hydraulique pour moudre les grains en farine ou effectuer d&#039;autres types de travaux m\u00e9caniques. Le moulin se compose g\u00e9n\u00e9ralement d&#039;un grand b\u00e2timent en pierre ou en bois situ\u00e9 \u00e0 c\u00f4t\u00e9 d&#039;un ruisseau ou d&#039;une rivi\u00e8re. L&#039;eau qui coule est dirig\u00e9e sur une roue, qui fait ensuite tourner des engrenages et d&#039;autres pi\u00e8ces m\u00e9caniques pour faire fonctionner les machines de l&#039;usine.<\/p>\n<p>\ud83d\udeabIMPORTANT !<\/p>\n<p>Nom du produit : ancien moulin \u00e0 eau.<\/p>\n<p>Cat\u00e9gorie\u00a0: Cr\u00e9ateur<\/p>\n<p>Ce kit contient : C9287<\/p>\n<p>2691 pi\u00e8ces Briques de bonne qualit\u00e9<\/p>\n<p>Taille : 32 x 20 x 20 cm<\/p>\n<p>Poids\u00a0: 1,44\u00a0kg<\/p>\n<p>Instructions PDF<\/p>\n<p>\ud83d\udcccNature du protagoniste<\/p>\n<p>Vous ne devriez pas manquer la pr\u00e9sentation de notre fi\u00e8re collection nomm\u00e9e &quot;Old Water Mill&quot;.<\/p>\n<p>Les anciens moulins \u00e0 eau sont souvent situ\u00e9s dans des zones rurales pittoresques et peuvent \u00eatre entour\u00e9s de beaux jardins, d&#039;\u00e9tangs ou d&#039;autres caract\u00e9ristiques naturelles. Ils sont un rappel fascinant de l&#039;ing\u00e9niosit\u00e9 et du travail acharn\u00e9 des g\u00e9n\u00e9rations pass\u00e9es et donnent un aper\u00e7u du r\u00f4le important que la meunerie a jou\u00e9 dans les communaut\u00e9s locales \u00e0 travers l&#039;histoire. Aujourd&#039;hui, de nombreux anciens moulins \u00e0 eau ont \u00e9t\u00e9 restaur\u00e9s et transform\u00e9s en mus\u00e9es, restaurants ou autres types d&#039;attractions touristiques.<\/p><\/div>","protected":false},"excerpt":{"rendered":"<p>Marque : MOC Factory<br \/>\nGenre: Unisexe<br \/>\nTranche d&#039;\u00e2ge : &gt; 6 ans<br \/>\nNum\u00e9ro de mod\u00e8le: 89448<br \/>\nClassement : Assemblage<br \/>\nForme de bloc en plastique\u00a0: briques autobloquantes<br \/>\nMat\u00e9riel: Plastique<br \/>\nType de plastique : ABS<br \/>\nBlocs de Briques : 2691 +<br \/>\nPas de boite d&#039;origine<\/p>","protected":false},"featured_media":42615,"comment_status":"open","ping_status":"closed","template":"","meta":{"_acf_changed":false},"product_cat":[1365,1395,371,390],"product_tag":[11072,8452,11370,392,10338],"class_list":["product","first","instock","shipping-taxable","purchasable","product-type-simple"],"acf":[],"_links":{"self":[{"href":"https:\/\/mouldking.store\/fr\/wp-json\/wp\/v2\/product\/42619","targetHints":{"allow":["GET"]}}],"collection":[{"href":"https:\/\/mouldking.store\/fr\/wp-json\/wp\/v2\/product"}],"about":[{"href":"https:\/\/mouldking.store\/fr\/wp-json\/wp\/v2\/types\/product"}],"replies":[{"embeddable":true,"href":"https:\/\/mouldking.store\/fr\/wp-json\/wp\/v2\/comments?post=42619"}],"wp:featuredmedia":[{"embeddable":true,"href":"https:\/\/mouldking.store\/fr\/wp-json\/wp\/v2\/media\/42615"}],"wp:attachment":[{"href":"https:\/\/mouldking.store\/fr\/wp-json\/wp\/v2\/media?parent=42619"}],"wp:term":[{"taxonomy":"product_cat","embeddable":true,"href":"https:\/\/mouldking.store\/fr\/wp-json\/wp\/v2\/product_cat?post=42619"},{"taxonomy":"product_tag","embeddable":true,"href":"https:\/\/mouldking.store\/fr\/wp-json\/wp\/v2\/product_tag?post=42619"}],"curies":[{"name":"wp","href":"https:\/\/api.w.org\/{rel}","templated":true}]}}