{"id":42639,"date":"2023-03-06T10:47:57","date_gmt":"2023-03-06T03:47:57","guid":{"rendered":"https:\/\/mouldking.store\/shop\/moc-factory-130576-gingerbread-castle-with-3971-pieces\/"},"modified":"2025-12-16T22:25:11","modified_gmt":"2025-12-16T15:25:11","slug":"moc-factory-130576-gingerbread-castle-with-3971-pieces","status":"publish","type":"product","link":"https:\/\/mouldking.store\/fr\/shop\/moc-factory-130576-gingerbread-castle-with-3971-pieces\/","title":{"rendered":"MOC Factory 130576 Ch\u00e2teau en pain d&#039;\u00e9pice avec 3971 pi\u00e8ces"},"content":{"rendered":"<div>\u2705 MOC-130576 Gingerbread Castle<\/p>\n<p>\u2705A Gingerbread Castle is a type of festive and decorative display made from gingerbread, typically during the Christmas holiday season. It is a popular activity for families and individuals to make a gingerbread castle as a fun and creative way to celebrate the holidays.<\/p>\n<p>\ud83d\udeabIMPORTANT !<\/p>\n<p>Product Name: Gingerbread Castle<\/p>\n<p>Cat\u00e9gorie : Construction Modulaire<\/p>\n<p>This Kit Contains: MOC-130576<\/p>\n<p>3971 pcs Good Quality Bricks<\/p>\n<p>Size: 31.9 x 49 x 49cm<\/p>\n<p>Poids : 3500g<\/p>\n<p>Instructions PDF<\/p>\n<p>\ud83d\udcccNature du protagoniste<\/p>\n<p>Introducing our proud collection named \u201cGingerbread Castle\u201d you should not miss.<\/p>\n<p>A Gingerbread Castle is usually made by baking large sheets of gingerbread and cutting them into shapes to construct the walls, towers, and roofs of the castle. The individual pieces are then decorated with icing, candies, and other edible materials to create a detailed and visually appealing display.<\/p><\/div>","protected":false},"excerpt":{"rendered":"<p>Marque : MOC Factory<br \/>\nGenre: Unisexe<br \/>\nTranche d&#039;\u00e2ge : &gt; 12 ans<br \/>\nModel Number: 130576<br \/>\nClassement : Assemblage<br \/>\nForme de bloc en plastique\u00a0: briques autobloquantes<br \/>\nMat\u00e9riel: Plastique<br \/>\nType de plastique : ABS<br \/>\nBricks Blocks: 3971 +<br \/>\nTemps d&#039;arrangement\u00a0: 4 \u00e0 8\u00a0semaines<\/p>","protected":false},"featured_media":42633,"comment_status":"open","ping_status":"closed","template":"","meta":{"_acf_changed":false},"product_cat":[1365,1395,371,390],"product_tag":[787,1066,11072,8452,7499,11099,392,10511],"class_list":["product","first","instock","shipping-taxable","purchasable","product-type-simple"],"acf":[],"_links":{"self":[{"href":"https:\/\/mouldking.store\/fr\/wp-json\/wp\/v2\/product\/42639","targetHints":{"allow":["GET"]}}],"collection":[{"href":"https:\/\/mouldking.store\/fr\/wp-json\/wp\/v2\/product"}],"about":[{"href":"https:\/\/mouldking.store\/fr\/wp-json\/wp\/v2\/types\/product"}],"replies":[{"embeddable":true,"href":"https:\/\/mouldking.store\/fr\/wp-json\/wp\/v2\/comments?post=42639"}],"wp:featuredmedia":[{"embeddable":true,"href":"https:\/\/mouldking.store\/fr\/wp-json\/wp\/v2\/media\/42633"}],"wp:attachment":[{"href":"https:\/\/mouldking.store\/fr\/wp-json\/wp\/v2\/media?parent=42639"}],"wp:term":[{"taxonomy":"product_cat","embeddable":true,"href":"https:\/\/mouldking.store\/fr\/wp-json\/wp\/v2\/product_cat?post=42639"},{"taxonomy":"product_tag","embeddable":true,"href":"https:\/\/mouldking.store\/fr\/wp-json\/wp\/v2\/product_tag?post=42639"}],"curies":[{"name":"wp","href":"https:\/\/api.w.org\/{rel}","templated":true}]}}