{"id":42682,"date":"2023-03-06T11:54:41","date_gmt":"2023-03-06T04:54:41","guid":{"rendered":"https:\/\/mouldking.store\/shop\/moc-factory-67589-sukhoi-su-25-frogfoot-with-900-pieces\/"},"modified":"2025-12-16T22:25:11","modified_gmt":"2025-12-16T15:25:11","slug":"moc-factory-67589-sukhoi-su-25-frogfoot-with-900-pieces","status":"publish","type":"product","link":"https:\/\/mouldking.store\/fr\/shop\/moc-factory-67589-sukhoi-su-25-frogfoot-with-900-pieces\/","title":{"rendered":"MOC Factory 67589 Sukhoi Su-25 Frogfoot avec 900 pi\u00e8ces"},"content":{"rendered":"<div>\u2705MOC-67589 Sukhoi Su-25 Pied-de-grenouille<\/p>\n<p>\u2705Le Sukhoi Su-25 Frogfoot est un avion d&#039;attaque au sol d\u00e9velopp\u00e9 par l&#039;Union sovi\u00e9tique dans les ann\u00e9es 1970. Il a \u00e9t\u00e9 con\u00e7u pour fournir un appui a\u00e9rien rapproch\u00e9 aux forces terrestres et pour attaquer les blind\u00e9s, les troupes et les fortifications ennemis. L&#039;avion est entr\u00e9 en service dans l&#039;arm\u00e9e de l&#039;air sovi\u00e9tique en 1981 et a depuis \u00e9t\u00e9 largement export\u00e9 vers d&#039;autres pays.<\/p>\n<p>\ud83d\udeabIMPORTANT !<\/p>\n<p>Nom du produit: Sukhoi Su-25 Frogfoot<\/p>\n<p>Cat\u00e9gorie : Militaire<\/p>\n<p>Ce kit contient : MOC-67589<\/p>\n<p>900 briques de bonne qualit\u00e9.<\/p>\n<p>Poids : 900g<\/p>\n<p>Instructions PDF<\/p>\n<p>\ud83d\udcccNature du protagoniste<\/p>\n<p>Vous ne devriez pas manquer la pr\u00e9sentation de notre fi\u00e8re collection nomm\u00e9e &quot;Sukhoi Su-25 Frogfoot&quot;.<\/p>\n<p>Le Su-25 est un avion \u00e0 r\u00e9action bimoteur avec une aile droite et un nez distinctif en \u00ab bec de canard \u00bb qui abrite les armes et les syst\u00e8mes de d\u00e9tection de l&#039;avion. Il est lourdement blind\u00e9 et peut r\u00e9sister \u00e0 d&#039;importants d\u00e9g\u00e2ts de combat, ce qui en fait un choix populaire pour les missions d&#039;appui a\u00e9rien rapproch\u00e9. Le Su-25 est arm\u00e9 d&#039;une vari\u00e9t\u00e9 d&#039;armes, dont un canon de 30 mm, des roquettes et des bombes. Il peut transporter jusqu&#039;\u00e0 8 800 livres de munitions et peut engager des cibles \u00e0 des distances allant jusqu&#039;\u00e0 6 milles. Le Su-25 a \u00e9t\u00e9 utilis\u00e9 dans un certain nombre de conflits \u00e0 travers le monde, notamment la guerre sovi\u00e9to-afghane, la guerre Iran-Irak et les conflits en Tch\u00e9tch\u00e9nie et en Ukraine. L&#039;avion a \u00e9t\u00e9 salu\u00e9 pour sa durabilit\u00e9 et son efficacit\u00e9 dans les missions d&#039;attaque au sol, et il reste en service dans plusieurs forces a\u00e9riennes du monde entier.<\/p><\/div>","protected":false},"excerpt":{"rendered":"<p>Marque : MOC Factory<br \/>\nGenre: Unisexe<br \/>\nTranche d&#039;\u00e2ge : &gt; 12 ans<br \/>\nNum\u00e9ro de mod\u00e8le: 67589<br \/>\nClassement : Assemblage<br \/>\nForme de bloc en plastique\u00a0: briques autobloquantes<br \/>\nMat\u00e9riel: Plastique<br \/>\nType de plastique : ABS<br \/>\nBlocs de briques : 900 +<br \/>\nTemps d&#039;arrangement\u00a0: 4 \u00e0 8\u00a0semaines<\/p>","protected":false},"featured_media":42676,"comment_status":"open","ping_status":"closed","template":"","meta":{"_acf_changed":false},"product_cat":[1350,1357,372,364],"product_tag":[5271,374,389],"class_list":["product","first","instock","shipping-taxable","purchasable","product-type-simple"],"acf":[],"_links":{"self":[{"href":"https:\/\/mouldking.store\/fr\/wp-json\/wp\/v2\/product\/42682","targetHints":{"allow":["GET"]}}],"collection":[{"href":"https:\/\/mouldking.store\/fr\/wp-json\/wp\/v2\/product"}],"about":[{"href":"https:\/\/mouldking.store\/fr\/wp-json\/wp\/v2\/types\/product"}],"replies":[{"embeddable":true,"href":"https:\/\/mouldking.store\/fr\/wp-json\/wp\/v2\/comments?post=42682"}],"wp:featuredmedia":[{"embeddable":true,"href":"https:\/\/mouldking.store\/fr\/wp-json\/wp\/v2\/media\/42676"}],"wp:attachment":[{"href":"https:\/\/mouldking.store\/fr\/wp-json\/wp\/v2\/media?parent=42682"}],"wp:term":[{"taxonomy":"product_cat","embeddable":true,"href":"https:\/\/mouldking.store\/fr\/wp-json\/wp\/v2\/product_cat?post=42682"},{"taxonomy":"product_tag","embeddable":true,"href":"https:\/\/mouldking.store\/fr\/wp-json\/wp\/v2\/product_tag?post=42682"}],"curies":[{"name":"wp","href":"https:\/\/api.w.org\/{rel}","templated":true}]}}