{"id":42715,"date":"2023-03-08T09:32:14","date_gmt":"2023-03-08T02:32:14","guid":{"rendered":"https:\/\/mouldking.store\/shop\/mj-13017-harry-potter-magic-train-with-929-pieces\/"},"modified":"2023-03-08T09:32:14","modified_gmt":"2023-03-08T02:32:14","slug":"mj-13017-harry-potter-magic-train-with-929-pieces","status":"publish","type":"product","link":"https:\/\/mouldking.store\/fr\/shop\/mj-13017-harry-potter-magic-train-with-929-pieces\/","title":{"rendered":"MJ 13017 Train magique Harry Potter avec 929 pi\u00e8ces"},"content":{"rendered":"<div>\u2705 MJI 13017 Train Magique Harry Potter<br \/>&nbsp;<br \/>\u2705Le train magique Harry Potter, \u00e9galement connu sous le nom de Poudlard Express, est une locomotive \u00e0 vapeur fictive de la s\u00e9rie de romans et de films Harry Potter. Le train circule entre la gare de King&#039;s Cross \u00e0 Londres et la gare de Pr\u00e9-au-Lard pr\u00e8s de l&#039;\u00e9cole de sorcellerie et de sorcellerie de Poudlard.<br \/>&nbsp;<br \/>\ud83d\udeabIMPORTANT !&nbsp;<br \/>&nbsp;<br \/>Nom du produit : train magique Harry Potter.<br \/>&nbsp;<br \/>Cat\u00e9gorie : Film<br \/>&nbsp;<br \/>Ce kit contient : MJI 13017<br \/>&nbsp;<br \/>929 briques de bonne qualit\u00e9.&nbsp;<br \/>&nbsp;<br \/>Instructions manuelles&nbsp;<br \/>&nbsp;<br \/>\ud83d\udcccNature du protagoniste&nbsp;<br \/>&nbsp;<br \/>Vous ne devriez pas manquer la pr\u00e9sentation de notre fi\u00e8re collection nomm\u00e9e &quot;Harry Potter Magic Train&quot;.&nbsp;<\/p>\n<p>Dans l&#039;histoire, le Poudlard Express est utilis\u00e9 par de jeunes sorci\u00e8res et sorciers pour se rendre \u00e0 Poudlard au d\u00e9but de chaque ann\u00e9e scolaire. Le trajet en train est une partie importante du monde magique de Harry Potter, car il permet aux \u00e9tudiants d&#039;arriver \u00e0 Poudlard avec style et de commencer leur \u00e9ducation magique.<\/p><\/div>","protected":false},"excerpt":{"rendered":"<p>Marque : MJ<br \/>\nGenre: Unisexe<br \/>\nTranche d&#039;\u00e2ge : &gt; 12 ans<br \/>\nNum\u00e9ro de mod\u00e8le: 13017<br \/>\nClassement : Assemblage<br \/>\nForme de bloc en plastique\u00a0: briques autobloquantes<br \/>\nMat\u00e9riel: Plastique<br \/>\nType de plastique : ABS<br \/>\nBlocs de briques : 929 +<br \/>\nPas de boite d&#039;origine<\/p>","protected":false},"featured_media":42712,"comment_status":"open","ping_status":"closed","template":"","meta":{"_acf_changed":false},"product_cat":[1365,1357,371,581,364,1408],"product_tag":[11072,8452,5724,8858,434,389,300],"class_list":["product","first","instock","shipping-taxable","purchasable","product-type-simple"],"acf":[],"_links":{"self":[{"href":"https:\/\/mouldking.store\/fr\/wp-json\/wp\/v2\/product\/42715","targetHints":{"allow":["GET"]}}],"collection":[{"href":"https:\/\/mouldking.store\/fr\/wp-json\/wp\/v2\/product"}],"about":[{"href":"https:\/\/mouldking.store\/fr\/wp-json\/wp\/v2\/types\/product"}],"replies":[{"embeddable":true,"href":"https:\/\/mouldking.store\/fr\/wp-json\/wp\/v2\/comments?post=42715"}],"wp:featuredmedia":[{"embeddable":true,"href":"https:\/\/mouldking.store\/fr\/wp-json\/wp\/v2\/media\/42712"}],"wp:attachment":[{"href":"https:\/\/mouldking.store\/fr\/wp-json\/wp\/v2\/media?parent=42715"}],"wp:term":[{"taxonomy":"product_cat","embeddable":true,"href":"https:\/\/mouldking.store\/fr\/wp-json\/wp\/v2\/product_cat?post=42715"},{"taxonomy":"product_tag","embeddable":true,"href":"https:\/\/mouldking.store\/fr\/wp-json\/wp\/v2\/product_tag?post=42715"}],"curies":[{"name":"wp","href":"https:\/\/api.w.org\/{rel}","templated":true}]}}