{"id":42761,"date":"2023-03-09T18:51:43","date_gmt":"2023-03-09T11:51:43","guid":{"rendered":"https:\/\/mouldking.store\/shop\/zhegao-qj5182-honda-cbr-with-811-pieces\/"},"modified":"2023-03-09T18:51:43","modified_gmt":"2023-03-09T11:51:43","slug":"zhegao-qj5182-honda-cbr-with-811-pieces","status":"publish","type":"product","link":"https:\/\/mouldking.store\/fr\/shop\/zhegao-qj5182-honda-cbr-with-811-pieces\/","title":{"rendered":"ZHEGAO QJ5182 Honda CBR avec 811 pi\u00e8ces"},"content":{"rendered":"<div>\u2705 ZHEGAO QJ5182 Honda CBR<br \/>&nbsp;<br \/>\u2705La Honda CBR est une gamme populaire de motos sportives produites par le fabricant japonais Honda. La s\u00e9rie CBR a \u00e9t\u00e9 introduite pour la premi\u00e8re fois en 1987 et est depuis devenue l&#039;une des gammes de v\u00e9los de sport les plus reconnues et les plus respect\u00e9es au monde.<br \/>&nbsp;<br \/>\ud83d\udeabIMPORTANT !&nbsp;<br \/>&nbsp;<br \/>Nom du produit : Honda CBR<br \/>&nbsp;<br \/>Cat\u00e9gorie : Technique<\/p>\n<p>Ce kit contient : ZHEGAO QJ5182<br \/>&nbsp;<br \/>811 briques de bonne qualit\u00e9.&nbsp;<br \/>&nbsp;<br \/>Taille : 33,76 \u00d7 21,4 cm<br \/>&nbsp;<br \/>Instructions manuelles&nbsp;<br \/>&nbsp;<br \/>\ud83d\udcccNature du protagoniste&nbsp;<br \/>&nbsp;<br \/>Vous ne devriez pas manquer la pr\u00e9sentation de notre fi\u00e8re collection nomm\u00e9e &quot;Honda CBR&quot;.&nbsp;<br \/>&nbsp;<br \/>La s\u00e9rie CBR comprend une gamme de mod\u00e8les avec diff\u00e9rentes tailles et configurations de moteur, telles que les CBR600RR, CBR650R, CBR1000RR et CBR1100XX. Ces motos sont connues pour leurs moteurs puissants, leur maniabilit\u00e9 agile et leur technologie de pointe, comme le syst\u00e8me Honda Selectable Torque Control (HSTC), qui aide \u00e0 pr\u00e9venir le patinage des roues arri\u00e8re pendant l&#039;acc\u00e9l\u00e9ration.<\/div>","protected":false},"excerpt":{"rendered":"<p>Marque : ZHEGAO<br \/>\nGenre: Unisexe<br \/>\nTranche d&#039;\u00e2ge : &gt; 6 ans<br \/>\nNum\u00e9ro de mod\u00e8le: QJ5182<br \/>\nClassement : Assemblage<br \/>\nForme de bloc en plastique\u00a0: briques autobloquantes<br \/>\nMat\u00e9riel: Plastique<br \/>\nType de plastique : ABS<br \/>\nBlocs de briques : 811 +<br \/>\nPr\u00e9vente<\/p>","protected":false},"featured_media":42759,"comment_status":"open","ping_status":"closed","template":"","meta":{"_acf_changed":false},"product_cat":[1357,364],"product_tag":[9118,2449,389,11080],"class_list":["product","first","instock","shipping-taxable","purchasable","product-type-simple"],"acf":[],"_links":{"self":[{"href":"https:\/\/mouldking.store\/fr\/wp-json\/wp\/v2\/product\/42761","targetHints":{"allow":["GET"]}}],"collection":[{"href":"https:\/\/mouldking.store\/fr\/wp-json\/wp\/v2\/product"}],"about":[{"href":"https:\/\/mouldking.store\/fr\/wp-json\/wp\/v2\/types\/product"}],"replies":[{"embeddable":true,"href":"https:\/\/mouldking.store\/fr\/wp-json\/wp\/v2\/comments?post=42761"}],"wp:featuredmedia":[{"embeddable":true,"href":"https:\/\/mouldking.store\/fr\/wp-json\/wp\/v2\/media\/42759"}],"wp:attachment":[{"href":"https:\/\/mouldking.store\/fr\/wp-json\/wp\/v2\/media?parent=42761"}],"wp:term":[{"taxonomy":"product_cat","embeddable":true,"href":"https:\/\/mouldking.store\/fr\/wp-json\/wp\/v2\/product_cat?post=42761"},{"taxonomy":"product_tag","embeddable":true,"href":"https:\/\/mouldking.store\/fr\/wp-json\/wp\/v2\/product_tag?post=42761"}],"curies":[{"name":"wp","href":"https:\/\/api.w.org\/{rel}","templated":true}]}}