{"id":42778,"date":"2023-03-10T15:32:39","date_gmt":"2023-03-10T08:32:39","guid":{"rendered":"https:\/\/mouldking.store\/shop\/moc-factory-38624-paths-of-the-dead-with-2706-pieces\/"},"modified":"2025-12-16T22:25:11","modified_gmt":"2025-12-16T15:25:11","slug":"moc-factory-38624-paths-of-the-dead-with-2706-pieces","status":"publish","type":"product","link":"https:\/\/mouldking.store\/fr\/shop\/moc-factory-38624-paths-of-the-dead-with-2706-pieces\/","title":{"rendered":"MOC Factory 38624 Paths of the Dead avec 2706 pi\u00e8ces"},"content":{"rendered":"<div>\u2705 MOC-38624 Chemins des morts<\/p>\n<p>\u2705The Paths of the Dead est un lieu fictif du l\u00e9gendaire de la Terre du Milieu de JRR Tolkien. C&#039;est un passage hant\u00e9 qui m\u00e8ne \u00e0 travers les Montagnes Blanches, situ\u00e9es dans la r\u00e9gion du Gondor.<\/p>\n<p>\ud83d\udeabIMPORTANT !<\/p>\n<p>Nom du produit : Chemins des morts<\/p>\n<p>Cat\u00e9gorie : Film<\/p>\n<p>Ce kit contient : MOC-38624&nbsp;<\/p>\n<p>2706 pi\u00e8ces Briques de bonne qualit\u00e9<\/p>\n<p>Taille : largeur 70,3 cm longueur 41,6 cm hauteur 23 cm<\/p>\n<p>Instructions PDF<\/p>\n<p>\ud83d\udcccNature du protagoniste<\/p>\n<p>Vous ne devriez pas manquer la pr\u00e9sentation de notre fi\u00e8re collection nomm\u00e9e &quot;Paths of the Dead&quot;.<\/p>\n<p>Les Chemins des Morts \u00e9taient autrefois un passage emprunt\u00e9 par les Hommes des Montagnes, qui avaient pr\u00eat\u00e9 all\u00e9geance \u00e0 Isildur, le Haut Roi du Gondor. Cependant, pendant la Guerre de la Derni\u00e8re Alliance, les Hommes des Montagnes ont trahi Isildur et son arm\u00e9e, entra\u00eenant leur d\u00e9faite et la perte de l&#039;Anneau Unique. En guise de punition, Isildur maudit les Hommes des Montagnes et le passage, disant qu&#039;ils seraient li\u00e9s au passage jusqu&#039;\u00e0 ce qu&#039;ils remplissent leur serment d&#039;all\u00e9geance.<\/p><\/div>","protected":false},"excerpt":{"rendered":"<p>Marque : MOC Factory<br \/>\nGenre: Unisexe<br \/>\nTranche d&#039;\u00e2ge : &gt; 12 ans<br \/>\nNum\u00e9ro de mod\u00e8le: 38624<br \/>\nClassement : Assemblage<br \/>\nForme de bloc en plastique\u00a0: briques autobloquantes<br \/>\nMat\u00e9riel: Plastique<br \/>\nType de plastique : ABS<br \/>\nBlocs de Briques : 2706 +<br \/>\nTemps d&#039;arrangement\u00a0: 4 \u00e0 8\u00a0semaines<\/p>","protected":false},"featured_media":42777,"comment_status":"open","ping_status":"closed","template":"","meta":{"_acf_changed":false},"product_cat":[1365,581,1408],"product_tag":[8452,434,6169],"class_list":["product","first","instock","shipping-taxable","purchasable","product-type-simple"],"acf":[],"_links":{"self":[{"href":"https:\/\/mouldking.store\/fr\/wp-json\/wp\/v2\/product\/42778","targetHints":{"allow":["GET"]}}],"collection":[{"href":"https:\/\/mouldking.store\/fr\/wp-json\/wp\/v2\/product"}],"about":[{"href":"https:\/\/mouldking.store\/fr\/wp-json\/wp\/v2\/types\/product"}],"replies":[{"embeddable":true,"href":"https:\/\/mouldking.store\/fr\/wp-json\/wp\/v2\/comments?post=42778"}],"wp:featuredmedia":[{"embeddable":true,"href":"https:\/\/mouldking.store\/fr\/wp-json\/wp\/v2\/media\/42777"}],"wp:attachment":[{"href":"https:\/\/mouldking.store\/fr\/wp-json\/wp\/v2\/media?parent=42778"}],"wp:term":[{"taxonomy":"product_cat","embeddable":true,"href":"https:\/\/mouldking.store\/fr\/wp-json\/wp\/v2\/product_cat?post=42778"},{"taxonomy":"product_tag","embeddable":true,"href":"https:\/\/mouldking.store\/fr\/wp-json\/wp\/v2\/product_tag?post=42778"}],"curies":[{"name":"wp","href":"https:\/\/api.w.org\/{rel}","templated":true}]}}