{"id":42780,"date":"2023-03-10T15:44:54","date_gmt":"2023-03-10T08:44:54","guid":{"rendered":"https:\/\/mouldking.store\/shop\/moc-factory-89447-isd-ii-commandobridge-with-6532-pieces\/"},"modified":"2025-12-16T22:25:11","modified_gmt":"2025-12-16T15:25:11","slug":"moc-factory-89447-isd-ii-commandobridge-with-6532-pieces","status":"publish","type":"product","link":"https:\/\/mouldking.store\/fr\/shop\/moc-factory-89447-isd-ii-commandobridge-with-6532-pieces\/","title":{"rendered":"MOC Factory 89447 ISD II Commandobridge avec 6532 pi\u00e8ces"},"content":{"rendered":"<div>\u2705 MOC-89447 ISD II Commandobridge<\/p>\n<p>\u2705Le pont de commande ISD II est un lieu fictif de l&#039;univers Star Wars, en particulier dans la deuxi\u00e8me version du Star Destroyer de classe imp\u00e9riale, qui est un grand vaisseau capital utilis\u00e9 par l&#039;Empire galactique.<\/p>\n<p>\ud83d\udeabIMPORTANT !<\/p>\n<p>Nom du produit : ISD II Commandobridge<\/p>\n<p>Cat\u00e9gorie : Guerres des \u00e9toiles<\/p>\n<p>Ce kit contient : MOC-89447<\/p>\n<p>6532 briques de bonne qualit\u00e9.<\/p>\n<p>Instructions PDF<\/p>\n<p>\ud83d\udcccNature du protagoniste<\/p>\n<p>Vous ne devriez pas manquer la pr\u00e9sentation de notre fi\u00e8re collection nomm\u00e9e &quot;ISD II Commandobridge&quot;.<\/p>\n<p>Le pont de commandement ISD II est le principal centre de contr\u00f4le du destroyer stellaire de classe imp\u00e9riale, et c&#039;est l\u00e0 que le capitaine et les officiers sup\u00e9rieurs du navire coordonnent et dirigent les op\u00e9rations du navire. Le pont est situ\u00e9 sur le dessus de la coque du Star Destroyer, ce qui lui donne une vue imprenable sur l&#039;espace environnant. Dans les films Star Wars et l&#039;univers \u00e9largi, le pont de commande ISD II est d\u00e9crit comme une grande pi\u00e8ce spacieuse avec plusieurs stations pour diverses fonctions du navire, y compris la navigation, les communications et le contr\u00f4le des armes. Le fauteuil du capitaine est situ\u00e9 au centre de la passerelle, avec d&#039;autres officiers post\u00e9s autour de lui pour fournir un soutien et des commentaires.<\/p><\/div>","protected":false},"excerpt":{"rendered":"<p>Marque : MOC Factory<br \/>\nGenre: Unisexe<br \/>\nTranche d&#039;\u00e2ge : &gt; 12 ans<br \/>\nNum\u00e9ro de mod\u00e8le: 89447<br \/>\nClassement : Assemblage<br \/>\nForme de bloc en plastique\u00a0: briques autobloquantes<br \/>\nMat\u00e9riel: Plastique<br \/>\nType de plastique : ABS<br \/>\nBlocs de Briques : 6532 +<br \/>\nTemps d&#039;arrangement\u00a0: 4 \u00e0 8\u00a0semaines<\/p>","protected":false},"featured_media":42779,"comment_status":"open","ping_status":"closed","template":"","meta":{"_acf_changed":false},"product_cat":[1350,372,581,6016,415,1408],"product_tag":[10639,374,434,2276,436],"class_list":["product","first","instock","shipping-taxable","purchasable","product-type-simple"],"acf":[],"_links":{"self":[{"href":"https:\/\/mouldking.store\/fr\/wp-json\/wp\/v2\/product\/42780","targetHints":{"allow":["GET"]}}],"collection":[{"href":"https:\/\/mouldking.store\/fr\/wp-json\/wp\/v2\/product"}],"about":[{"href":"https:\/\/mouldking.store\/fr\/wp-json\/wp\/v2\/types\/product"}],"replies":[{"embeddable":true,"href":"https:\/\/mouldking.store\/fr\/wp-json\/wp\/v2\/comments?post=42780"}],"wp:featuredmedia":[{"embeddable":true,"href":"https:\/\/mouldking.store\/fr\/wp-json\/wp\/v2\/media\/42779"}],"wp:attachment":[{"href":"https:\/\/mouldking.store\/fr\/wp-json\/wp\/v2\/media?parent=42780"}],"wp:term":[{"taxonomy":"product_cat","embeddable":true,"href":"https:\/\/mouldking.store\/fr\/wp-json\/wp\/v2\/product_cat?post=42780"},{"taxonomy":"product_tag","embeddable":true,"href":"https:\/\/mouldking.store\/fr\/wp-json\/wp\/v2\/product_tag?post=42780"}],"curies":[{"name":"wp","href":"https:\/\/api.w.org\/{rel}","templated":true}]}}