{"id":42814,"date":"2023-03-13T12:22:45","date_gmt":"2023-03-13T05:22:45","guid":{"rendered":"https:\/\/mouldking.store\/shop\/dk-7023-aquarium-ocean-jellyfish-ecological-tank-with-725-pieces\/"},"modified":"2023-03-13T12:22:45","modified_gmt":"2023-03-13T05:22:45","slug":"dk-7023-aquarium-ocean-jellyfish-ecological-tank-with-725-pieces","status":"publish","type":"product","link":"https:\/\/mouldking.store\/fr\/shop\/dk-7023-aquarium-ocean-jellyfish-ecological-tank-with-725-pieces\/","title":{"rendered":"DK 7023 Aquarium : R\u00e9servoir \u00e9cologique Ocean Jellyfish avec 725 pi\u00e8ces"},"content":{"rendered":"<div>\u2705 DK 7023 Aquarium: Ocean Jellyfish Ecological Tank<br \/>&nbsp;<br \/>\u2705An Aquarium: Ocean Jellyfish Ecological Tank is a type of aquarium that is specifically designed to house jellyfish. Unlike traditional aquariums, these tanks are usually cylindrical or spherical in shape and have no corners or edges to prevent the jellyfish from getting stuck or injured.<br \/>&nbsp;<br \/>\ud83d\udeabIMPORTANT !&nbsp;<br \/>&nbsp;<br \/>Product Name: Aquarium: Ocean Jellyfish Ecological Tank<br \/>&nbsp;<br \/>Cat\u00e9gorie\u00a0: Cr\u00e9ateur&nbsp;<br \/>&nbsp;<br \/>This Kit Contains: DK 7023<br \/>&nbsp;<br \/>725 pcs Good Quality Bricks&nbsp;<br \/>&nbsp;<br \/>Taille : 23,6 \u00d7 14,8 cm&nbsp;<br \/>&nbsp;<br \/>Instructions manuelles&nbsp;<br \/>&nbsp;<br \/>\ud83d\udcccNature du protagoniste&nbsp;<br \/>&nbsp;<br \/>Introducing our proud collection named \u201cAquarium: Ocean Jellyfish Ecological Tank\u201d you should not miss.&nbsp;<br \/>&nbsp;<br \/>In terms of ecology, these tanks are often designed to be self-sustaining ecosystems, with natural bacteria and other organisms breaking down waste and maintaining a healthy balance of nutrients and oxygen levels. This helps to create a healthy and stable environment for the jellyfish to thrive in.<\/div>","protected":false},"excerpt":{"rendered":"<p>Marque : DK<br \/>\nGenre: Unisexe<br \/>\nTranche d&#039;\u00e2ge : &gt; 8 ans<br \/>\nModel Number: 7023<br \/>\nClassement : Assemblage<br \/>\nForme de bloc en plastique\u00a0: briques autobloquantes<br \/>\nMat\u00e9riel: Plastique<br \/>\nType de plastique : ABS<br \/>\nBricks Blocks: 725 +<br \/>\nPas de boite d&#039;origine<\/p>","protected":false},"featured_media":42810,"comment_status":"open","ping_status":"closed","template":"","meta":{"_acf_changed":false},"product_cat":[1365,371],"product_tag":[11513,3043,11512,11072,8452,7907,11511,6469,485],"class_list":["product","first","instock","shipping-taxable","purchasable","product-type-simple"],"acf":[],"_links":{"self":[{"href":"https:\/\/mouldking.store\/fr\/wp-json\/wp\/v2\/product\/42814","targetHints":{"allow":["GET"]}}],"collection":[{"href":"https:\/\/mouldking.store\/fr\/wp-json\/wp\/v2\/product"}],"about":[{"href":"https:\/\/mouldking.store\/fr\/wp-json\/wp\/v2\/types\/product"}],"replies":[{"embeddable":true,"href":"https:\/\/mouldking.store\/fr\/wp-json\/wp\/v2\/comments?post=42814"}],"wp:featuredmedia":[{"embeddable":true,"href":"https:\/\/mouldking.store\/fr\/wp-json\/wp\/v2\/media\/42810"}],"wp:attachment":[{"href":"https:\/\/mouldking.store\/fr\/wp-json\/wp\/v2\/media?parent=42814"}],"wp:term":[{"taxonomy":"product_cat","embeddable":true,"href":"https:\/\/mouldking.store\/fr\/wp-json\/wp\/v2\/product_cat?post=42814"},{"taxonomy":"product_tag","embeddable":true,"href":"https:\/\/mouldking.store\/fr\/wp-json\/wp\/v2\/product_tag?post=42814"}],"curies":[{"name":"wp","href":"https:\/\/api.w.org\/{rel}","templated":true}]}}