{"id":42819,"date":"2023-03-13T12:27:58","date_gmt":"2023-03-13T05:27:58","guid":{"rendered":"https:\/\/mouldking.store\/shop\/dk-7024-aquarium-sea-turtle-ecological-tank-with-753-pieces\/"},"modified":"2023-03-13T12:27:58","modified_gmt":"2023-03-13T05:27:58","slug":"dk-7024-aquarium-sea-turtle-ecological-tank-with-753-pieces","status":"publish","type":"product","link":"https:\/\/mouldking.store\/fr\/shop\/dk-7024-aquarium-sea-turtle-ecological-tank-with-753-pieces\/","title":{"rendered":"DK 7024 Aquarium\u00a0: r\u00e9servoir \u00e9cologique de tortues de mer avec 753\u00a0pi\u00e8ces"},"content":{"rendered":"<div>\u2705 Aquarium DK 7024 : r\u00e9servoir \u00e9cologique de tortues marines<br \/>&nbsp;<br \/>\u2705Un aquarium : Sea Turtle Ecological Tank est un type d&#039;aquarium sp\u00e9cialement con\u00e7u pour abriter et exposer les tortues marines. Ces r\u00e9servoirs sont g\u00e9n\u00e9ralement beaucoup plus grands que les aquariums traditionnels et peuvent \u00eatre trouv\u00e9s dans des aquariums publics ou des zoos, plut\u00f4t que dans des maisons priv\u00e9es.<br \/>&nbsp;<br \/>\ud83d\udeabIMPORTANT !&nbsp;<br \/>&nbsp;<br \/>Nom du produit : aquarium : r\u00e9servoir \u00e9cologique de tortue de mer.<br \/>&nbsp;<br \/>Cat\u00e9gorie\u00a0: Cr\u00e9ateur&nbsp;<br \/>&nbsp;<br \/>Ce kit contient : DK 7024<br \/>&nbsp;<br \/>753 briques de bonne qualit\u00e9.&nbsp;<br \/>&nbsp;<br \/>Taille : 23,6 \u00d7 14,8 cm&nbsp;<br \/>&nbsp;<br \/>Instructions manuelles&nbsp;<br \/>&nbsp;<br \/>\ud83d\udcccNature du protagoniste&nbsp;<br \/>&nbsp;<br \/>Vous ne devriez pas manquer la pr\u00e9sentation de notre fi\u00e8re collection nomm\u00e9e &quot;Aquarium\u00a0: Sea Turtle Ecological Tank&quot;.&nbsp;<br \/>&nbsp;<br \/>Les r\u00e9servoirs \u00e9cologiques pour tortues marines sont con\u00e7us pour fournir un environnement naturaliste dans lequel les tortues marines peuvent vivre, avec suffisamment d&#039;espace pour nager et explorer. Ces r\u00e9servoirs sont g\u00e9n\u00e9ralement remplis d&#039;eau sal\u00e9e et \u00e9quip\u00e9s de syst\u00e8mes de filtration sp\u00e9cialis\u00e9s pour maintenir la qualit\u00e9 de l&#039;eau et simuler l&#039;environnement oc\u00e9anique naturel dont les tortues marines ont besoin.<\/div>","protected":false},"excerpt":{"rendered":"<p>Marque : DK<br \/>\nGenre: Unisexe<br \/>\nTranche d&#039;\u00e2ge : &gt; 8 ans<br \/>\nNum\u00e9ro de mod\u00e8le: 7024<br \/>\nClassement : Assemblage<br \/>\nForme de bloc en plastique\u00a0: briques autobloquantes<br \/>\nMat\u00e9riel: Plastique<br \/>\nType de plastique : ABS<br \/>\nBlocs de briques : 753 +<br \/>\nPas de boite d&#039;origine<\/p>","protected":false},"featured_media":42815,"comment_status":"open","ping_status":"closed","template":"","meta":{"_acf_changed":false},"product_cat":[1365,371],"product_tag":[11513,3043,11072,8452,7907,11514,485],"class_list":["product","first","instock","shipping-taxable","purchasable","product-type-simple"],"acf":[],"_links":{"self":[{"href":"https:\/\/mouldking.store\/fr\/wp-json\/wp\/v2\/product\/42819","targetHints":{"allow":["GET"]}}],"collection":[{"href":"https:\/\/mouldking.store\/fr\/wp-json\/wp\/v2\/product"}],"about":[{"href":"https:\/\/mouldking.store\/fr\/wp-json\/wp\/v2\/types\/product"}],"replies":[{"embeddable":true,"href":"https:\/\/mouldking.store\/fr\/wp-json\/wp\/v2\/comments?post=42819"}],"wp:featuredmedia":[{"embeddable":true,"href":"https:\/\/mouldking.store\/fr\/wp-json\/wp\/v2\/media\/42815"}],"wp:attachment":[{"href":"https:\/\/mouldking.store\/fr\/wp-json\/wp\/v2\/media?parent=42819"}],"wp:term":[{"taxonomy":"product_cat","embeddable":true,"href":"https:\/\/mouldking.store\/fr\/wp-json\/wp\/v2\/product_cat?post=42819"},{"taxonomy":"product_tag","embeddable":true,"href":"https:\/\/mouldking.store\/fr\/wp-json\/wp\/v2\/product_tag?post=42819"}],"curies":[{"name":"wp","href":"https:\/\/api.w.org\/{rel}","templated":true}]}}