{"id":42850,"date":"2023-03-15T10:08:08","date_gmt":"2023-03-15T03:08:08","guid":{"rendered":"https:\/\/mouldking.store\/shop\/panlosbrick-628011-viic-u-552-submarine-world-war-ii-german-submarine-force-u-boat-with-6112-pieces\/"},"modified":"2025-10-30T11:40:55","modified_gmt":"2025-10-30T04:40:55","slug":"panlosbrick-628011-viic-u-552-submarine-world-war-ii-german-submarine-force-u-boat-with-6112-pieces","status":"publish","type":"product","link":"https:\/\/mouldking.store\/fr\/shop\/panlosbrick-628011-viic-u-552-submarine-world-war-ii-german-submarine-force-u-boat-with-6112-pieces\/","title":{"rendered":"PANLOSBRICK 628011 VIIC U-552 sous-marin de la Seconde Guerre mondiale sous-marin allemand avec 6112 pi\u00e8ces"},"content":{"rendered":"<div>\u2705 Panlos 628011 VIIC U-552 sous-marin de la Seconde Guerre mondiale, sous-marin allemand de la force sous-marine<br \/>&nbsp;<br \/>\u2705VIC U-552 \u00e9tait un sous-marin de type VIIC, qui \u00e9tait une classe de sous-marins allemands utilis\u00e9s pendant la Seconde Guerre mondiale. Le U-552 a \u00e9t\u00e9 lanc\u00e9 le 14 d\u00e9cembre 1939 et a ensuite servi dans la Kriegsmarine, la marine allemande, pendant la guerre.<br \/>&nbsp;<br \/>\ud83d\udeabIMPORTANT !&nbsp;<br \/>&nbsp;<br \/>Nom du produit: Sous-marin VIIC U-552 de la Seconde Guerre mondiale, sous-marin allemand de la force sous-marine<br \/>&nbsp;<br \/>Cat\u00e9gorie : Militaire&nbsp;<br \/>&nbsp;<br \/>Ce kit contient : Panlos 628011<br \/>&nbsp;<br \/>6112 briques de bonne qualit\u00e9.&nbsp;<br \/>&nbsp;<br \/>Taille : 120 \u00d7 13 \u00d7 29 cm<br \/>&nbsp;<br \/>Instructions manuelles&nbsp;<br \/>&nbsp;<br \/>\ud83d\udcccNature du protagoniste&nbsp;<br \/>&nbsp;<br \/>Vous ne devriez pas manquer la pr\u00e9sentation de notre fi\u00e8re collection nomm\u00e9e \u00ab VIIIC U-552 Submarine World War II German Submarine Force U-boat \u00bb.&nbsp;<br \/>&nbsp;<br \/>Le sous-marin VIIC \u00e9tait le cheval de bataille de la flotte sous-marine allemande pendant la Seconde Guerre mondiale, avec 568 bateaux de ce type construits. Le U-552 avait une longueur d&#039;environ 67 m\u00e8tres (220 pieds), un \u00e9quipage d&#039;environ 44 marins et \u00e9tait arm\u00e9 d&#039;une vari\u00e9t\u00e9 de torpilles et de canons. Le U-552 a r\u00e9alis\u00e9 un certain nombre de r\u00e9alisations notables pendant la guerre, notamment le naufrage de 30 navires alli\u00e9s, totalisant plus de 160 000 tonnes de navires et en en endommageant quatre autres. Le sous-marin a \u00e9galement particip\u00e9 \u00e0 plusieurs batailles c\u00e9l\u00e8bres, dont la bataille de l&#039;Atlantique et le naufrage du porte-avions britannique HMS Ark Royal.<\/div>","protected":false},"excerpt":{"rendered":"<p>Marque : PANLOSBRICK<br \/>\nGenre: Unisexe<br \/>\nTranche d&#039;\u00e2ge : &gt; 6 ans<br \/>\nNum\u00e9ro de mod\u00e8le: 628011<br \/>\nClassement : Assemblage<br \/>\nForme de bloc en plastique\u00a0: briques autobloquantes<br \/>\nMat\u00e9riel: Plastique<br \/>\nType de plastique : ABS<br \/>\nBlocs de Briques : 6112 +<br \/>\nPas de boite d&#039;origine<\/p>","protected":false},"featured_media":42845,"comment_status":"open","ping_status":"closed","template":"","meta":{"_acf_changed":false},"product_cat":[1350,1357,372,364],"product_tag":[374,11252,389,11518,11517],"class_list":["product","first","instock","shipping-taxable","purchasable","product-type-simple"],"acf":[],"_links":{"self":[{"href":"https:\/\/mouldking.store\/fr\/wp-json\/wp\/v2\/product\/42850","targetHints":{"allow":["GET"]}}],"collection":[{"href":"https:\/\/mouldking.store\/fr\/wp-json\/wp\/v2\/product"}],"about":[{"href":"https:\/\/mouldking.store\/fr\/wp-json\/wp\/v2\/types\/product"}],"replies":[{"embeddable":true,"href":"https:\/\/mouldking.store\/fr\/wp-json\/wp\/v2\/comments?post=42850"}],"wp:featuredmedia":[{"embeddable":true,"href":"https:\/\/mouldking.store\/fr\/wp-json\/wp\/v2\/media\/42845"}],"wp:attachment":[{"href":"https:\/\/mouldking.store\/fr\/wp-json\/wp\/v2\/media?parent=42850"}],"wp:term":[{"taxonomy":"product_cat","embeddable":true,"href":"https:\/\/mouldking.store\/fr\/wp-json\/wp\/v2\/product_cat?post=42850"},{"taxonomy":"product_tag","embeddable":true,"href":"https:\/\/mouldking.store\/fr\/wp-json\/wp\/v2\/product_tag?post=42850"}],"curies":[{"name":"wp","href":"https:\/\/api.w.org\/{rel}","templated":true}]}}