{"id":42866,"date":"2023-03-15T10:30:55","date_gmt":"2023-03-15T03:30:55","guid":{"rendered":"https:\/\/mouldking.store\/shop\/mould-king-12021-world-railway-crh380a-high-speed-train-with-1211-pieces\/"},"modified":"2023-03-15T10:30:55","modified_gmt":"2023-03-15T03:30:55","slug":"mould-king-12021-world-railway-crh380a-high-speed-train-with-1211-pieces","status":"publish","type":"product","link":"https:\/\/mouldking.store\/fr\/shop\/mould-king-12021-world-railway-crh380a-high-speed-train-with-1211-pieces\/","title":{"rendered":"MOLD KING 12021 World Railway CRH380A Train \u00e0 grande vitesse avec 1211 pi\u00e8ces"},"content":{"rendered":"<div>\u2705 Train \u00e0 grande vitesse Mold King 12021 World Railway CRH380A<br \/>&nbsp;<br \/>\u2705Le CRH380A est un train \u00e0 grande vitesse qui circule en Chine. Il fait partie de la famille de trains \u00e0 grande vitesse China Railway (CRH), qui comprend une gamme de mod\u00e8les de trains \u00e0 grande vitesse et \u00e0 grande vitesse utilis\u00e9s pour le transport de passagers \u00e0 travers la Chine.<br \/>&nbsp;<br \/>\ud83d\udeabIMPORTANT !&nbsp;<br \/>&nbsp;<br \/>Nom du produit: Train \u00e0 grande vitesse World Railway CRH380A<br \/>&nbsp;<br \/>Cat\u00e9gorie : Technique<br \/>&nbsp;<br \/>Ce kit contient : Mold King 12021&nbsp;<br \/>&nbsp;<br \/>1211 pi\u00e8ces Briques de bonne qualit\u00e9&nbsp;<br \/>&nbsp;<br \/>Taille : 56,2 \u00d7 13,7 \u00d7 6,1 cm<br \/>&nbsp;<br \/>Instructions manuelles&nbsp;<br \/>&nbsp;<br \/>\ud83d\udcccNature du protagoniste&nbsp;<br \/>&nbsp;<br \/>Vous ne devriez pas manquer la pr\u00e9sentation de notre fi\u00e8re collection nomm\u00e9e &quot;World Railway CRH380A Train \u00e0 grande vitesse&quot;.&nbsp;<br \/>&nbsp;<br \/>Le CRH380A a \u00e9t\u00e9 con\u00e7u et construit par la soci\u00e9t\u00e9 chinoise CSR Qingdao Sifang Locomotive &amp; Rolling Stock Co. Ltd, et a \u00e9t\u00e9 introduit pour la premi\u00e8re fois en 2010. Il a une vitesse de pointe de 380 km\/h (236 mph) et est actuellement le train le plus rapide en service. en Chine. Le train est propuls\u00e9 par traction \u00e9lectrique et a une puissance maximale de 22 800 kW. Il est con\u00e7u pour le confort et la s\u00e9curit\u00e9 des passagers, avec des fonctionnalit\u00e9s telles que la suspension pneumatique, la technologie de r\u00e9duction du bruit et des syst\u00e8mes de s\u00e9curit\u00e9 avanc\u00e9s.<\/div>","protected":false},"excerpt":{"rendered":"<p>Marque : MOLD KING<br \/>\nGenre: Unisexe<br \/>\nTranche d&#039;\u00e2ge : &gt; 8 ans<br \/>\nNum\u00e9ro de mod\u00e8le: 12021<br \/>\nClassement : Assemblage<br \/>\nForme de bloc en plastique\u00a0: briques autobloquantes<br \/>\nMat\u00e9riel: Plastique<br \/>\nType de plastique : ABS<br \/>\nBlocs de Briques : 1211 +<br \/>\nPas de boite d&#039;origine<\/p>","protected":false},"featured_media":42860,"comment_status":"open","ping_status":"closed","template":"","meta":{"_acf_changed":false},"product_cat":[1357,364],"product_tag":[11522,9303,11250,389,11080,300],"class_list":["product","first","instock","shipping-taxable","purchasable","product-type-simple"],"acf":[],"_links":{"self":[{"href":"https:\/\/mouldking.store\/fr\/wp-json\/wp\/v2\/product\/42866","targetHints":{"allow":["GET"]}}],"collection":[{"href":"https:\/\/mouldking.store\/fr\/wp-json\/wp\/v2\/product"}],"about":[{"href":"https:\/\/mouldking.store\/fr\/wp-json\/wp\/v2\/types\/product"}],"replies":[{"embeddable":true,"href":"https:\/\/mouldking.store\/fr\/wp-json\/wp\/v2\/comments?post=42866"}],"wp:featuredmedia":[{"embeddable":true,"href":"https:\/\/mouldking.store\/fr\/wp-json\/wp\/v2\/media\/42860"}],"wp:attachment":[{"href":"https:\/\/mouldking.store\/fr\/wp-json\/wp\/v2\/media?parent=42866"}],"wp:term":[{"taxonomy":"product_cat","embeddable":true,"href":"https:\/\/mouldking.store\/fr\/wp-json\/wp\/v2\/product_cat?post=42866"},{"taxonomy":"product_tag","embeddable":true,"href":"https:\/\/mouldking.store\/fr\/wp-json\/wp\/v2\/product_tag?post=42866"}],"curies":[{"name":"wp","href":"https:\/\/api.w.org\/{rel}","templated":true}]}}