{"id":42880,"date":"2023-03-15T11:20:43","date_gmt":"2023-03-15T04:20:43","guid":{"rendered":"https:\/\/mouldking.store\/shop\/moc-factory-49271-lumber-car-carriage-with-1287-pieces\/"},"modified":"2025-12-16T22:25:10","modified_gmt":"2025-12-16T15:25:10","slug":"moc-factory-49271-lumber-car-carriage-with-1287-pieces","status":"publish","type":"product","link":"https:\/\/mouldking.store\/fr\/shop\/moc-factory-49271-lumber-car-carriage-with-1287-pieces\/","title":{"rendered":"MOC Factory 49271 Chariot de transport en bois avec 1287 pi\u00e8ces"},"content":{"rendered":"<div>\u2705 MOC-49271 Chariot de transport de bois<\/p>\n<p>\u2705 Un wagon de bois, \u00e9galement connu sous le nom de wagon plat, est un type de wagon de fret ferroviaire utilis\u00e9 pour le transport de bois et d&#039;autres objets volumineux et lourds. Il est con\u00e7u avec un pont ouvert et plat qui facilite le chargement et le d\u00e9chargement de la cargaison, et est souvent utilis\u00e9 pour le transport de marchandises qui ne peuvent pas \u00eatre transport\u00e9es dans des wagons ferm\u00e9s standard.<\/p>\n<p>\ud83d\udeabIMPORTANT !<\/p>\n<p>Nom du produit : chariot de transport de bois<\/p>\n<p>Cat\u00e9gorie : Technique<\/p>\n<p>Ce kit contient : MOC-49271&nbsp;<\/p>\n<p>1287 pi\u00e8ces Briques de bonne qualit\u00e9<\/p>\n<p>Poids : 1000g<\/p>\n<p>Instructions PDF<\/p>\n<p>\ud83d\udcccNature du protagoniste<\/p>\n<p>Vous ne devriez pas manquer la pr\u00e9sentation de notre fi\u00e8re collection nomm\u00e9e &quot;Lumber Car Carriage&quot;.<\/p>\n<p>Les chariots en bois ont g\u00e9n\u00e9ralement des poches de piquet et des points d&#039;arrimage le long des c\u00f4t\u00e9s du pont pour s\u00e9curiser la cargaison pendant le transport. Certains chariots \u00e0 bois peuvent \u00e9galement \u00eatre \u00e9quip\u00e9s de c\u00f4t\u00e9s amovibles, ce qui leur permet d&#039;\u00eatre utilis\u00e9s pour le transport d&#039;autres types de marchandises lorsqu&#039;ils ne transportent pas de bois. Les chariots \u00e0 bois sont disponibles dans une vari\u00e9t\u00e9 de tailles et de capacit\u00e9s de poids, en fonction des besoins de la cargaison transport\u00e9e. Ils sont couramment utilis\u00e9s dans l&#039;industrie des produits forestiers pour le transport de grumes, de bois d&#039;\u0153uvre et d&#039;autres produits du bois, ainsi que dans d&#039;autres industries pour le transport de machinerie lourde, de gros tuyaux et d&#039;autres objets surdimensionn\u00e9s.<\/p><\/div>","protected":false},"excerpt":{"rendered":"<p>Marque : MOC Factory<br \/>\nGenre: Unisexe<br \/>\nTranche d&#039;\u00e2ge : &gt; 12 ans<br \/>\nNum\u00e9ro de mod\u00e8le: 49271<br \/>\nClassement : Assemblage<br \/>\nForme de bloc en plastique\u00a0: briques autobloquantes<br \/>\nMat\u00e9riel: Plastique<br \/>\nType de plastique : ABS<br \/>\nBlocs de Briques : 1287 +<br \/>\nTemps d&#039;arrangement\u00a0: 4 \u00e0 8\u00a0semaines<\/p>","protected":false},"featured_media":42874,"comment_status":"open","ping_status":"closed","template":"","meta":{"_acf_changed":false},"product_cat":[1360,1357,364],"product_tag":[457,991,11525,389,11080],"class_list":["product","first","instock","shipping-taxable","purchasable","product-type-simple"],"acf":[],"_links":{"self":[{"href":"https:\/\/mouldking.store\/fr\/wp-json\/wp\/v2\/product\/42880","targetHints":{"allow":["GET"]}}],"collection":[{"href":"https:\/\/mouldking.store\/fr\/wp-json\/wp\/v2\/product"}],"about":[{"href":"https:\/\/mouldking.store\/fr\/wp-json\/wp\/v2\/types\/product"}],"replies":[{"embeddable":true,"href":"https:\/\/mouldking.store\/fr\/wp-json\/wp\/v2\/comments?post=42880"}],"wp:featuredmedia":[{"embeddable":true,"href":"https:\/\/mouldking.store\/fr\/wp-json\/wp\/v2\/media\/42874"}],"wp:attachment":[{"href":"https:\/\/mouldking.store\/fr\/wp-json\/wp\/v2\/media?parent=42880"}],"wp:term":[{"taxonomy":"product_cat","embeddable":true,"href":"https:\/\/mouldking.store\/fr\/wp-json\/wp\/v2\/product_cat?post=42880"},{"taxonomy":"product_tag","embeddable":true,"href":"https:\/\/mouldking.store\/fr\/wp-json\/wp\/v2\/product_tag?post=42880"}],"curies":[{"name":"wp","href":"https:\/\/api.w.org\/{rel}","templated":true}]}}