{"id":42894,"date":"2023-03-15T11:33:33","date_gmt":"2023-03-15T04:33:33","guid":{"rendered":"https:\/\/mouldking.store\/shop\/moc-factory-136695-wolfpack-tower-medieval-ship-classic-castle-with-4916-pieces\/"},"modified":"2025-12-16T22:25:10","modified_gmt":"2025-12-16T15:25:10","slug":"moc-factory-136695-wolfpack-tower-medieval-ship-classic-castle-with-4916-pieces","status":"publish","type":"product","link":"https:\/\/mouldking.store\/fr\/shop\/moc-factory-136695-wolfpack-tower-medieval-ship-classic-castle-with-4916-pieces\/","title":{"rendered":"MOC Factory 136695 Wolfpack Tower &amp; Medieval Ship - Ch\u00e2teau classique avec 4916 pi\u00e8ces"},"content":{"rendered":"<div>\u2705 MOC-136695 Tour Wolfpack et Navire M\u00e9di\u00e9val - Ch\u00e2teau Classique<\/p>\n<p>\u2705Wolfpack Tower &amp; Medieval Ship est un ensemble de briques sorti en 2023 dans le cadre du th\u00e8me Classic Castle. L&#039;ensemble comprend une grande tour, un quai et un navire m\u00e9di\u00e9val avec lequel vous pouvez construire et jouer.<\/p>\n<p>\ud83d\udeabIMPORTANT !<\/p>\n<p>Nom du produit : Wolfpack Tower &amp; Medieval Ship \u2013 Ch\u00e2teau classique<\/p>\n<p>Cat\u00e9gorie : Construction Modulaire<\/p>\n<p>Ce kit contient : MOC-136695<\/p>\n<p>4916 pi\u00e8ces Briques de bonne qualit\u00e9<\/p>\n<p>Taille : 50,8 x 27,94 x 43,18 cm<\/p>\n<p>Poids : 4386g<\/p>\n<p>Instructions PDF<\/p>\n<p>\ud83d\udcccNature du protagoniste<\/p>\n<p>Vous ne devriez pas manquer la pr\u00e9sentation de notre fi\u00e8re collection nomm\u00e9e &quot;Wolfpack Tower &amp; Medieval Ship - Classic Castle&quot;.<\/p>\n<p>La Wolfpack Tower est une grande structure semblable \u00e0 une forteresse avec plusieurs niveaux, des tours et un pont-levis qui peut \u00eatre lev\u00e9 et abaiss\u00e9. La tour est fortement fortifi\u00e9e, avec des canons, des nids d&#039;archers et d&#039;autres \u00e9l\u00e9ments d\u00e9fensifs. Le navire m\u00e9di\u00e9val est un grand navire en bois avec une coque incurv\u00e9e et des voiles. Il a plusieurs ponts, dont une cabine de capitaine, une soute et une cuisine. Le navire est \u00e9quip\u00e9 de canons, d&#039;un harpon et d&#039;autres caract\u00e9ristiques \u00e0 utiliser au combat.<\/p><\/div>","protected":false},"excerpt":{"rendered":"<p>Marque : MOC Factory<br \/>\nGenre: Unisexe<br \/>\nTranche d&#039;\u00e2ge : &gt; 12 ans<br \/>\nNum\u00e9ro de mod\u00e8le: 136695<br \/>\nClassement : Assemblage<br \/>\nForme de bloc en plastique\u00a0: briques autobloquantes<br \/>\nMat\u00e9riel: Plastique<br \/>\nType de plastique : ABS<br \/>\nBlocs de Briques : 4916 +<br \/>\nTemps d&#039;arrangement\u00a0: 4 \u00e0 8\u00a0semaines<\/p>","protected":false},"featured_media":42888,"comment_status":"open","ping_status":"closed","template":"","meta":{"_acf_changed":false},"product_cat":[1365,1395,390],"product_tag":[787,11528,8452,11099,392,304,2302,11527],"class_list":["product","first","instock","shipping-taxable","purchasable","product-type-simple"],"acf":[],"_links":{"self":[{"href":"https:\/\/mouldking.store\/fr\/wp-json\/wp\/v2\/product\/42894","targetHints":{"allow":["GET"]}}],"collection":[{"href":"https:\/\/mouldking.store\/fr\/wp-json\/wp\/v2\/product"}],"about":[{"href":"https:\/\/mouldking.store\/fr\/wp-json\/wp\/v2\/types\/product"}],"replies":[{"embeddable":true,"href":"https:\/\/mouldking.store\/fr\/wp-json\/wp\/v2\/comments?post=42894"}],"wp:featuredmedia":[{"embeddable":true,"href":"https:\/\/mouldking.store\/fr\/wp-json\/wp\/v2\/media\/42888"}],"wp:attachment":[{"href":"https:\/\/mouldking.store\/fr\/wp-json\/wp\/v2\/media?parent=42894"}],"wp:term":[{"taxonomy":"product_cat","embeddable":true,"href":"https:\/\/mouldking.store\/fr\/wp-json\/wp\/v2\/product_cat?post=42894"},{"taxonomy":"product_tag","embeddable":true,"href":"https:\/\/mouldking.store\/fr\/wp-json\/wp\/v2\/product_tag?post=42894"}],"curies":[{"name":"wp","href":"https:\/\/api.w.org\/{rel}","templated":true}]}}