{"id":42900,"date":"2023-03-15T11:52:20","date_gmt":"2023-03-15T04:52:20","guid":{"rendered":"https:\/\/mouldking.store\/shop\/moc-factory-132661-black-falcons-fortress-classic-castle-with-6710-pieces\/"},"modified":"2025-12-16T22:25:10","modified_gmt":"2025-12-16T15:25:10","slug":"moc-factory-132661-black-falcons-fortress-classic-castle-with-6710-pieces","status":"publish","type":"product","link":"https:\/\/mouldking.store\/fr\/shop\/moc-factory-132661-black-falcons-fortress-classic-castle-with-6710-pieces\/","title":{"rendered":"MOC Factory 132661 Black Falcon&#039;s Fortress - Ch\u00e2teau classique avec 6710 pi\u00e8ces"},"content":{"rendered":"<div>\u2705 MOC-132661 Forteresse du faucon noir - Ch\u00e2teau classique<\/p>\n<p>\u2705Black Falcon&#039;s Fortress est un ensemble de briques Classic Castle qui a \u00e9t\u00e9 publi\u00e9 pour la premi\u00e8re fois en 2023. Il fait partie de la faction Black Falcons, qui est l&#039;une des factions fictives du th\u00e8me Classic Castle.<\/p>\n<p>\ud83d\udeabIMPORTANT !<\/p>\n<p>Nom du produit : Forteresse du faucon noir \u2013 Ch\u00e2teau classique<\/p>\n<p>Cat\u00e9gorie : Construction Modulaire<\/p>\n<p>Ce kit contient : MOC-132661&nbsp;<\/p>\n<p>6710 briques de bonne qualit\u00e9.<\/p>\n<p>Taille : 53,34 x 53,34 x 45,72 cm<\/p>\n<p>Poids : 5800g<\/p>\n<p>Instructions PDF<\/p>\n<p>\ud83d\udcccNature du protagoniste<\/p>\n<p>Vous ne devriez pas manquer la pr\u00e9sentation de notre fi\u00e8re collection nomm\u00e9e &quot;Black Falcon&#039;s Fortress - Classic Castle&quot;.<\/p>\n<p>L&#039;ensemble comprend une grande structure de forteresse avec un pont-levis, une gu\u00e9rite, des tours et un donjon central. Il est \u00e9galement livr\u00e9 avec plusieurs chevaliers Black Falcons, quelques archers et quelques accessoires comme des armes et des boucliers. La forteresse de Black Falcon \u00e9tait l&#039;un des ensembles les plus grands et les plus impressionnants du th\u00e8me du ch\u00e2teau classique, et il reste un ensemble populaire et recherch\u00e9 parmi les collectionneurs de briques et les fans du th\u00e8me. Il \u00e9tait remarquable pour sa taille, son niveau de d\u00e9tail et sa jouabilit\u00e9, et il a contribu\u00e9 \u00e0 \u00e9tablir les Black Falcons comme l&#039;une des factions les plus embl\u00e9matiques de la ligne Classic Castle.<\/p><\/div>","protected":false},"excerpt":{"rendered":"<p>Marque : MOC Factory<br \/>\nGenre: Unisexe<br \/>\nTranche d&#039;\u00e2ge : &gt; 12 ans<br \/>\nNum\u00e9ro de mod\u00e8le: 132661<br \/>\nClassement : Assemblage<br \/>\nForme de bloc en plastique\u00a0: briques autobloquantes<br \/>\nMat\u00e9riel: Plastique<br \/>\nType de plastique : ABS<br \/>\nBlocs de Briques : 6710 +<br \/>\nTemps d&#039;arrangement\u00a0: 4 \u00e0 8\u00a0semaines<\/p>","protected":false},"featured_media":42895,"comment_status":"open","ping_status":"closed","template":"","meta":{"_acf_changed":false},"product_cat":[1365,1395,390],"product_tag":[11462,787,11528,8452,5349,8659,11099,392],"class_list":["product","first","instock","shipping-taxable","purchasable","product-type-simple"],"acf":[],"_links":{"self":[{"href":"https:\/\/mouldking.store\/fr\/wp-json\/wp\/v2\/product\/42900","targetHints":{"allow":["GET"]}}],"collection":[{"href":"https:\/\/mouldking.store\/fr\/wp-json\/wp\/v2\/product"}],"about":[{"href":"https:\/\/mouldking.store\/fr\/wp-json\/wp\/v2\/types\/product"}],"replies":[{"embeddable":true,"href":"https:\/\/mouldking.store\/fr\/wp-json\/wp\/v2\/comments?post=42900"}],"wp:featuredmedia":[{"embeddable":true,"href":"https:\/\/mouldking.store\/fr\/wp-json\/wp\/v2\/media\/42895"}],"wp:attachment":[{"href":"https:\/\/mouldking.store\/fr\/wp-json\/wp\/v2\/media?parent=42900"}],"wp:term":[{"taxonomy":"product_cat","embeddable":true,"href":"https:\/\/mouldking.store\/fr\/wp-json\/wp\/v2\/product_cat?post=42900"},{"taxonomy":"product_tag","embeddable":true,"href":"https:\/\/mouldking.store\/fr\/wp-json\/wp\/v2\/product_tag?post=42900"}],"curies":[{"name":"wp","href":"https:\/\/api.w.org\/{rel}","templated":true}]}}