{"id":42923,"date":"2023-03-15T12:19:38","date_gmt":"2023-03-15T05:19:38","guid":{"rendered":"https:\/\/mouldking.store\/shop\/moc-factory-127175-modern90s-medieval-cottage-mittelalterliche-hutte-with-531-pieces\/"},"modified":"2025-12-16T22:25:10","modified_gmt":"2025-12-16T15:25:10","slug":"moc-factory-127175-modern90s-medieval-cottage-mittelalterliche-hutte-with-531-pieces","status":"publish","type":"product","link":"https:\/\/mouldking.store\/fr\/shop\/moc-factory-127175-modern90s-medieval-cottage-mittelalterliche-hutte-with-531-pieces\/","title":{"rendered":"MOC Factory 127175 Cottage m\u00e9di\u00e9val des ann\u00e9es 90 \u2013 Mittelalterliche H\u00fctte avec 531 pi\u00e8ces"},"content":{"rendered":"<div>\u2705 MOC-127175 Cottage m\u00e9di\u00e9val des ann\u00e9es 90 \u2013 Mittelalterliche H\u00fctte<\/p>\n<p>\u2705 Cottage m\u00e9di\u00e9val moderne des ann\u00e9es 90 - Mittelalterliche H\u00fctte est un ensemble de construction en briques personnalis\u00e9 con\u00e7u par un passionn\u00e9 ou un fan de briques. Ce n&#039;est pas un ensemble de briques officiel publi\u00e9 par la soci\u00e9t\u00e9.<\/p>\n<p>\ud83d\udeabIMPORTANT !<\/p>\n<p>Nom du produit : Cottage m\u00e9di\u00e9val des ann\u00e9es 90 \u2013 Mittelalterliche H\u00fctte<\/p>\n<p>Cat\u00e9gorie : Construction Modulaire<\/p>\n<p>Ce kit contient : MOC-127175<\/p>\n<p>531 briques de bonne qualit\u00e9.<\/p>\n<p>Poids : 450g<\/p>\n<p>Instructions PDF<\/p>\n<p>\ud83d\udcccNature du protagoniste<\/p>\n<p>Vous ne devriez pas manquer la pr\u00e9sentation de notre fi\u00e8re collection nomm\u00e9e &quot;Modern90s Medieval Cottage - Mittelalterliche H\u00fctte&quot;.<\/p>\n<p>L&#039;ensemble est con\u00e7u pour ressembler \u00e0 un petit cottage ou une maison m\u00e9di\u00e9vale, avec un toit de chaume, des murs en pierre et des poutres en bois. Le nom de l&#039;ensemble &quot;Modern90s&quot; sugg\u00e8re qu&#039;il est con\u00e7u pour \u00eatre une version moderne du th\u00e8me m\u00e9di\u00e9val, incorporant des \u00e9l\u00e9ments de l&#039;\u00e8re des ann\u00e9es 1990 dans le design. Le concepteur de l&#039;ensemble peut l&#039;avoir cr\u00e9\u00e9 en tant que projet personnel ou pour le partager avec d&#039;autres passionn\u00e9s de briques en ligne.<\/p><\/div>","protected":false},"excerpt":{"rendered":"<p>Marque : MOC Factory<br \/>\nGenre: Unisexe<br \/>\nTranche d&#039;\u00e2ge : &gt; 12 ans<br \/>\nNum\u00e9ro de mod\u00e8le: 127175<br \/>\nClassement : Assemblage<br \/>\nForme de bloc en plastique\u00a0: briques autobloquantes<br \/>\nMat\u00e9riel: Plastique<br \/>\nType de plastique : ABS<br \/>\nBlocs de briques : 531 +<br \/>\nTemps d&#039;arrangement\u00a0: 4 \u00e0 8\u00a0semaines<\/p>","protected":false},"featured_media":42920,"comment_status":"open","ping_status":"closed","template":"","meta":{"_acf_changed":false},"product_cat":[1365,1395,390],"product_tag":[8452,11201,5644,11099,11145,392],"class_list":["product","first","instock","shipping-taxable","purchasable","product-type-simple"],"acf":[],"_links":{"self":[{"href":"https:\/\/mouldking.store\/fr\/wp-json\/wp\/v2\/product\/42923","targetHints":{"allow":["GET"]}}],"collection":[{"href":"https:\/\/mouldking.store\/fr\/wp-json\/wp\/v2\/product"}],"about":[{"href":"https:\/\/mouldking.store\/fr\/wp-json\/wp\/v2\/types\/product"}],"replies":[{"embeddable":true,"href":"https:\/\/mouldking.store\/fr\/wp-json\/wp\/v2\/comments?post=42923"}],"wp:featuredmedia":[{"embeddable":true,"href":"https:\/\/mouldking.store\/fr\/wp-json\/wp\/v2\/media\/42920"}],"wp:attachment":[{"href":"https:\/\/mouldking.store\/fr\/wp-json\/wp\/v2\/media?parent=42923"}],"wp:term":[{"taxonomy":"product_cat","embeddable":true,"href":"https:\/\/mouldking.store\/fr\/wp-json\/wp\/v2\/product_cat?post=42923"},{"taxonomy":"product_tag","embeddable":true,"href":"https:\/\/mouldking.store\/fr\/wp-json\/wp\/v2\/product_tag?post=42923"}],"curies":[{"name":"wp","href":"https:\/\/api.w.org\/{rel}","templated":true}]}}