{"id":42935,"date":"2023-03-15T12:41:33","date_gmt":"2023-03-15T05:41:33","guid":{"rendered":"https:\/\/mouldking.store\/shop\/moc-factory-41988-eurofighter-typhoon-with-1108-pieces\/"},"modified":"2025-12-16T22:25:10","modified_gmt":"2025-12-16T15:25:10","slug":"moc-factory-41988-eurofighter-typhoon-with-1108-pieces","status":"publish","type":"product","link":"https:\/\/mouldking.store\/fr\/shop\/moc-factory-41988-eurofighter-typhoon-with-1108-pieces\/","title":{"rendered":"MOC Factory 41988 Eurofighter Typhoon avec 1108 pi\u00e8ces"},"content":{"rendered":"<div>\u2705 MOC-41988 Eurofighter Typhoon<\/p>\n<p>\u2705 L&#039;Eurofighter Typhoon est un avion de combat bimoteur multir\u00f4le con\u00e7u et construit par un consortium de soci\u00e9t\u00e9s a\u00e9rospatiales europ\u00e9ennes, dont Airbus, BAE Systems et Leonardo. L&#039;avion est utilis\u00e9 par plusieurs pays europ\u00e9ens, dont le Royaume-Uni, l&#039;Allemagne, l&#039;Espagne et l&#039;Italie, ainsi que par l&#039;Arabie saoudite et Oman.<\/p>\n<p>\ud83d\udeabIMPORTANT !<\/p>\n<p>Nom du produit : Eurofighter Typhoon<\/p>\n<p>Cat\u00e9gorie : Militaire<\/p>\n<p>Ce kit contient : MOC-41988<\/p>\n<p>1108 briques de bonne qualit\u00e9.<\/p>\n<p>Poids : 1100g<\/p>\n<p>Instructions PDF<\/p>\n<p>\ud83d\udcccNature du protagoniste<\/p>\n<p>Vous ne devriez pas manquer la pr\u00e9sentation de notre fi\u00e8re collection nomm\u00e9e &quot;Eurofighter Typhoon&quot;.<\/p>\n<p>L&#039;Eurofighter Typhoon a \u00e9t\u00e9 con\u00e7u pour \u00eatre un avion hautement maniable, agile et polyvalent capable d&#039;effectuer un large \u00e9ventail de missions, y compris le combat air-air, l&#039;attaque air-sol et la reconnaissance. Il est \u00e9quip\u00e9 de syst\u00e8mes d&#039;avionique et d&#039;armes avanc\u00e9s, notamment un syst\u00e8me radar sophistiqu\u00e9, des syst\u00e8mes de missiles et des \u00e9quipements de guerre \u00e9lectronique. L&#039;Eurofighter Typhoon a particip\u00e9 \u00e0 plusieurs op\u00e9rations militaires, notamment les op\u00e9rations de l&#039;OTAN en Libye et la mission Baltic Air Policing. Il est consid\u00e9r\u00e9 comme l&#039;un des avions de combat les plus avanc\u00e9s et les plus performants au monde et est souvent compar\u00e9 \u00e0 d&#039;autres avions de combat modernes tels que le F-22 Raptor et le F-35 Lightning II.<\/p><\/div>","protected":false},"excerpt":{"rendered":"<p>Marque : MOC Factory<br \/>\nGenre: Unisexe<br \/>\nTranche d&#039;\u00e2ge : &gt; 12 ans<br \/>\nNum\u00e9ro de mod\u00e8le: 41988<br \/>\nClassement : Assemblage<br \/>\nForme de bloc en plastique\u00a0: briques autobloquantes<br \/>\nMat\u00e9riel: Plastique<br \/>\nType de plastique : ABS<br \/>\nBlocs de Briques : 1108 +<br \/>\nTemps d&#039;arrangement\u00a0: 4 \u00e0 8\u00a0semaines<\/p>","protected":false},"featured_media":42930,"comment_status":"open","ping_status":"closed","template":"","meta":{"_acf_changed":false},"product_cat":[1350,1357,372,364],"product_tag":[11534,11533,374,389,11535],"class_list":["product","first","instock","shipping-taxable","purchasable","product-type-simple"],"acf":[],"_links":{"self":[{"href":"https:\/\/mouldking.store\/fr\/wp-json\/wp\/v2\/product\/42935","targetHints":{"allow":["GET"]}}],"collection":[{"href":"https:\/\/mouldking.store\/fr\/wp-json\/wp\/v2\/product"}],"about":[{"href":"https:\/\/mouldking.store\/fr\/wp-json\/wp\/v2\/types\/product"}],"replies":[{"embeddable":true,"href":"https:\/\/mouldking.store\/fr\/wp-json\/wp\/v2\/comments?post=42935"}],"wp:featuredmedia":[{"embeddable":true,"href":"https:\/\/mouldking.store\/fr\/wp-json\/wp\/v2\/media\/42930"}],"wp:attachment":[{"href":"https:\/\/mouldking.store\/fr\/wp-json\/wp\/v2\/media?parent=42935"}],"wp:term":[{"taxonomy":"product_cat","embeddable":true,"href":"https:\/\/mouldking.store\/fr\/wp-json\/wp\/v2\/product_cat?post=42935"},{"taxonomy":"product_tag","embeddable":true,"href":"https:\/\/mouldking.store\/fr\/wp-json\/wp\/v2\/product_tag?post=42935"}],"curies":[{"name":"wp","href":"https:\/\/api.w.org\/{rel}","templated":true}]}}