{"id":42941,"date":"2023-03-15T13:15:56","date_gmt":"2023-03-15T06:15:56","guid":{"rendered":"https:\/\/mouldking.store\/shop\/moc-factory-37497-boeing-mh-47-g-special-ops-chinook-with-1758-pieces\/"},"modified":"2025-12-16T22:25:10","modified_gmt":"2025-12-16T15:25:10","slug":"moc-factory-37497-boeing-mh-47-g-special-ops-chinook-with-1758-pieces","status":"publish","type":"product","link":"https:\/\/mouldking.store\/fr\/shop\/moc-factory-37497-boeing-mh-47-g-special-ops-chinook-with-1758-pieces\/","title":{"rendered":"MOC Factory 37497 Boeing MH-47 G Special Ops Chinook avec 1758 pi\u00e8ces"},"content":{"rendered":"<div>\u2705 MOC-37497 Boeing MH-47 G Special Ops Chinook<\/p>\n<p>\u2705Le Boeing MH-47 G Special Ops Chinook est une variante de l&#039;h\u00e9licopt\u00e8re Chinook qui a \u00e9t\u00e9 sp\u00e9cialement modifi\u00e9 pour \u00eatre utilis\u00e9 par les forces d&#039;op\u00e9rations sp\u00e9ciales. Le MH-47 G est principalement utilis\u00e9 par le 160th Special Operations Aviation Regiment de l&#039;arm\u00e9e am\u00e9ricaine, \u00e9galement connu sous le nom de &quot;Night Stalkers&quot;.<\/p>\n<p>\ud83d\udeabIMPORTANT !<\/p>\n<p>Nom du produit : Boeing MH-47 G Special Ops Chinook<\/p>\n<p>Cat\u00e9gorie : Militaire<\/p>\n<p>Ce kit contient : MOC-37497<\/p>\n<p>1758 briques de bonne qualit\u00e9.<\/p>\n<p>Poids : 1700g<\/p>\n<p>Instructions PDF<\/p>\n<p>\ud83d\udcccNature du protagoniste<\/p>\n<p>Vous ne devriez pas manquer la pr\u00e9sentation de notre fi\u00e8re collection nomm\u00e9e &quot;Boeing MH-47 G Special Ops Chinook&quot;.<\/p>\n<p>Le MH-47 G est con\u00e7u pour fournir des capacit\u00e9s de transport avanc\u00e9es aux forces d&#039;op\u00e9rations sp\u00e9ciales, leur permettant de d\u00e9placer rapidement et furtivement du personnel et de l&#039;\u00e9quipement dans et hors des environnements hostiles. L&#039;h\u00e9licopt\u00e8re est \u00e9quip\u00e9 de syst\u00e8mes d&#039;avionique et d&#039;armes avanc\u00e9s, ainsi que d&#039;un syst\u00e8me de ravitaillement sp\u00e9cialis\u00e9 qui lui permet d&#039;effectuer des missions \u00e0 longue port\u00e9e sans avoir besoin de ravitaillement suppl\u00e9mentaire.<\/p><\/div>","protected":false},"excerpt":{"rendered":"<p>Marque : MOC Factory<br \/>\nGenre: Unisexe<br \/>\nTranche d&#039;\u00e2ge : &gt; 12 ans<br \/>\nNum\u00e9ro de mod\u00e8le: 37497<br \/>\nClassement : Assemblage<br \/>\nForme de bloc en plastique\u00a0: briques autobloquantes<br \/>\nMat\u00e9riel: Plastique<br \/>\nType de plastique : ABS<br \/>\nBlocs de Briques : 1758 +<br \/>\nTemps d&#039;arrangement\u00a0: 4 \u00e0 8\u00a0semaines<\/p>","protected":false},"featured_media":42936,"comment_status":"open","ping_status":"closed","template":"","meta":{"_acf_changed":false},"product_cat":[1350,1357,372,364],"product_tag":[3191,11537,11536,374,11327,389],"class_list":["product","first","instock","shipping-taxable","purchasable","product-type-simple"],"acf":[],"_links":{"self":[{"href":"https:\/\/mouldking.store\/fr\/wp-json\/wp\/v2\/product\/42941","targetHints":{"allow":["GET"]}}],"collection":[{"href":"https:\/\/mouldking.store\/fr\/wp-json\/wp\/v2\/product"}],"about":[{"href":"https:\/\/mouldking.store\/fr\/wp-json\/wp\/v2\/types\/product"}],"replies":[{"embeddable":true,"href":"https:\/\/mouldking.store\/fr\/wp-json\/wp\/v2\/comments?post=42941"}],"wp:featuredmedia":[{"embeddable":true,"href":"https:\/\/mouldking.store\/fr\/wp-json\/wp\/v2\/media\/42936"}],"wp:attachment":[{"href":"https:\/\/mouldking.store\/fr\/wp-json\/wp\/v2\/media?parent=42941"}],"wp:term":[{"taxonomy":"product_cat","embeddable":true,"href":"https:\/\/mouldking.store\/fr\/wp-json\/wp\/v2\/product_cat?post=42941"},{"taxonomy":"product_tag","embeddable":true,"href":"https:\/\/mouldking.store\/fr\/wp-json\/wp\/v2\/product_tag?post=42941"}],"curies":[{"name":"wp","href":"https:\/\/api.w.org\/{rel}","templated":true}]}}