{"id":42967,"date":"2023-03-16T10:01:18","date_gmt":"2023-03-16T03:01:18","guid":{"rendered":"https:\/\/mouldking.store\/shop\/moc-factory-29950-f-15-e-strike-eagle-with-1261-pieces\/"},"modified":"2025-12-16T22:25:09","modified_gmt":"2025-12-16T15:25:09","slug":"moc-factory-29950-f-15-e-strike-eagle-with-1261-pieces","status":"publish","type":"product","link":"https:\/\/mouldking.store\/fr\/shop\/moc-factory-29950-f-15-e-strike-eagle-with-1261-pieces\/","title":{"rendered":"MOC Factory 29950 F-15 E Strike Eagle avec 1261 pi\u00e8ces"},"content":{"rendered":"<div>\u2705 MOC-29950 F-15 E Strike Eagle<\/p>\n<p>\u2705Le F-15E Strike Eagle est un avion de chasse multir\u00f4le qui a \u00e9t\u00e9 d\u00e9velopp\u00e9 par McDonnell Douglas (qui fait maintenant partie de Boeing) pour l&#039;United States Air Force (USAF). C&#039;est une variante du F-15 Eagle, qui a \u00e9t\u00e9 con\u00e7u comme un chasseur de sup\u00e9riorit\u00e9 a\u00e9rienne.<\/p>\n<p>\ud83d\udeabIMPORTANT !<\/p>\n<p>Nom du produit : F-15 E Strike Eagle<\/p>\n<p>Cat\u00e9gorie : Militaire<\/p>\n<p>Ce kit contient : MOC-29950&nbsp;<\/p>\n<p>1261 briques de bonne qualit\u00e9.<\/p>\n<p>Poids : 1200g<\/p>\n<p>Instructions PDF<\/p>\n<p>\ud83d\udcccNature du protagoniste<\/p>\n<p>Vous ne devriez pas manquer la pr\u00e9sentation de notre fi\u00e8re collection nomm\u00e9e &quot;F-15 E Strike Eagle&quot;.<\/p>\n<p>Le F-15E Strike Eagle est con\u00e7u pour les missions air-air et air-sol, et il est capable de mener un large \u00e9ventail de missions, y compris des missions de frappe en profondeur, un appui a\u00e9rien rapproch\u00e9 et une interdiction a\u00e9rienne. L&#039;avion est \u00e9quip\u00e9 d&#039;une avionique et de syst\u00e8mes d&#039;armement avanc\u00e9s, notamment un syst\u00e8me radar puissant, un syst\u00e8me de guerre \u00e9lectronique et une vari\u00e9t\u00e9 d&#039;armes air-air et air-sol.<\/p><\/div>","protected":false},"excerpt":{"rendered":"<p>Marque : MOC Factory<br \/>\nGenre: Unisexe<br \/>\nTranche d&#039;\u00e2ge : &gt; 12 ans<br \/>\nNum\u00e9ro de mod\u00e8le: 29950<br \/>\nClassement : Assemblage<br \/>\nForme de bloc en plastique\u00a0: briques autobloquantes<br \/>\nMat\u00e9riel: Plastique<br \/>\nType de plastique : ABS<br \/>\nBlocs de Briques : 1261 +<br \/>\nTemps d&#039;arrangement\u00a0: 4 \u00e0 8\u00a0semaines<\/p>","protected":false},"featured_media":42962,"comment_status":"open","ping_status":"closed","template":"","meta":{"_acf_changed":false},"product_cat":[1350,1357,372,364],"product_tag":[5271,11534,11540,374,11539,389],"class_list":["product","first","instock","shipping-taxable","purchasable","product-type-simple"],"acf":[],"_links":{"self":[{"href":"https:\/\/mouldking.store\/fr\/wp-json\/wp\/v2\/product\/42967","targetHints":{"allow":["GET"]}}],"collection":[{"href":"https:\/\/mouldking.store\/fr\/wp-json\/wp\/v2\/product"}],"about":[{"href":"https:\/\/mouldking.store\/fr\/wp-json\/wp\/v2\/types\/product"}],"replies":[{"embeddable":true,"href":"https:\/\/mouldking.store\/fr\/wp-json\/wp\/v2\/comments?post=42967"}],"wp:featuredmedia":[{"embeddable":true,"href":"https:\/\/mouldking.store\/fr\/wp-json\/wp\/v2\/media\/42962"}],"wp:attachment":[{"href":"https:\/\/mouldking.store\/fr\/wp-json\/wp\/v2\/media?parent=42967"}],"wp:term":[{"taxonomy":"product_cat","embeddable":true,"href":"https:\/\/mouldking.store\/fr\/wp-json\/wp\/v2\/product_cat?post=42967"},{"taxonomy":"product_tag","embeddable":true,"href":"https:\/\/mouldking.store\/fr\/wp-json\/wp\/v2\/product_tag?post=42967"}],"curies":[{"name":"wp","href":"https:\/\/api.w.org\/{rel}","templated":true}]}}