{"id":42976,"date":"2023-03-16T10:23:25","date_gmt":"2023-03-16T03:23:25","guid":{"rendered":"https:\/\/mouldking.store\/shop\/moc-factory-141121-gandalf-the-greys-wizard-hat-with-134-pieces\/"},"modified":"2025-12-16T22:25:09","modified_gmt":"2025-12-16T15:25:09","slug":"moc-factory-141121-gandalf-the-greys-wizard-hat-with-134-pieces","status":"publish","type":"product","link":"https:\/\/mouldking.store\/fr\/shop\/moc-factory-141121-gandalf-the-greys-wizard-hat-with-134-pieces\/","title":{"rendered":"MOC Factory 141121 Gandalf le chapeau de sorcier de Grey avec 134 pi\u00e8ces"},"content":{"rendered":"<div>\u2705 MOC-141121 Chapeau de sorcier de Gandalf le gris<\/p>\n<p>\u2705Gandalf the Grey&#039;s Wizard Hat est un chapeau fictif port\u00e9 par le personnage de Gandalf dans &quot;Le Seigneur des Anneaux&quot; de JRR Tolkien. Gandalf est un sorcier et l&#039;un des membres de la Communaut\u00e9 de l&#039;Anneau, qui entreprend de d\u00e9truire l&#039;Anneau Unique et de vaincre le Seigneur des T\u00e9n\u00e8bres Sauron.<\/p>\n<p>\ud83d\udeabIMPORTANT !<\/p>\n<p>Nom du produit : chapeau de sorcier Gandalf le gris.<\/p>\n<p>Cat\u00e9gorie : Film<\/p>\n<p>Ce kit contient : MOC-141121<\/p>\n<p>134 briques de bonne qualit\u00e9.<\/p>\n<p>Instructions PDF<\/p>\n<p>\ud83d\udcccNature du protagoniste<\/p>\n<p>Vous ne devriez pas manquer la pr\u00e9sentation de notre fi\u00e8re collection nomm\u00e9e &quot;Gandalf the Grey&#039;s Wizard Hat&quot;.<\/p>\n<p>Dans l&#039;histoire, le chapeau de Gandalf est d\u00e9crit comme un grand chapeau pointu fait d&#039;un mat\u00e9riau doux et gris, doubl\u00e9 d&#039;un filigrane d&#039;argent. Le chapeau est souvent repr\u00e9sent\u00e9 comme l\u00e9g\u00e8rement ab\u00eem\u00e9 et us\u00e9, avec un large bord qui projette une ombre sur le visage de Gandalf. Le chapeau est une partie embl\u00e9matique de l&#039;apparence de Gandalf et a un but pratique, offrant une protection contre les \u00e9l\u00e9ments et cachant son visage dans l&#039;ombre. Il sert \u00e9galement de symbole de la sagesse, du pouvoir et du statut de sorcier de Gandalf. Dans l&#039;adaptation cin\u00e9matographique de &quot;Le Seigneur des anneaux&quot; de Peter Jackson, le chapeau de Gandalf est fid\u00e8lement recr\u00e9\u00e9, avec des d\u00e9tails complexes et une forme l\u00e9g\u00e8rement asym\u00e9trique.<\/p><\/div>","protected":false},"excerpt":{"rendered":"<p>Marque : MOC Factory<br \/>\nGenre: Unisexe<br \/>\nTranche d&#039;\u00e2ge : &gt; 12 ans<br \/>\nNum\u00e9ro de mod\u00e8le: 141121<br \/>\nClassement : Assemblage<br \/>\nForme de bloc en plastique\u00a0: briques autobloquantes<br \/>\nMat\u00e9riel: Plastique<br \/>\nType de plastique : ABS<br \/>\nBlocs de briques : 134 +<br \/>\nTemps d&#039;arrangement\u00a0: 4 \u00e0 8\u00a0semaines<\/p>","protected":false},"featured_media":42974,"comment_status":"open","ping_status":"closed","template":"","meta":{"_acf_changed":false},"product_cat":[1365,581,1408],"product_tag":[8452,3281,11543,11545,434,6169,11544],"class_list":["product","first","instock","shipping-taxable","purchasable","product-type-simple"],"acf":[],"_links":{"self":[{"href":"https:\/\/mouldking.store\/fr\/wp-json\/wp\/v2\/product\/42976","targetHints":{"allow":["GET"]}}],"collection":[{"href":"https:\/\/mouldking.store\/fr\/wp-json\/wp\/v2\/product"}],"about":[{"href":"https:\/\/mouldking.store\/fr\/wp-json\/wp\/v2\/types\/product"}],"replies":[{"embeddable":true,"href":"https:\/\/mouldking.store\/fr\/wp-json\/wp\/v2\/comments?post=42976"}],"wp:featuredmedia":[{"embeddable":true,"href":"https:\/\/mouldking.store\/fr\/wp-json\/wp\/v2\/media\/42974"}],"wp:attachment":[{"href":"https:\/\/mouldking.store\/fr\/wp-json\/wp\/v2\/media?parent=42976"}],"wp:term":[{"taxonomy":"product_cat","embeddable":true,"href":"https:\/\/mouldking.store\/fr\/wp-json\/wp\/v2\/product_cat?post=42976"},{"taxonomy":"product_tag","embeddable":true,"href":"https:\/\/mouldking.store\/fr\/wp-json\/wp\/v2\/product_tag?post=42976"}],"curies":[{"name":"wp","href":"https:\/\/api.w.org\/{rel}","templated":true}]}}