{"id":42978,"date":"2023-03-16T10:28:26","date_gmt":"2023-03-16T03:28:26","guid":{"rendered":"https:\/\/mouldking.store\/shop\/moc-factory-127524-sw-sith-temple-with-2519-pieces\/"},"modified":"2025-12-16T22:25:09","modified_gmt":"2025-12-16T15:25:09","slug":"moc-factory-127524-sw-sith-temple-with-2519-pieces","status":"publish","type":"product","link":"https:\/\/mouldking.store\/fr\/shop\/moc-factory-127524-sw-sith-temple-with-2519-pieces\/","title":{"rendered":"MOC Factory 127524 SW \u2013 Temple Sith avec 2519 pi\u00e8ces"},"content":{"rendered":"<div>\u2705 MOC-127524 SW \u2013 Temple Sith<\/p>\n<p>\u2705Dans l&#039;univers Star Wars, le Temple Sith fait r\u00e9f\u00e9rence \u00e0 divers endroits qui ont servi de centres de pouvoir et de connaissances Sith tout au long de l&#039;histoire mill\u00e9naire de l&#039;Ordre Sith. L&#039;apparence et la nature exactes de ces temples variaient selon l&#039;\u00e9poque et le lieu o\u00f9 ils \u00e9taient construits.<\/p>\n<p>\ud83d\udeabIMPORTANT !<\/p>\n<p>Nom du produit : SW \u2013 Temple Sith<\/p>\n<p>Cat\u00e9gorie : Guerres des \u00e9toiles<\/p>\n<p>Ce kit contient : MOC-127524<\/p>\n<p>2519 briques de bonne qualit\u00e9.<\/p>\n<p>Taille : 24,6 x 66 x 34,8 (goujons)<\/p>\n<p>Instructions PDF<\/p>\n<p>\ud83d\udcccNature du protagoniste<\/p>\n<p>Vous ne devriez pas manquer la pr\u00e9sentation de notre fi\u00e8re collection nomm\u00e9e &quot;SW - Sith Temple&quot;.<\/p>\n<p>Un exemple notable de temple Sith est le temple sur la plan\u00e8te de Malachor, qui a \u00e9t\u00e9 pr\u00e9sent\u00e9 dans la s\u00e9rie t\u00e9l\u00e9vis\u00e9e d&#039;animation &quot;Star Wars Rebels&quot;. Le temple de Malachor \u00e9tait une structure massive capable d&#039;exploiter et de concentrer la puissance du c\u00f4t\u00e9 obscur de la Force. C&#039;\u00e9tait aussi le site d&#039;une bataille d\u00e9vastatrice entre les Jedi et les Sith, qui a laiss\u00e9 le temple en ruines et les environs sans vie. Un autre exemple est le temple Sith sur la plan\u00e8te Exegol, qui a \u00e9t\u00e9 pr\u00e9sent\u00e9 dans le film de 2019 \u00ab Star Wars : The Rise of Skywalker \u00bb. Ce temple \u00e9tait une structure souterraine massive qui servait de bastion secret aux Sith Eternal, un culte qui cherchait \u00e0 restaurer le pouvoir des Sith et \u00e0 r\u00e9gner sur la galaxie.<\/p><\/div>","protected":false},"excerpt":{"rendered":"<p>Marque : MOC Factory<br \/>\nGenre: Unisexe<br \/>\nTranche d&#039;\u00e2ge : &gt; 12 ans<br \/>\nNum\u00e9ro de mod\u00e8le: 127524<br \/>\nClassement : Assemblage<br \/>\nForme de bloc en plastique\u00a0: briques autobloquantes<br \/>\nMat\u00e9riel: Plastique<br \/>\nType de plastique : ABS<br \/>\nBlocs de Briques : 2519 +<br \/>\nTemps d&#039;arrangement\u00a0: 4 \u00e0 8\u00a0semaines<\/p>","protected":false},"featured_media":42977,"comment_status":"open","ping_status":"closed","template":"","meta":{"_acf_changed":false},"product_cat":[1395,390,581,415,1408],"product_tag":[11099,392,434,11546,436,11001],"class_list":["product","first","instock","shipping-taxable","purchasable","product-type-simple"],"acf":[],"_links":{"self":[{"href":"https:\/\/mouldking.store\/fr\/wp-json\/wp\/v2\/product\/42978","targetHints":{"allow":["GET"]}}],"collection":[{"href":"https:\/\/mouldking.store\/fr\/wp-json\/wp\/v2\/product"}],"about":[{"href":"https:\/\/mouldking.store\/fr\/wp-json\/wp\/v2\/types\/product"}],"replies":[{"embeddable":true,"href":"https:\/\/mouldking.store\/fr\/wp-json\/wp\/v2\/comments?post=42978"}],"wp:featuredmedia":[{"embeddable":true,"href":"https:\/\/mouldking.store\/fr\/wp-json\/wp\/v2\/media\/42977"}],"wp:attachment":[{"href":"https:\/\/mouldking.store\/fr\/wp-json\/wp\/v2\/media?parent=42978"}],"wp:term":[{"taxonomy":"product_cat","embeddable":true,"href":"https:\/\/mouldking.store\/fr\/wp-json\/wp\/v2\/product_cat?post=42978"},{"taxonomy":"product_tag","embeddable":true,"href":"https:\/\/mouldking.store\/fr\/wp-json\/wp\/v2\/product_tag?post=42978"}],"curies":[{"name":"wp","href":"https:\/\/api.w.org\/{rel}","templated":true}]}}