{"id":42981,"date":"2023-03-16T10:36:41","date_gmt":"2023-03-16T03:36:41","guid":{"rendered":"https:\/\/mouldking.store\/shop\/moc-factory-141103-edoras-rohan-bundle-8-in-1-with-18894-pieces\/"},"modified":"2025-12-16T22:25:09","modified_gmt":"2025-12-16T15:25:09","slug":"moc-factory-141103-edoras-rohan-bundle-8-in-1-with-18894-pieces","status":"publish","type":"product","link":"https:\/\/mouldking.store\/fr\/shop\/moc-factory-141103-edoras-rohan-bundle-8-in-1-with-18894-pieces\/","title":{"rendered":"MOC Factory 141103 Edoras Rohan Bundle 8 en 1 avec 18894 pi\u00e8ces"},"content":{"rendered":"<div>\u2705 MOC-141103 Edoras Rohan Bundle 8 en 1<\/p>\n<p>\u2705Le lot Edoras Rohan 8 en 1 est une collection d&#039;actifs num\u00e9riques \u00e0 utiliser dans le jeu vid\u00e9o &quot;Le Seigneur des anneaux en ligne&quot;. &quot;Le Seigneur des Anneaux Online&quot; est un jeu de r\u00f4le en ligne massivement multijoueur (MMORPG) bas\u00e9 sur la s\u00e9rie &quot;Le Seigneur des Anneaux&quot; de JRR Tolkien.<\/p>\n<p>\ud83d\udeabIMPORTANT !<\/p>\n<p>Nom du produit: Edoras Rohan Bundle 8 en 1<\/p>\n<p>Cat\u00e9gorie : Film<\/p>\n<p>Ce kit contient : MOC-141103<\/p>\n<p>18894 briques de bonne qualit\u00e9.<\/p>\n<p>Instructions PDF<\/p>\n<p>\ud83d\udcccNature du protagoniste<\/p>\n<p>Vous ne devriez pas manquer la pr\u00e9sentation de notre fi\u00e8re collection nomm\u00e9e &quot;Edoras Rohan Bundle 8 en 1&quot;.<\/p>\n<p>Le pack Edoras Rohan 8 en 1 comprend divers \u00e9l\u00e9ments de jeu qui permettent aux joueurs d&#039;am\u00e9liorer leur exp\u00e9rience de jeu. Ces objets incluent une monture, un animal de compagnie, des tenues cosm\u00e9tiques, des d\u00e9corations de logement et d&#039;autres bonus. Le lot porte le nom d&#039;Edoras, la capitale du Rohan, l&#039;une des principales factions du jeu. Le pack est con\u00e7u pour offrir aux joueurs une vari\u00e9t\u00e9 d&#039;options pour personnaliser leurs personnages et leur environnement, tout en offrant des bonus et des r\u00e9compenses suppl\u00e9mentaires pour jouer au jeu. Il est disponible \u00e0 l&#039;achat sur le site Web officiel du jeu ou aupr\u00e8s de divers d\u00e9taillants num\u00e9riques.<\/p><\/div>","protected":false},"excerpt":{"rendered":"<p>Marque : MOC Factory<br \/>\nGenre: Unisexe<br \/>\nTranche d&#039;\u00e2ge : &gt; 12 ans<br \/>\nNum\u00e9ro de mod\u00e8le: 141103<br \/>\nClassement : Assemblage<br \/>\nForme de bloc en plastique\u00a0: briques autobloquantes<br \/>\nMat\u00e9riel: Plastique<br \/>\nType de plastique : ABS<br \/>\nBlocs de Briques : 18894 +<br \/>\nTemps d&#039;arrangement\u00a0: 4 \u00e0 8\u00a0semaines<\/p>","protected":false},"featured_media":42979,"comment_status":"open","ping_status":"closed","template":"","meta":{"_acf_changed":false},"product_cat":[1395,390,581,1408],"product_tag":[9635,4883,11547,11099,392,434,11548,6169],"class_list":["product","first","instock","sale","shipping-taxable","purchasable","product-type-simple"],"acf":[],"_links":{"self":[{"href":"https:\/\/mouldking.store\/fr\/wp-json\/wp\/v2\/product\/42981","targetHints":{"allow":["GET"]}}],"collection":[{"href":"https:\/\/mouldking.store\/fr\/wp-json\/wp\/v2\/product"}],"about":[{"href":"https:\/\/mouldking.store\/fr\/wp-json\/wp\/v2\/types\/product"}],"replies":[{"embeddable":true,"href":"https:\/\/mouldking.store\/fr\/wp-json\/wp\/v2\/comments?post=42981"}],"wp:featuredmedia":[{"embeddable":true,"href":"https:\/\/mouldking.store\/fr\/wp-json\/wp\/v2\/media\/42979"}],"wp:attachment":[{"href":"https:\/\/mouldking.store\/fr\/wp-json\/wp\/v2\/media?parent=42981"}],"wp:term":[{"taxonomy":"product_cat","embeddable":true,"href":"https:\/\/mouldking.store\/fr\/wp-json\/wp\/v2\/product_cat?post=42981"},{"taxonomy":"product_tag","embeddable":true,"href":"https:\/\/mouldking.store\/fr\/wp-json\/wp\/v2\/product_tag?post=42981"}],"curies":[{"name":"wp","href":"https:\/\/api.w.org\/{rel}","templated":true}]}}