{"id":43057,"date":"2023-03-16T11:38:19","date_gmt":"2023-03-16T04:38:19","guid":{"rendered":"https:\/\/mouldking.store\/shop\/mould-king-26009-rainbow-ladder-upgraded-version-motor-great-ball-contraption-%e2%85%b1-with-1281-pieces\/"},"modified":"2023-03-16T11:38:19","modified_gmt":"2023-03-16T04:38:19","slug":"mould-king-26009-rainbow-ladder-upgraded-version-motor-great-ball-contraption-%e2%85%b1-with-1281-pieces","status":"publish","type":"product","link":"https:\/\/mouldking.store\/fr\/shop\/mould-king-26009-rainbow-ladder-upgraded-version-motor-great-ball-contraption-%e2%85%b1-with-1281-pieces\/","title":{"rendered":"MOLD KING 26009 Rainbow Ladder Version am\u00e9lior\u00e9e Moteur Great Ball Contraption \u2161 avec 1281 pi\u00e8ces"},"content":{"rendered":"<div>\u2705 Mold King 26009 GBC Assembly Line Factory Rainbow Ladder Version am\u00e9lior\u00e9e Moteur Great Ball Contraption \u2161<br \/>&nbsp;<br \/>\u2705 L&#039;usine de cha\u00eene de montage GBC : Rainbow Ladder est une cr\u00e9ation de briques personnalis\u00e9es con\u00e7ue dans le cadre de la communaut\u00e9 Great Ball Contraption (GBC). Un GBC est une machine complexe en brique con\u00e7ue pour d\u00e9placer de petites billes de plastique d&#039;un endroit \u00e0 un autre \u00e0 l&#039;aide d&#039;une s\u00e9rie de composants m\u00e9caniques tels que des moteurs, des engrenages et des bandes transporteuses.<br \/>&nbsp;<br \/>\ud83d\udeabIMPORTANT !&nbsp;<br \/>&nbsp;<br \/>Nom du produit: GBC Assembly Line Factory Rainbow Ladder Version am\u00e9lior\u00e9e Moteur Great Ball Contraption \u2161<br \/>&nbsp;<br \/>Cat\u00e9gorie\u00a0: Cr\u00e9ateur&nbsp;<br \/>&nbsp;<br \/>Ce kit contient : Mold King 26009<br \/>&nbsp;<br \/>1281 pi\u00e8ces Briques de bonne qualit\u00e9&nbsp;<br \/>&nbsp;<br \/>Taille : 17,3 \u00d7 12,8 \u00d7 73,6 cm<br \/>&nbsp;<br \/>Instructions manuelles&nbsp;<br \/>&nbsp;<br \/>\ud83d\udcccNature du protagoniste&nbsp;<br \/>&nbsp;<br \/>Nous vous pr\u00e9sentons notre fi\u00e8re collection nomm\u00e9e &quot;GBC Assembly Line Factory Rainbow Ladder Upgraded Version Motor Great Ball Contraption \u2161&quot; que vous ne devriez pas manquer.&nbsp;<br \/>&nbsp;<br \/>L&#039;\u00e9chelle arc-en-ciel est un module au sein de la plus grande usine de cha\u00eene de montage GBC. Il est con\u00e7u pour d\u00e9placer les petites boules en plastique dans une boucle continue vers le haut d&#039;un escalier aux couleurs de l&#039;arc-en-ciel, compos\u00e9 d&#039;une s\u00e9rie de plaques inclin\u00e9es dispos\u00e9es en spirale. En haut de l&#039;escalier, les balles sont d\u00e9pos\u00e9es sur un tapis roulant qui les transporte vers le module suivant du GBC.<\/div>","protected":false},"excerpt":{"rendered":"<p>Marque : MOLD KING<br \/>\nGenre: Unisexe<br \/>\nTranche d&#039;\u00e2ge : &gt; 14 ans<br \/>\nNum\u00e9ro de mod\u00e8le: 26009<br \/>\nClassement : Assemblage<br \/>\nForme de bloc en plastique\u00a0: briques autobloquantes<br \/>\nMat\u00e9riel: Plastique<br \/>\nType de plastique : ABS<br \/>\nBlocs de Briques : 1281 +<br \/>\nPas de boite d&#039;origine<\/p>","protected":false},"featured_media":43052,"comment_status":"open","ping_status":"closed","template":"","meta":{"_acf_changed":false},"product_cat":[1365,371],"product_tag":[11562,11564,7291,11072,8452,9188,11563,6687,11565],"class_list":["product","first","instock","shipping-taxable","purchasable","product-type-simple"],"acf":[],"_links":{"self":[{"href":"https:\/\/mouldking.store\/fr\/wp-json\/wp\/v2\/product\/43057","targetHints":{"allow":["GET"]}}],"collection":[{"href":"https:\/\/mouldking.store\/fr\/wp-json\/wp\/v2\/product"}],"about":[{"href":"https:\/\/mouldking.store\/fr\/wp-json\/wp\/v2\/types\/product"}],"replies":[{"embeddable":true,"href":"https:\/\/mouldking.store\/fr\/wp-json\/wp\/v2\/comments?post=43057"}],"wp:featuredmedia":[{"embeddable":true,"href":"https:\/\/mouldking.store\/fr\/wp-json\/wp\/v2\/media\/43052"}],"wp:attachment":[{"href":"https:\/\/mouldking.store\/fr\/wp-json\/wp\/v2\/media?parent=43057"}],"wp:term":[{"taxonomy":"product_cat","embeddable":true,"href":"https:\/\/mouldking.store\/fr\/wp-json\/wp\/v2\/product_cat?post=43057"},{"taxonomy":"product_tag","embeddable":true,"href":"https:\/\/mouldking.store\/fr\/wp-json\/wp\/v2\/product_tag?post=43057"}],"curies":[{"name":"wp","href":"https:\/\/api.w.org\/{rel}","templated":true}]}}