{"id":43119,"date":"2023-03-17T10:08:18","date_gmt":"2023-03-17T03:08:18","guid":{"rendered":"https:\/\/mouldking.store\/shop\/moc-factory-128611-atlas-v-launchpad-with-3429-pieces\/"},"modified":"2025-12-16T22:25:08","modified_gmt":"2025-12-16T15:25:08","slug":"moc-factory-128611-atlas-v-launchpad-with-3429-pieces","status":"publish","type":"product","link":"https:\/\/mouldking.store\/fr\/shop\/moc-factory-128611-atlas-v-launchpad-with-3429-pieces\/","title":{"rendered":"MOC Factory 128611 Lanceur Atlas V avec 3429 pi\u00e8ces"},"content":{"rendered":"<div>\u2705 MOC-128611 Lanceur Atlas V<\/p>\n<p>\u2705L&#039;Atlas V Launchpad est un site de lancement sp\u00e9cifique situ\u00e9 \u00e0 la Station de la Force spatiale de Cap Canaveral en Floride, aux \u00c9tats-Unis. Il est utilis\u00e9 pour lancer des fus\u00e9es construites par United Launch Alliance (ULA), une joint-venture entre deux grandes soci\u00e9t\u00e9s a\u00e9rospatiales am\u00e9ricaines, Boeing et Lockheed Martin.<\/p>\n<p>\ud83d\udeabIMPORTANT !<\/p>\n<p>Nom du produit : rampe de lancement Atlas V<\/p>\n<p>Cat\u00e9gorie : Espace<\/p>\n<p>Ce kit contient : C9303<\/p>\n<p>3429 briques de bonne qualit\u00e9.<\/p>\n<p>Taille : 97 x 14,4 x 114,3 cm<\/p>\n<p>Poids\u00a0: 1,68\u00a0kg<\/p>\n<p>Instructions PDF<\/p>\n<p>\ud83d\udcccNature du protagoniste<\/p>\n<p>Vous ne devriez pas manquer la pr\u00e9sentation de notre fi\u00e8re collection nomm\u00e9e &quot;Atlas V Launchpad&quot;.<\/p>\n<p>L&#039;Atlas V est une famille de fus\u00e9es d\u00e9velopp\u00e9es et exploit\u00e9es par ULA. Ils sont utilis\u00e9s pour lancer une vari\u00e9t\u00e9 de charges utiles, y compris des satellites militaires et de renseignement, des missions scientifiques et des satellites de communication commerciaux. Le Launchpad Atlas V est sp\u00e9cialement con\u00e7u pour r\u00e9pondre aux exigences uniques de la famille de fus\u00e9es Atlas V. Il comprend des infrastructures sp\u00e9cialis\u00e9es et des syst\u00e8mes de soutien, tels que des \u00e9quipements de ravitaillement, des portiques de lancement et des \u00e9quipements de communication. La rampe de lancement est \u00e9galement \u00e9quip\u00e9e de syst\u00e8mes et de proc\u00e9dures de s\u00e9curit\u00e9 pour garantir que le lancement est effectu\u00e9 de mani\u00e8re s\u00fbre et fiable.<\/p><\/div>","protected":false},"excerpt":{"rendered":"<p>Marque : MOC Factory<br \/>\nGenre: Unisexe<br \/>\nTranche d&#039;\u00e2ge : &gt; 14 ans<br \/>\nNum\u00e9ro de mod\u00e8le: 128611<br \/>\nClassement : Assemblage<br \/>\nForme de bloc en plastique\u00a0: briques autobloquantes<br \/>\nMat\u00e9riel: Plastique<br \/>\nType de plastique : ABS<br \/>\nBlocs de Briques : 3429 +<br \/>\nPas de boite d&#039;origine<\/p>","protected":false},"featured_media":43110,"comment_status":"open","ping_status":"closed","template":"","meta":{"_acf_changed":false},"product_cat":[1357,6016,364],"product_tag":[11559,11576,11577,2276,389],"class_list":["product","first","instock","shipping-taxable","purchasable","product-type-simple"],"acf":[],"_links":{"self":[{"href":"https:\/\/mouldking.store\/fr\/wp-json\/wp\/v2\/product\/43119","targetHints":{"allow":["GET"]}}],"collection":[{"href":"https:\/\/mouldking.store\/fr\/wp-json\/wp\/v2\/product"}],"about":[{"href":"https:\/\/mouldking.store\/fr\/wp-json\/wp\/v2\/types\/product"}],"replies":[{"embeddable":true,"href":"https:\/\/mouldking.store\/fr\/wp-json\/wp\/v2\/comments?post=43119"}],"wp:featuredmedia":[{"embeddable":true,"href":"https:\/\/mouldking.store\/fr\/wp-json\/wp\/v2\/media\/43110"}],"wp:attachment":[{"href":"https:\/\/mouldking.store\/fr\/wp-json\/wp\/v2\/media?parent=43119"}],"wp:term":[{"taxonomy":"product_cat","embeddable":true,"href":"https:\/\/mouldking.store\/fr\/wp-json\/wp\/v2\/product_cat?post=43119"},{"taxonomy":"product_tag","embeddable":true,"href":"https:\/\/mouldking.store\/fr\/wp-json\/wp\/v2\/product_tag?post=43119"}],"curies":[{"name":"wp","href":"https:\/\/api.w.org\/{rel}","templated":true}]}}