{"id":43150,"date":"2023-03-17T10:47:01","date_gmt":"2023-03-17T03:47:01","guid":{"rendered":"https:\/\/mouldking.store\/shop\/moc-factory-121937-the-expanse-donnager-class-with-1904-pieces\/"},"modified":"2025-12-16T22:25:08","modified_gmt":"2025-12-16T15:25:08","slug":"moc-factory-121937-the-expanse-donnager-class-with-1904-pieces","status":"publish","type":"product","link":"https:\/\/mouldking.store\/fr\/shop\/moc-factory-121937-the-expanse-donnager-class-with-1904-pieces\/","title":{"rendered":"MOC Factory 121937 The Expanse Donnager-class avec 1904 pi\u00e8ces"},"content":{"rendered":"<div>\u2705 MOC-121937 La classe Expanse Donnager<\/p>\n<p>\u2705La classe Donnager est un navire de guerre fictif de la s\u00e9rie t\u00e9l\u00e9vis\u00e9e de science-fiction &quot;The Expanse&quot;. C&#039;est un type de cuirass\u00e9 utilis\u00e9 par la Martian Congressional Republic Navy (MCRN) et c&#039;est le navire de guerre le plus avanc\u00e9 de la flotte MCRN.<\/p>\n<p>\ud83d\udeabIMPORTANT !<\/p>\n<p>Nom du produit : la classe Expanse Donnager<\/p>\n<p>Cat\u00e9gorie : Espace<\/p>\n<p>Ce kit contient : C9365<\/p>\n<p>1904 pi\u00e8ces Briques de bonne qualit\u00e9<\/p>\n<p>Taille : 56 x 10 x 16 cm<\/p>\n<p>Poids\u00a0: 1,41\u00a0kg<\/p>\n<p>Instructions PDF<\/p>\n<p>\ud83d\udcccNature du protagoniste<\/p>\n<p>Vous ne devriez pas manquer la pr\u00e9sentation de notre fi\u00e8re collection nomm\u00e9e &quot;The Expanse Donnager-class&quot;.<\/p>\n<p>La classe Donnager est lourdement arm\u00e9e et blind\u00e9e, avec un \u00e9quipage de plus de 100 membres de la marine martienne. Le navire est \u00e9quip\u00e9 de syst\u00e8mes d&#039;armes avanc\u00e9s, notamment des canons \u00e0 rails, des lanceurs de missiles et des tourelles de d\u00e9fense ponctuelle. Il dispose \u00e9galement d&#039;un puissant syst\u00e8me d&#039;entra\u00eenement qui lui permet de se d\u00e9placer \u00e0 grande vitesse dans l&#039;espace.<\/p><\/div>","protected":false},"excerpt":{"rendered":"<p>Marque : MOC Factory<br \/>\nGenre: Unisexe<br \/>\nTranche d&#039;\u00e2ge : &gt; 14 ans<br \/>\nNum\u00e9ro de mod\u00e8le: 121937<br \/>\nClassement : Assemblage<br \/>\nForme de bloc en plastique\u00a0: briques autobloquantes<br \/>\nMat\u00e9riel: Plastique<br \/>\nType de plastique : ABS<br \/>\nBlocs de Briques : 1904 +<br \/>\nPas de boite d&#039;origine<\/p>","protected":false},"featured_media":43142,"comment_status":"open","ping_status":"closed","template":"","meta":{"_acf_changed":false},"product_cat":[1357,6016,364],"product_tag":[11262,11578,11239,2276,389,11162],"class_list":["product","first","instock","shipping-taxable","purchasable","product-type-simple"],"acf":[],"_links":{"self":[{"href":"https:\/\/mouldking.store\/fr\/wp-json\/wp\/v2\/product\/43150","targetHints":{"allow":["GET"]}}],"collection":[{"href":"https:\/\/mouldking.store\/fr\/wp-json\/wp\/v2\/product"}],"about":[{"href":"https:\/\/mouldking.store\/fr\/wp-json\/wp\/v2\/types\/product"}],"replies":[{"embeddable":true,"href":"https:\/\/mouldking.store\/fr\/wp-json\/wp\/v2\/comments?post=43150"}],"wp:featuredmedia":[{"embeddable":true,"href":"https:\/\/mouldking.store\/fr\/wp-json\/wp\/v2\/media\/43142"}],"wp:attachment":[{"href":"https:\/\/mouldking.store\/fr\/wp-json\/wp\/v2\/media?parent=43150"}],"wp:term":[{"taxonomy":"product_cat","embeddable":true,"href":"https:\/\/mouldking.store\/fr\/wp-json\/wp\/v2\/product_cat?post=43150"},{"taxonomy":"product_tag","embeddable":true,"href":"https:\/\/mouldking.store\/fr\/wp-json\/wp\/v2\/product_tag?post=43150"}],"curies":[{"name":"wp","href":"https:\/\/api.w.org\/{rel}","templated":true}]}}