{"id":43169,"date":"2023-03-17T11:00:19","date_gmt":"2023-03-17T04:00:19","guid":{"rendered":"https:\/\/mouldking.store\/shop\/moc-factory-89433-battletech-military-armor-with-176-pieces\/"},"modified":"2025-12-16T22:25:07","modified_gmt":"2025-12-16T15:25:07","slug":"moc-factory-89433-battletech-military-armor-with-176-pieces","status":"publish","type":"product","link":"https:\/\/mouldking.store\/fr\/shop\/moc-factory-89433-battletech-military-armor-with-176-pieces\/","title":{"rendered":"MOC Factory 89433 BattleTech Armure militaire avec 176 pi\u00e8ces"},"content":{"rendered":"<div>\u2705 Armure militaire BattleTech MOC-89433<\/p>\n<p>\u2705Pr\u00e9parez-vous \u00e0 dominer le champ de bataille avec BattleTech Military Armor\u00a0! Cet ensemble de blocs de construction MOC de la s\u00e9rie Mech est votre arme ultime de choix.<\/p>\n<p>\ud83d\udeabIMPORTANT !<\/p>\n<p>Nom du produit : armure militaire BattleTech.<\/p>\n<p>Cat\u00e9gorie\u00a0: Cr\u00e9ateur<\/p>\n<p>Ce kit contient : C9373<\/p>\n<p>176 briques de bonne qualit\u00e9.<\/p>\n<p>Taille : 8,8 x 6,9 x 10,1 cm<\/p>\n<p>Poids\u00a0: 0,06\u00a0kg<\/p>\n<p>Instructions PDF<\/p>\n<p>\ud83d\udcccNature du protagoniste<\/p>\n<p>Vous ne devriez pas manquer la pr\u00e9sentation de notre fi\u00e8re collection nomm\u00e9e &quot;BattleTech Military Armor&quot;.<\/p>\n<p>Avec son design complexe et ses d\u00e9tails pr\u00e9cis, vous vous sentirez comme un v\u00e9ritable commandant en chef alors que vous menez vos troupes \u00e0 la victoire. Con\u00e7u pour les amateurs de cr\u00e9ation qui n&#039;exigent que le meilleur, cet ensemble d&#039;armures satisfera s\u00fbrement votre soif d&#039;aventure et de d\u00e9fi. Alors pr\u00e9parez-vous, soldat, il est temps de revendiquer votre place dans l&#039;histoire\u00a0!<\/p><\/div>","protected":false},"excerpt":{"rendered":"<p>Marque : MOC Factory<br \/>\nGenre: Unisexe<br \/>\nTranche d&#039;\u00e2ge : &gt; 6 ans<br \/>\nNum\u00e9ro de mod\u00e8le: 89433<br \/>\nClassement : Assemblage<br \/>\nForme de bloc en plastique\u00a0: briques autobloquantes<br \/>\nMat\u00e9riel: Plastique<br \/>\nType de plastique : ABS<br \/>\nBlocs de briques : 176 +<br \/>\nPas de boite d&#039;origine<\/p>","protected":false},"featured_media":43162,"comment_status":"open","ping_status":"closed","template":"","meta":{"_acf_changed":false},"product_cat":[1365,1350,371,372],"product_tag":[11148,9077,11072,8452,11233,374,11339],"class_list":["product","first","instock","shipping-taxable","purchasable","product-type-simple"],"acf":[],"_links":{"self":[{"href":"https:\/\/mouldking.store\/fr\/wp-json\/wp\/v2\/product\/43169","targetHints":{"allow":["GET"]}}],"collection":[{"href":"https:\/\/mouldking.store\/fr\/wp-json\/wp\/v2\/product"}],"about":[{"href":"https:\/\/mouldking.store\/fr\/wp-json\/wp\/v2\/types\/product"}],"replies":[{"embeddable":true,"href":"https:\/\/mouldking.store\/fr\/wp-json\/wp\/v2\/comments?post=43169"}],"wp:featuredmedia":[{"embeddable":true,"href":"https:\/\/mouldking.store\/fr\/wp-json\/wp\/v2\/media\/43162"}],"wp:attachment":[{"href":"https:\/\/mouldking.store\/fr\/wp-json\/wp\/v2\/media?parent=43169"}],"wp:term":[{"taxonomy":"product_cat","embeddable":true,"href":"https:\/\/mouldking.store\/fr\/wp-json\/wp\/v2\/product_cat?post=43169"},{"taxonomy":"product_tag","embeddable":true,"href":"https:\/\/mouldking.store\/fr\/wp-json\/wp\/v2\/product_tag?post=43169"}],"curies":[{"name":"wp","href":"https:\/\/api.w.org\/{rel}","templated":true}]}}