{"id":43205,"date":"2023-03-17T11:38:45","date_gmt":"2023-03-17T04:38:45","guid":{"rendered":"https:\/\/mouldking.store\/shop\/sembo-ab0004-yu-gi-oh-blue-eyes-white-dragon-with-2000-pieces\/"},"modified":"2023-03-17T11:38:45","modified_gmt":"2023-03-17T04:38:45","slug":"sembo-ab0004-yu-gi-oh-blue-eyes-white-dragon-with-2000-pieces","status":"publish","type":"product","link":"https:\/\/mouldking.store\/fr\/shop\/sembo-ab0004-yu-gi-oh-blue-eyes-white-dragon-with-2000-pieces\/","title":{"rendered":"SEMBO AB0004 Yu-Gi-Oh : Dragon blanc aux yeux bleus avec 2000 pi\u00e8ces"},"content":{"rendered":"<div>\u2705 SEMBO AB0004 Yu-Gi-Oh : Dragon Blanc aux Yeux Bleus<br \/>&nbsp;<br \/>\u2705&quot;Blue-Eyes White Dragon&quot; est une carte du jeu de cartes \u00e0 collectionner et de la s\u00e9rie anim\u00e9e &quot;Yu-Gi-Oh!&quot;. C&#039;est l&#039;une des cartes les plus embl\u00e9matiques et les plus reconnaissables du jeu, et elle est souvent associ\u00e9e au protagoniste de la s\u00e9rie, Yugi Moto.<br \/>&nbsp;<br \/>\ud83d\udeabIMPORTANT !&nbsp;<br \/>&nbsp;<br \/>Nom du produit : Yu-Gi-Oh : Dragon blanc aux yeux bleus<br \/>&nbsp;<br \/>Cat\u00e9gorie\u00a0: Cr\u00e9ateur&nbsp;<br \/>&nbsp;<br \/>Ce kit contient : SEMBO AB0004<br \/>&nbsp;<br \/>2000 briques de bonne qualit\u00e9.&nbsp;<br \/>&nbsp;<br \/>Taille : 51,2 \u00d7 38,4 \u00d7 28,8 cm<br \/>&nbsp;<br \/>Instructions manuelles&nbsp;<br \/>&nbsp;<br \/>\ud83d\udcccNature du protagoniste&nbsp;<br \/>&nbsp;<br \/>Vous ne devriez pas manquer la pr\u00e9sentation de notre fi\u00e8re collection nomm\u00e9e &quot;Yu-Gi-Oh\u00a0: Blue-Eyes White Dragon&quot;.&nbsp;<br \/>&nbsp;<br \/>Le Blue-Eyes White Dragon est un puissant monstre de type dragon avec 3000 points d&#039;attaque et 2500 points de d\u00e9fense, ce qui en fait l&#039;un des monstres les plus puissants du jeu. Il se distingue \u00e9galement par son apparence saisissante, avec des \u00e9cailles bleues, des ailes blanches et des yeux bleus per\u00e7ants. Dans le Yu-Gi-Oh! s\u00e9rie anim\u00e9e, le Blue-Eyes White Dragon est l&#039;une des cartes de signature de Seto Kaiba, un rival et alli\u00e9 occasionnel de Yugi Moto. Kaiba est obs\u00e9d\u00e9 par le Dragon Blanc aux Yeux Bleus, et son deck comprend souvent plusieurs copies de la carte.<\/div>","protected":false},"excerpt":{"rendered":"<p>Marque : SEMBO<br \/>\nGenre: Unisexe<br \/>\nTranche d&#039;\u00e2ge : &gt; 6 ans<br \/>\nNum\u00e9ro de mod\u00e8le: AB0004<br \/>\nClassement : Assemblage<br \/>\nForme de bloc en plastique\u00a0: briques autobloquantes<br \/>\nMat\u00e9riel: Plastique<br \/>\nType de plastique : ABS<br \/>\nBlocs de briques : 2000 +<br \/>\nPas de boite d&#039;origine<\/p>","protected":false},"featured_media":43200,"comment_status":"open","ping_status":"closed","template":"","meta":{"_acf_changed":false},"product_cat":[1365,371],"product_tag":[11587,11072,8452,1771,1461,11586],"class_list":["product","first","instock","shipping-taxable","purchasable","product-type-simple"],"acf":[],"_links":{"self":[{"href":"https:\/\/mouldking.store\/fr\/wp-json\/wp\/v2\/product\/43205","targetHints":{"allow":["GET"]}}],"collection":[{"href":"https:\/\/mouldking.store\/fr\/wp-json\/wp\/v2\/product"}],"about":[{"href":"https:\/\/mouldking.store\/fr\/wp-json\/wp\/v2\/types\/product"}],"replies":[{"embeddable":true,"href":"https:\/\/mouldking.store\/fr\/wp-json\/wp\/v2\/comments?post=43205"}],"wp:featuredmedia":[{"embeddable":true,"href":"https:\/\/mouldking.store\/fr\/wp-json\/wp\/v2\/media\/43200"}],"wp:attachment":[{"href":"https:\/\/mouldking.store\/fr\/wp-json\/wp\/v2\/media?parent=43205"}],"wp:term":[{"taxonomy":"product_cat","embeddable":true,"href":"https:\/\/mouldking.store\/fr\/wp-json\/wp\/v2\/product_cat?post=43205"},{"taxonomy":"product_tag","embeddable":true,"href":"https:\/\/mouldking.store\/fr\/wp-json\/wp\/v2\/product_tag?post=43205"}],"curies":[{"name":"wp","href":"https:\/\/api.w.org\/{rel}","templated":true}]}}